{"id":25736,"date":"2025-12-01T07:20:20","date_gmt":"2025-12-01T04:20:20","guid":{"rendered":"https:\/\/www.makitamarket.com.tr\/site\/urun\/makita-dhr243rtjw-dhr243rtjw-akulu-kirici-delici\/"},"modified":"2026-04-06T18:31:57","modified_gmt":"2026-04-06T15:31:57","slug":"makita-dhr243rtjw-dhr243rtjw-akulu-kirici-delici","status":"publish","type":"product","link":"https:\/\/www.makitamarket.com.tr\/site\/urun\/makita-dhr243rtjw-dhr243rtjw-akulu-kirici-delici\/","title":{"rendered":"Makita DHR243RTJW DHR243RTJW Ak\u00fcl\u00fc-K\u0131r\u0131c\u0131 Delici"},"content":{"rendered":"<table>\n<tr>\n<td>Toplam Uzunluk<\/td>\n<td>353 mm<\/td>\n<\/tr>\n<tr>\n<td>Delme \u00c7ap\u0131<\/td>\n<td>Beton: 24 mm \u00c7elik: 13 mm Ah\u015fap: 27 mm<\/td>\n<\/tr>\n<tr>\n<td>Net A\u011f\u0131rl\u0131k<\/td>\n<td>3.2-3.7 kg<\/td>\n<\/tr>\n<tr>\n<td>Batarya<\/td>\n<td>BL1850B<\/td>\n<\/tr>\n<tr>\n<td>Bo\u015fta Devir<\/td>\n<td>0-950 d\/dk<\/td>\n<\/tr>\n<tr>\n<td>\u015earj Cihaz\u0131<\/td>\n<td>DC18RC<\/td>\n<\/tr>\n<tr>\n<td>Darbe say\u0131s\u0131<\/td>\n<td>0-4700<\/td>\n<\/tr>\n<\/table>\n","protected":false},"excerpt":{"rendered":"<p>Toplam Uzunluk 353 mm Delme \u00c7ap\u0131 Beton: 24 mm \u00c7elik: 13 mm Ah\u015fap: 27 mm Net A\u011f\u0131rl\u0131k 3.2-3.7 kg Batarya BL1850B Bo\u015fta Devir 0-950 d\/dk \u015earj Cihaz\u0131 DC18RC Darbe say\u0131s\u0131<\/p>\n","protected":false},"featured_media":0,"comment_status":"open","ping_status":"closed","template":"","meta":{"_acf_changed":false},"product_brand":[1485],"product_cat":[1565],"product_tag":[],"class_list":{"0":"post-25736","1":"product","2":"type-product","3":"status-publish","5":"product_brand-makita","6":"product_cat-yok-yok","8":"first","9":"instock","10":"taxable","11":"shipping-taxable","12":"purchasable","13":"product-type-simple","14":"add-to-wishlist-after_add_to_cart"},"acf":[],"_links":{"self":[{"href":"https:\/\/www.makitamarket.com.tr\/site\/wp-json\/wp\/v2\/product\/25736","targetHints":{"allow":["GET"]}}],"collection":[{"href":"https:\/\/www.makitamarket.com.tr\/site\/wp-json\/wp\/v2\/product"}],"about":[{"href":"https:\/\/www.makitamarket.com.tr\/site\/wp-json\/wp\/v2\/types\/product"}],"replies":[{"embeddable":true,"href":"https:\/\/www.makitamarket.com.tr\/site\/wp-json\/wp\/v2\/comments?post=25736"}],"wp:attachment":[{"href":"https:\/\/www.makitamarket.com.tr\/site\/wp-json\/wp\/v2\/media?parent=25736"}],"wp:term":[{"taxonomy":"product_brand","embeddable":true,"href":"https:\/\/www.makitamarket.com.tr\/site\/wp-json\/wp\/v2\/product_brand?post=25736"},{"taxonomy":"product_cat","embeddable":true,"href":"https:\/\/www.makitamarket.com.tr\/site\/wp-json\/wp\/v2\/product_cat?post=25736"},{"taxonomy":"product_tag","embeddable":true,"href":"https:\/\/www.makitamarket.com.tr\/site\/wp-json\/wp\/v2\/product_tag?post=25736"}],"curies":[{"name":"wp","href":"https:\/\/api.w.org\/{rel}","templated":true}]}}