{"id":25739,"date":"2025-12-01T07:20:24","date_gmt":"2025-12-01T04:20:24","guid":{"rendered":"https:\/\/www.makitamarket.com.tr\/site\/urun\/makita-dml814-fener-18v\/"},"modified":"2026-04-13T23:57:50","modified_gmt":"2026-04-13T20:57:50","slug":"makita-dml814-fener-18v","status":"publish","type":"product","link":"https:\/\/www.makitamarket.com.tr\/site\/urun\/makita-dml814-fener-18v\/","title":{"rendered":"Makita DML814 FENER 18V"},"content":{"rendered":"<p><strong class=\"red-title\" style=\"font-size: 16px;\">A\u00e7\u0131klama:<\/strong> <span><\/p>\n<p>Model DML814<\/p>\n<p>Fener<\/p>\n<p>14,4V \/ 18 V \u2022 1 250 lx<\/p>\n<p><span style=\"color: rgb(0, 112, 192);\">Nokta veya alan ayd\u0131nlatmas\u0131 i\u00e7in ayarlanabilir y\u00fcksekli\u011fe sahip fener<\/span><\/p>\n<p>Bu \u00e7al\u0131\u015fma lambas\u0131nda 12 LED bulunur ve spot ayd\u0131nlatma veya alan ayd\u0131nlatmas\u0131 i\u00e7in kullan\u0131labilir ve y\u00fcksek modda 3.000 l\u00fcmen verir. G\u00fcn \u0131\u015f\u0131\u011f\u0131 beyaz\u0131 rengi do\u011fal \u0131\u015f\u0131\u011fa benzer ve \u00e7al\u0131\u015fma alanlar\u0131 i\u00e7in idealdir. I\u015f\u0131k y\u00fcksekli\u011fini 125 \u2013 224 cm aras\u0131nda ayarlayabilen kolay \u00e7al\u0131\u015ft\u0131r\u0131labilir tripod stand\u0131 mevcuttur. 5.0Ah ile aral\u0131ks\u0131z 10 saat kullan\u0131labilir.<\/p>\n<p><u>\u00d6zellikleri:<\/u><\/p>\n<p>Ak\u00fcl\u00fc yap\u0131s\u0131 kullan\u0131c\u0131ya kablosuz kullan\u0131m imkan\u0131 sunar ve bu sayede kullan\u0131c\u0131lar geni\u015f alanlarda kablo s\u0131n\u0131rlamalar\u0131 olmadan rahat\u00e7a \u00e7al\u0131\u015fabilirler.<\/p>\n<ol>\n<li data-list=\"ordered\"><span class=\"ql-ui\" contenteditable=\"false\"><\/span>Plastik ta\u015f\u0131ma \u00e7antal\u0131d\u0131r.<\/li>\n<\/ol>\n<p>S\u00fcrekli Kullan\u0131m: 10 saat 5.0Ah<\/p>\n<p>L\u00fcmen:900\/1700\/3000<\/p>\n<p>G\u00fc\u00e7-kapasite:230V<\/p>\n<p>Net a\u011f\u0131rl\u0131k:7.4-8.1 kg<\/p>\n<p>Ak\u00fc:BL1830-1860 aras\u0131<\/p>\n<p>\u015earj Cihaz\u0131:DC18RC<\/p>\n<p><span style=\"color: red;\">Ambalaj i\u00e7eri\u011finde ak\u00fc ve ak\u00fc \u015farj cihaz\u0131 bulunmamaktad\u0131r.<\/span><\/p>\n<p><span style=\"color: red;\">IP55 su ve toza dayan\u0131kl\u0131l\u0131k<\/span><\/p>\n<p><\/span><strong class=\"red-title\" style=\"font-size: 16px;\">Kullan\u0131m Amac\u0131:<\/strong> <span><\/p>\n<p><\/p>\n<p><\/span><strong class=\"red-title\" style=\"font-size: 16px;\">\u00d6zellikler:<\/strong> <span><\/p>\n<p><\/p>\n<p><\/span><strong class=\"red-title\" style=\"font-size: 16px;\">Paket \u0130\u00e7eri\u011fi:<\/strong> <span><\/p>\n<p><\/p>\n<p><\/span><\/p>\n<table>\n<tr>\n<td>S\u00fcrekli Kullan\u0131m<\/td>\n<td>10 saat 5.0 Ah<\/td>\n<\/tr>\n<tr>\n<td>L\u00fcmen<\/td>\n<td>900\/1700\/3000<\/td>\n<\/tr>\n<tr>\n<td>G\u00fc\u00e7 kapasite<\/td>\n<td>230V<\/td>\n<\/tr>\n<tr>\n<td>Ak\u00fc<\/td>\n<td>BL1830-1860 aras\u0131<\/td>\n<\/tr>\n<tr>\n<td>\u015earj Cihaz\u0131<\/td>\n<td>DC18RC<\/td>\n<\/tr>\n<\/table>\n","protected":false},"excerpt":{"rendered":"<p><strong class=\"red-title\" style=\"font-size: 16px;\">A\u00e7\u0131klama:<\/strong> <span><\/p>\n<p>Model DML814<\/p>\n<p>Fener<\/p>\n<p>14,4V \/ 18 V \u2022 1 250 lx<\/p>\n<p><span style=\"color: rgb(0, 112, 192);\">Nokta veya alan ayd\u0131nlatmas\u0131 i\u00e7in ayarlanabilir y\u00fcksekli\u011fe sahip fener<\/span><\/p>\n<p>Bu \u00e7al\u0131\u015fma lambas\u0131nda 12 LED bulunur ve spot ayd\u0131nlatma veya alan ayd\u0131nlatmas\u0131 i\u00e7in kullan\u0131labilir ve y\u00fcksek modda 3.000 l\u00fcmen verir. G\u00fcn \u0131\u015f\u0131\u011f\u0131 beyaz\u0131 rengi do\u011fal \u0131\u015f\u0131\u011fa benzer ve \u00e7al\u0131\u015fma alanlar\u0131 i\u00e7in idealdir. I\u015f\u0131k y\u00fcksekli\u011fini 125 \u2013 224 cm aras\u0131nda ayarlayabilen kolay \u00e7al\u0131\u015ft\u0131r\u0131labilir tripod stand\u0131 mevcuttur. 5.0Ah ile aral\u0131ks\u0131z 10 saat kullan\u0131labilir.<\/p>\n<p><u>\u00d6zellikleri:<\/u><\/p>\n<p>Ak\u00fcl\u00fc yap\u0131s\u0131 kullan\u0131c\u0131ya kablosuz kullan\u0131m imkan\u0131 sunar ve bu sayede kullan\u0131c\u0131lar geni\u015f alanlarda kablo s\u0131n\u0131rlamalar\u0131 olmadan rahat\u00e7a \u00e7al\u0131\u015fabilirler.<\/p>\n<ol>\n<li data-list=\"ordered\"><span class=\"ql-ui\" contenteditable=\"false\"><\/span>Plastik ta\u015f\u0131ma \u00e7antal\u0131d\u0131r.<\/li>\n<\/ol>\n<p>S\u00fcrekli Kullan\u0131m: 10 saat 5.0Ah<\/p>\n<p>L\u00fcmen:900\/1700\/3000<\/p>\n<p>G\u00fc\u00e7-kapasite:230V<\/p>\n<p>Net a\u011f\u0131rl\u0131k:7.4-8.1 kg<\/p>\n<p>Ak\u00fc:BL1830-1860 aras\u0131<\/p>\n<p>\u015earj Cihaz\u0131:DC18RC<\/p>\n<p><span style=\"color: red;\">Ambalaj i\u00e7eri\u011finde ak\u00fc ve ak\u00fc \u015farj cihaz\u0131 bulunmamaktad\u0131r.<\/span><\/p>\n<p><span style=\"color: red;\">IP55 su ve toza dayan\u0131kl\u0131l\u0131k<\/span><\/p>\n<p><\/span><strong class=\"red-title\" style=\"font-size: 16px;\">Kullan\u0131m Amac\u0131:<\/strong> <span><\/p>\n<p><\/p>\n<p><\/span><strong class=\"red-title\" style=\"font-size: 16px;\">\u00d6zellikler:<\/strong> <span><\/p>\n<p><\/p>\n<p><\/span><strong class=\"red-title\" style=\"font-size: 16px;\">Paket \u0130\u00e7eri\u011fi:<\/strong> <span><\/p>\n<p><\/p>\n<p><\/span><\/p>\n","protected":false},"featured_media":25738,"comment_status":"open","ping_status":"closed","template":"","meta":{"_acf_changed":false},"product_brand":[1485],"product_cat":[1565],"product_tag":[],"class_list":{"0":"post-25739","1":"product","2":"type-product","3":"status-publish","4":"has-post-thumbnail","6":"product_brand-makita","7":"product_cat-yok-yok","9":"first","10":"outofstock","11":"taxable","12":"shipping-taxable","13":"purchasable","14":"product-type-simple","15":"add-to-wishlist-after_add_to_cart"},"acf":[],"_links":{"self":[{"href":"https:\/\/www.makitamarket.com.tr\/site\/wp-json\/wp\/v2\/product\/25739","targetHints":{"allow":["GET"]}}],"collection":[{"href":"https:\/\/www.makitamarket.com.tr\/site\/wp-json\/wp\/v2\/product"}],"about":[{"href":"https:\/\/www.makitamarket.com.tr\/site\/wp-json\/wp\/v2\/types\/product"}],"replies":[{"embeddable":true,"href":"https:\/\/www.makitamarket.com.tr\/site\/wp-json\/wp\/v2\/comments?post=25739"}],"wp:featuredmedia":[{"embeddable":true,"href":"https:\/\/www.makitamarket.com.tr\/site\/wp-json\/wp\/v2\/media\/25738"}],"wp:attachment":[{"href":"https:\/\/www.makitamarket.com.tr\/site\/wp-json\/wp\/v2\/media?parent=25739"}],"wp:term":[{"taxonomy":"product_brand","embeddable":true,"href":"https:\/\/www.makitamarket.com.tr\/site\/wp-json\/wp\/v2\/product_brand?post=25739"},{"taxonomy":"product_cat","embeddable":true,"href":"https:\/\/www.makitamarket.com.tr\/site\/wp-json\/wp\/v2\/product_cat?post=25739"},{"taxonomy":"product_tag","embeddable":true,"href":"https:\/\/www.makitamarket.com.tr\/site\/wp-json\/wp\/v2\/product_tag?post=25739"}],"curies":[{"name":"wp","href":"https:\/\/api.w.org\/{rel}","templated":true}]}}