{"id":25741,"date":"2025-12-01T07:20:25","date_gmt":"2025-12-01T04:20:25","guid":{"rendered":"https:\/\/www.makitamarket.com.tr\/site\/urun\/makita-dpv300z-zimparalama-parlatma-makinasi-18v\/"},"modified":"2026-04-06T18:33:01","modified_gmt":"2026-04-06T15:33:01","slug":"makita-dpv300z-zimparalama-parlatma-makinasi-18v","status":"publish","type":"product","link":"https:\/\/www.makitamarket.com.tr\/site\/urun\/makita-dpv300z-zimparalama-parlatma-makinasi-18v\/","title":{"rendered":"Makita DPV300Z ZIMPARALAMA \/ PARLATMA MAK\u0130NASI 18V"},"content":{"rendered":"<p>Model DPV300Z<\/p>\n<p>El tipi Polisaj Makinas\u0131<\/p>\n<p>18V \u2022 50 \/ 75 mm \u2022 0 &#8211; 2 800 \/ 9.500 dak\u02c9\u00b9<\/p>\n<p><span style=\"color: rgb(0, 112, 192);\">Kompakt ve g\u00fc\u00e7l\u00fc Z\u0131mpara\/Parlat\u0131c\u0131 LXT\u00ae<\/span><\/p>\n<p>DPV300 El tipi polisaj makinas\u0131 LXT\u00ae \u00e7e\u015fitli i\u015flemler i\u00e7in uygundur, kullan\u0131m\u0131 kolayd\u0131r ve a\u011f\u0131r y\u00fck alt\u0131nda s\u00fcrekli olarak \u00e7al\u0131\u015f\u0131r. De\u011fi\u015fken 2 h\u0131zl\u0131 anahtar ve Elektronik h\u0131z kontrol\u00fc, profesyonel bir y\u00fczey i\u00e7in kritik olan y\u00fck alt\u0131nda sabit h\u0131z\u0131 korur.<\/p>\n<p><u>\u00d6zellikleri:<\/u><\/p>\n<p>18v<\/p>\n<p>Ak\u00fcl\u00fc yap\u0131s\u0131 kullan\u0131c\u0131ya kablosuz kullan\u0131m imkan\u0131 sunar ve bu sayede kullan\u0131c\u0131lar geni\u015f alanlarda kablo s\u0131n\u0131rlamalar\u0131 olmadan rahat\u00e7a \u00e7al\u0131\u015fabilirler.<\/p>\n<p><span style=\"color: red;\">Kullan\u0131m amac\u0131: <\/span>Alet polisaj, boyama \u00f6ncesi p\u00fcr\u00fczleri giderme, y\u00fczeylerde finisaj, pas ve boyay\u0131 \u00e7\u0131karmak i\u00e7in tasarlanm\u0131\u015ft\u0131r.<\/p>\n<ol>\n<li data-list=\"ordered\"><span class=\"ql-ui\" contenteditable=\"false\"><\/span>De\u011fi\u015fken h\u0131z \u00f6zelli\u011fi vard\u0131r.<\/li>\n<li data-list=\"ordered\"><span class=\"ql-ui\" contenteditable=\"false\"><\/span>Manuel 2 h\u0131z mevcuttur.<\/li>\n<li data-list=\"ordered\"><span class=\"ql-ui\" contenteditable=\"false\"><\/span><span style=\"color: black;\">Sabit h\u0131z \u00f6zelli\u011fi vard\u0131r.<\/span><\/li>\n<li data-list=\"ordered\"><span class=\"ql-ui\" contenteditable=\"false\"><\/span>Plastik ta\u015f\u0131ma \u00e7antal\u0131d\u0131r.<\/li>\n<\/ol>\n<p><span style=\"color: red;\">Ambalaj i\u00e7eri\u011finde ak\u00fc ve ak\u00fc \u015farj cihaz\u0131 bulunmamaktad\u0131r.<\/span><\/p>\n<table>\n<tr>\n<td>Disk \u00c7ap\u0131<\/td>\n<td>50<\/td>\n<\/tr>\n<tr>\n<td>Bo\u015fta Devir<\/td>\n<td>0-2.800 devir\/dk<\/td>\n<\/tr>\n<tr>\n<td>Net A\u011f\u0131rl\u0131k<\/td>\n<td>1.6<\/td>\n<\/tr>\n<tr>\n<td>G\u00fc\u00e7 kapasite<\/td>\n<td>18V\/Li-ion<\/td>\n<\/tr>\n<tr>\n<td>Koli \u0130\u00e7i Adedi<\/td>\n<td>1<\/td>\n<\/tr>\n<\/table>\n","protected":false},"excerpt":{"rendered":"<p>Model DPV300Z<\/p>\n<p>El tipi Polisaj Makinas\u0131<\/p>\n<p>18V \u2022 50 \/ 75 mm \u2022 0 &#8211; 2 800 \/ 9.500 dak\u02c9\u00b9<\/p>\n<p><span style=\"color: rgb(0, 112, 192);\">Kompakt ve g\u00fc\u00e7l\u00fc Z\u0131mpara\/Parlat\u0131c\u0131 LXT\u00ae<\/span><\/p>\n<p>DPV300 El tipi polisaj makinas\u0131 LXT\u00ae \u00e7e\u015fitli i\u015flemler i\u00e7in uygundur, kullan\u0131m\u0131 kolayd\u0131r ve a\u011f\u0131r y\u00fck alt\u0131nda s\u00fcrekli olarak \u00e7al\u0131\u015f\u0131r. De\u011fi\u015fken 2 h\u0131zl\u0131 anahtar ve Elektronik h\u0131z kontrol\u00fc, profesyonel bir y\u00fczey i\u00e7in kritik olan y\u00fck alt\u0131nda sabit h\u0131z\u0131 korur.<\/p>\n<p><u>\u00d6zellikleri:<\/u><\/p>\n<p>18v<\/p>\n<p>Ak\u00fcl\u00fc yap\u0131s\u0131 kullan\u0131c\u0131ya kablosuz kullan\u0131m imkan\u0131 sunar ve bu sayede kullan\u0131c\u0131lar geni\u015f alanlarda kablo s\u0131n\u0131rlamalar\u0131 olmadan rahat\u00e7a \u00e7al\u0131\u015fabilirler.<\/p>\n<p><span style=\"color: red;\">Kullan\u0131m amac\u0131: <\/span>Alet polisaj, boyama \u00f6ncesi p\u00fcr\u00fczleri giderme, y\u00fczeylerde finisaj, pas ve boyay\u0131 \u00e7\u0131karmak i\u00e7in tasarlanm\u0131\u015ft\u0131r.<\/p>\n<ol>\n<li data-list=\"ordered\"><span class=\"ql-ui\" contenteditable=\"false\"><\/span>De\u011fi\u015fken h\u0131z \u00f6zelli\u011fi vard\u0131r.<\/li>\n<li data-list=\"ordered\"><span class=\"ql-ui\" contenteditable=\"false\"><\/span>Manuel 2 h\u0131z mevcuttur.<\/li>\n<li data-list=\"ordered\"><span class=\"ql-ui\" contenteditable=\"false\"><\/span><span style=\"color: black;\">Sabit h\u0131z \u00f6zelli\u011fi vard\u0131r.<\/span><\/li>\n<li data-list=\"ordered\"><span class=\"ql-ui\" contenteditable=\"false\"><\/span>Plastik ta\u015f\u0131ma \u00e7antal\u0131d\u0131r.<\/li>\n<\/ol>\n<p><span style=\"color: red;\">Ambalaj i\u00e7eri\u011finde ak\u00fc ve ak\u00fc \u015farj cihaz\u0131 bulunmamaktad\u0131r.<\/span><\/p>\n","protected":false},"featured_media":25740,"comment_status":"open","ping_status":"closed","template":"","meta":{"_acf_changed":false},"product_brand":[1485],"product_cat":[1565],"product_tag":[],"class_list":{"0":"post-25741","1":"product","2":"type-product","3":"status-publish","4":"has-post-thumbnail","6":"product_brand-makita","7":"product_cat-yok-yok","9":"first","10":"instock","11":"taxable","12":"shipping-taxable","13":"purchasable","14":"product-type-simple","15":"add-to-wishlist-after_add_to_cart"},"acf":[],"_links":{"self":[{"href":"https:\/\/www.makitamarket.com.tr\/site\/wp-json\/wp\/v2\/product\/25741","targetHints":{"allow":["GET"]}}],"collection":[{"href":"https:\/\/www.makitamarket.com.tr\/site\/wp-json\/wp\/v2\/product"}],"about":[{"href":"https:\/\/www.makitamarket.com.tr\/site\/wp-json\/wp\/v2\/types\/product"}],"replies":[{"embeddable":true,"href":"https:\/\/www.makitamarket.com.tr\/site\/wp-json\/wp\/v2\/comments?post=25741"}],"wp:featuredmedia":[{"embeddable":true,"href":"https:\/\/www.makitamarket.com.tr\/site\/wp-json\/wp\/v2\/media\/25740"}],"wp:attachment":[{"href":"https:\/\/www.makitamarket.com.tr\/site\/wp-json\/wp\/v2\/media?parent=25741"}],"wp:term":[{"taxonomy":"product_brand","embeddable":true,"href":"https:\/\/www.makitamarket.com.tr\/site\/wp-json\/wp\/v2\/product_brand?post=25741"},{"taxonomy":"product_cat","embeddable":true,"href":"https:\/\/www.makitamarket.com.tr\/site\/wp-json\/wp\/v2\/product_cat?post=25741"},{"taxonomy":"product_tag","embeddable":true,"href":"https:\/\/www.makitamarket.com.tr\/site\/wp-json\/wp\/v2\/product_tag?post=25741"}],"curies":[{"name":"wp","href":"https:\/\/api.w.org\/{rel}","templated":true}]}}