{"id":25742,"date":"2025-12-01T07:20:25","date_gmt":"2025-12-01T04:20:25","guid":{"rendered":"https:\/\/www.makitamarket.com.tr\/site\/urun\/makita-dtc101zk-dtc101zk-akulu-kablo-kesici\/"},"modified":"2026-04-13T23:58:35","modified_gmt":"2026-04-13T20:58:35","slug":"makita-dtc101zk-dtc101zk-akulu-kablo-kesici","status":"publish","type":"product","link":"https:\/\/www.makitamarket.com.tr\/site\/urun\/makita-dtc101zk-dtc101zk-akulu-kablo-kesici\/","title":{"rendered":"Makita DTC101ZK DTC101ZK Ak\u00fcl\u00fc Kablo Kesici"},"content":{"rendered":"<p><strong class=\"red-title\" style=\"font-size: 16px;\">A\u00e7\u0131klama:<\/strong> <span><\/p>\n<p>Model DTC101ZK<\/p>\n<p><strong>Kompakt, G\u00fc\u00e7l\u00fc ve Hassas Kesim \u0130\u00e7in Geli\u015ftirilmi\u015f Ak\u00fcl\u00fc Kablo Kesme Arac\u0131<\/strong><\/p>\n<p>Makita DTC101Z, 18V LXT Li-Ion ak\u00fc platformu \u00fczerinde \u00e7al\u0131\u015fan, al\u00fcminyum ve bak\u0131r kablolar\u0131n h\u0131zl\u0131 ve g\u00fcvenli kesimi i\u00e7in \u00f6zel olarak tasarlanm\u0131\u015f profesyonel bir kablo kesme arac\u0131d\u0131r. Hafif ve kompakt yap\u0131s\u0131 sayesinde kullan\u0131c\u0131n\u0131n dar alanlarda bile y\u00fcksek manevra kabiliyetiyle \u00e7al\u0131\u015fmas\u0131n\u0131 sa\u011flar.<\/p>\n<p>Otomatik geri d\u00f6n\u00fc\u015f sistemi, ayarlanabilir b\u0131\u00e7ak a\u00e7\u0131s\u0131 ve a\u00e7\u0131k tip kesme tasar\u0131m\u0131 ile kullan\u0131c\u0131ya maksimum kontrol ve kolayl\u0131k sunar.<\/p>\n<p><\/span><strong class=\"red-title\" style=\"font-size: 16px;\">Kullan\u0131m Amac\u0131:<\/strong> <span><\/p>\n<p>A\u00e7\u0131k a\u011f\u0131z yap\u0131s\u0131 sayesinde kablonun istenilen noktadan kolayca kesilmesine olanak tan\u0131r.<\/p>\n<p><\/span><strong class=\"red-title\" style=\"font-size: 16px;\">\u00d6zellikler:<\/strong> <span><\/p>\n<p>LXT(Lithium-ion Xtreme Technology); Makita&#8217;n\u0131n elektrikli el aletlerinde lityum iyon pil teknolojisini kullanmas\u0131. LXT serisi, geleneksel ak\u00fclere k\u0131yasla daha uzun ak\u00fc \u00f6mr\u00fc, daha h\u0131zl\u0131 \u015farj s\u00fcreleri ve genel olarak geli\u015fmi\u015f performans sa\u011flamas\u0131yla bilinir.<\/p>\n<ol>\n<li data-list=\"ordered\"><span class=\"ql-ui\" contenteditable=\"false\"><\/span><span style=\"color: rgb(33, 37, 41);\">Led \u0131\u015f\u0131\u011f\u0131 vard\u0131r.<\/span><\/li>\n<\/ol>\n<p><\/span><strong class=\"red-title\" style=\"font-size: 16px;\">Paket \u0130\u00e7eri\u011fi:<\/strong> <span><\/p>\n<p>Ambalaj i\u00e7eri\u011fi: B\u0131\u00e7ak<\/p>\n<p><span style=\"color: rgb(238, 0, 0);\">Ambalaj i\u00e7eri\u011fine ak\u00fc ve \u015farj cihaz\u0131 dahil de\u011fildir.<\/span><\/p>\n<p><\/span><\/p>\n<div class=\"product-logos\">\n<div class=\"product-logos-item\">\n<div class=\"product-logos-item-image\">\n<p>            <a href=\"https:\/\/www.makita.com.tr\/makita\/teknolojileri\" target=\"_blank\"><br \/>\n                <img decoding=\"async\" src=\"https:\/\/fi.makitamedia.com\/images\/3_Makita\/305_logos\/3052_jpg\/LXT.jpg\" alt=\"LITHIUM-ION\" style=\"width: 80px; height: 50px; margin-right: 25px;\"><br \/>\n            <\/a><\/p><\/div><\/div><\/div>\n<table>\n<tr>\n<td>G\u00fc\u00e7 kapasite<\/td>\n<td>18V\/5.0Ah\/Li-on<\/td>\n<\/tr>\n<tr>\n<td>Maksimum Kesme Kapasitesi<\/td>\n<td>600V-CV: 500mm2 tek \u00e7ekirdekli 38mm 600V-IV: 500mm2 tek \u00e7ekirdekli 35mm 6600V-CV: 500mm2 tek \u00e7ekirdekli 45mm 600V-VVR: 150mm2 \u00fc\u00e7 \u00e7ekirdekli 47mm<\/td>\n<\/tr>\n<tr>\n<td>Ak\u00fc \/ \u015earj Cihaz\u0131<\/td>\n<td>BL1850B\/DC18RC<\/td>\n<\/tr>\n<tr>\n<td>B\u0131\u00e7ak Geni\u015fli\u011fi<\/td>\n<td>50mm<\/td>\n<\/tr>\n<tr>\n<td>A\u011f\u0131rl\u0131k<\/td>\n<td>3.6<\/td>\n<\/tr>\n<\/table>\n","protected":false},"excerpt":{"rendered":"<p><strong class=\"red-title\" style=\"font-size: 16px;\">A\u00e7\u0131klama:<\/strong> <span><\/p>\n<p>Model DTC101ZK<\/p>\n<p><strong>Kompakt, G\u00fc\u00e7l\u00fc ve Hassas Kesim \u0130\u00e7in Geli\u015ftirilmi\u015f Ak\u00fcl\u00fc Kablo Kesme Arac\u0131<\/strong><\/p>\n<p>Makita DTC101Z, 18V LXT Li-Ion ak\u00fc platformu \u00fczerinde \u00e7al\u0131\u015fan, al\u00fcminyum ve bak\u0131r kablolar\u0131n h\u0131zl\u0131 ve g\u00fcvenli kesimi i\u00e7in \u00f6zel olarak tasarlanm\u0131\u015f profesyonel bir kablo kesme arac\u0131d\u0131r. Hafif ve kompakt yap\u0131s\u0131 sayesinde kullan\u0131c\u0131n\u0131n dar alanlarda bile y\u00fcksek manevra kabiliyetiyle \u00e7al\u0131\u015fmas\u0131n\u0131 sa\u011flar.<\/p>\n<p>Otomatik geri d\u00f6n\u00fc\u015f sistemi, ayarlanabilir b\u0131\u00e7ak a\u00e7\u0131s\u0131 ve a\u00e7\u0131k tip kesme tasar\u0131m\u0131 ile kullan\u0131c\u0131ya maksimum kontrol ve kolayl\u0131k sunar.<\/p>\n<p><\/span><strong class=\"red-title\" style=\"font-size: 16px;\">Kullan\u0131m Amac\u0131:<\/strong> <span><\/p>\n<p>A\u00e7\u0131k a\u011f\u0131z yap\u0131s\u0131 sayesinde kablonun istenilen noktadan kolayca kesilmesine olanak tan\u0131r.<\/p>\n<p><\/span><strong class=\"red-title\" style=\"font-size: 16px;\">\u00d6zellikler:<\/strong> <span><\/p>\n<p>LXT(Lithium-ion Xtreme Technology); Makita&#8217;n\u0131n elektrikli el aletlerinde lityum iyon pil teknolojisini kullanmas\u0131. LXT serisi, geleneksel ak\u00fclere k\u0131yasla daha uzun ak\u00fc \u00f6mr\u00fc, daha h\u0131zl\u0131 \u015farj s\u00fcreleri ve genel olarak geli\u015fmi\u015f performans sa\u011flamas\u0131yla bilinir.<\/p>\n<ol>\n<li data-list=\"ordered\"><span class=\"ql-ui\" contenteditable=\"false\"><\/span><span style=\"color: rgb(33, 37, 41);\">Led \u0131\u015f\u0131\u011f\u0131 vard\u0131r.<\/span><\/li>\n<\/ol>\n<p><\/span><strong class=\"red-title\" style=\"font-size: 16px;\">Paket \u0130\u00e7eri\u011fi:<\/strong> <span><\/p>\n<p>Ambalaj i\u00e7eri\u011fi: B\u0131\u00e7ak<\/p>\n<p><span style=\"color: rgb(238, 0, 0);\">Ambalaj i\u00e7eri\u011fine ak\u00fc ve \u015farj cihaz\u0131 dahil de\u011fildir.<\/span><\/p>\n<p><\/span><\/p>\n<div class=\"product-logos\">\n<div class=\"product-logos-item\">\n<div class=\"product-logos-item-image\">\n<p>            <a href=\"https:\/\/www.makita.com.tr\/makita\/teknolojileri\" target=\"_blank\"><br \/>\n                <img decoding=\"async\" src=\"https:\/\/fi.makitamedia.com\/images\/3_Makita\/305_logos\/3052_jpg\/LXT.jpg\" alt=\"LITHIUM-ION\" style=\"width: 80px; height: 50px; margin-right: 25px;\"><br \/>\n            <\/a><\/p><\/div>\n<\/p><\/div>\n<\/p><\/div>\n","protected":false},"featured_media":0,"comment_status":"open","ping_status":"closed","template":"","meta":{"_acf_changed":false},"product_brand":[1485],"product_cat":[1565],"product_tag":[],"class_list":{"0":"post-25742","1":"product","2":"type-product","3":"status-publish","5":"product_brand-makita","6":"product_cat-yok-yok","8":"first","9":"instock","10":"taxable","11":"shipping-taxable","12":"purchasable","13":"product-type-simple","14":"add-to-wishlist-after_add_to_cart"},"acf":[],"_links":{"self":[{"href":"https:\/\/www.makitamarket.com.tr\/site\/wp-json\/wp\/v2\/product\/25742","targetHints":{"allow":["GET"]}}],"collection":[{"href":"https:\/\/www.makitamarket.com.tr\/site\/wp-json\/wp\/v2\/product"}],"about":[{"href":"https:\/\/www.makitamarket.com.tr\/site\/wp-json\/wp\/v2\/types\/product"}],"replies":[{"embeddable":true,"href":"https:\/\/www.makitamarket.com.tr\/site\/wp-json\/wp\/v2\/comments?post=25742"}],"wp:attachment":[{"href":"https:\/\/www.makitamarket.com.tr\/site\/wp-json\/wp\/v2\/media?parent=25742"}],"wp:term":[{"taxonomy":"product_brand","embeddable":true,"href":"https:\/\/www.makitamarket.com.tr\/site\/wp-json\/wp\/v2\/product_brand?post=25742"},{"taxonomy":"product_cat","embeddable":true,"href":"https:\/\/www.makitamarket.com.tr\/site\/wp-json\/wp\/v2\/product_cat?post=25742"},{"taxonomy":"product_tag","embeddable":true,"href":"https:\/\/www.makitamarket.com.tr\/site\/wp-json\/wp\/v2\/product_tag?post=25742"}],"curies":[{"name":"wp","href":"https:\/\/api.w.org\/{rel}","templated":true}]}}