{"id":25746,"date":"2025-12-01T07:20:29","date_gmt":"2025-12-01T04:20:29","guid":{"rendered":"https:\/\/www.makitamarket.com.tr\/site\/urun\/makita-dub184rt-akulu-ufleme-toplama-makinasi-18v\/"},"modified":"2026-04-13T23:58:40","modified_gmt":"2026-04-13T20:58:40","slug":"makita-dub184rt-akulu-ufleme-toplama-makinasi-18v","status":"publish","type":"product","link":"https:\/\/www.makitamarket.com.tr\/site\/urun\/makita-dub184rt-akulu-ufleme-toplama-makinasi-18v\/","title":{"rendered":"Makita DUB184RT AK\u00dcL\u00dc \u00dcFLEME TOPLAMA MAK\u0130NASI 18V"},"content":{"rendered":"<p><strong class=\"red-title\" style=\"font-size: 16px;\">A\u00e7\u0131klama:<\/strong> <span><\/p>\n<p>Model DUB184RT<\/p>\n<p>Ak\u00fcl\u00fc \u00dcfleme\/Toplama Makinas\u0131<\/p>\n<p>18V&nbsp;\u2022 52.1 m\/s&nbsp;\u2022 13.0 m\u00b3\/dk<\/p>\n<p><strong style=\"color: rgb(0, 112, 192);\">Y\u00fcksek Performansl\u0131 Ak\u00fcl\u00fc \u00dcfleme Makinesi<\/strong><\/p>\n<p>Yaprak toplama ve temizlik i\u015flemleri i\u00e7in tasarlanm\u0131\u015f, g\u00fc\u00e7l\u00fc ve hafif bir ak\u00fcl\u00fc \u00fcfleme makinesi modelidir. <strong>18V LXT Li-Ion ak\u00fc sistemi<\/strong> ile \u00e7al\u0131\u015fan bu model, kablosuz kullan\u0131m avantaj\u0131 sunarak geni\u015f alanlarda hareket \u00f6zg\u00fcrl\u00fc\u011f\u00fc sa\u011flar. <strong>Maksimum 52.1 m\/s hava h\u0131z\u0131<\/strong> ve <strong>13.0 m\u00b3\/dk hava hacmi <\/strong>kapasitesi ile etkili bir temizlik performans\u0131 sunar. Dakikada 0-18.000 bo\u015fta devire sahiptir. <strong>De\u011fi\u015fken h\u0131z kontrol\u00fc<\/strong>, farkl\u0131 uygulamalara uyum sa\u011flarken ergonomik tasar\u0131m\u0131 ve hafif yap\u0131s\u0131, uzun s\u00fcreli kullan\u0131mlarda konfor sa\u011flar. <strong>Sessiz \u00e7al\u0131\u015fma \u00f6zelli\u011fi<\/strong>, d\u00fc\u015f\u00fck g\u00fcr\u00fclt\u00fc seviyesiyle rahats\u0131zl\u0131k vermez. Bu model, bah\u00e7e bak\u0131m\u0131, temizlik ve peyzaj d\u00fczenleme projelerinde ideal bir \u00e7\u00f6z\u00fcmd\u00fcr.<\/p>\n<p><span style=\"color: red;\">Kullan\u0131m amac\u0131: <\/span>Yaprak, toz ve hafif bah\u00e7e at\u0131klar\u0131n\u0131 temizlemek i\u00e7in tasarlanm\u0131\u015f bir ak\u00fcl\u00fc yaprak \u00fcfleme makinesidir.<\/p>\n<p><u>\u00d6zellikleri:<\/u><\/p>\n<p>LXT(Lithium-ion Xtreme Technology); Makita&#8217;n\u0131n elektrikli el aletlerinde lityum iyon pil teknolojisini kullanmas\u0131. LXT serisi, geleneksel ak\u00fclere k\u0131yasla daha uzun ak\u00fc \u00f6mr\u00fc, daha h\u0131zl\u0131 \u015farj s\u00fcreleri ve genel olarak geli\u015fmi\u015f performans sa\u011flamas\u0131yla bilinir.<\/p>\n<p>BL Motor\/K\u00f6m\u00fcrs\u00fcz Motor mevcuttur. K\u00f6m\u00fcrs\u00fcz motor sayesinde \u00e7al\u0131\u015fma esnas\u0131nda olu\u015fan \u0131s\u0131 enerjisi kaybolmaz ve makinenin g\u00fcc\u00fcne iletilir.<\/p>\n<p>XPT(Ekstra Koruma Teknolojisi) sayesinde nemli ve ya\u011fmurlu ortamlarda kullan\u0131labilir. D\u00fc\u015fmeye kar\u015f\u0131 ekstra dayan\u0131kl\u0131d\u0131r.<\/p>\n<p>Ak\u00fcl\u00fc yap\u0131s\u0131 kullan\u0131c\u0131ya kablosuz kullan\u0131m imkan\u0131 sunar ve bu sayede kullan\u0131c\u0131lar geni\u015f alanlarda kablo s\u0131n\u0131rlamalar\u0131 olmadan rahat\u00e7a \u00e7al\u0131\u015fabilirler.<\/p>\n<p>Li-ion; Bataryan\u0131n daha verimli \u00e7al\u0131\u015fmas\u0131n\u0131 sa\u011flayan teknolojidir.<\/p>\n<ol>\n<li data-list=\"bullet\"><span class=\"ql-ui\" contenteditable=\"false\"><\/span>De\u011fi\u015fken h\u0131z \u00f6zelli\u011fine sahiptir.<\/li>\n<li data-list=\"bullet\"><span class=\"ql-ui\" contenteditable=\"false\"><\/span><span style=\"color: black;\">Sabit h\u0131z \u00f6zelli\u011fi vard\u0131r.<\/span><\/li>\n<\/ol>\n<p>Ambalaj i\u00e7eri\u011fi: 1 adet 5 amper ak\u00fc, \u015farj cihaz\u0131, \u00fcfleme aparat\u0131<\/p>\n<p><\/span><strong class=\"red-title\" style=\"font-size: 16px;\">Kullan\u0131m Amac\u0131:<\/strong> <span><\/p>\n<p><\/p>\n<p><\/span><strong class=\"red-title\" style=\"font-size: 16px;\">\u00d6zellikler:<\/strong> <span><\/p>\n<p><\/p>\n<p><\/span><strong class=\"red-title\" style=\"font-size: 16px;\">Paket \u0130\u00e7eri\u011fi:<\/strong> <span><\/p>\n<p><\/p>\n<p><\/span><\/p>\n<table>\n<tr>\n<td>Kullan\u0131labilir Ak\u00fc<\/td>\n<td>18V Li-ion<\/td>\n<\/tr>\n<tr>\n<td>Devir H\u0131z\u0131<\/td>\n<td>0-18.000 devir\/dk<\/td>\n<\/tr>\n<tr>\n<td>A\u011f\u0131rl\u0131k<\/td>\n<td>2.5<\/td>\n<\/tr>\n<tr>\n<td>Titre\u015fim<\/td>\n<td>0.95 m\/s\u00b2<\/td>\n<\/tr>\n<tr>\n<td>Maksimum hava h\u0131z\u0131<\/td>\n<td>52.1 m\/s\u00b2<\/td>\n<\/tr>\n<tr>\n<td>Maksimum Hava Hacmi<\/td>\n<td>13.0 m\u00b3\/dk <\/td>\n<\/tr>\n<tr>\n<td>Ses D\u00fczeyi<\/td>\n<td>86.6 dBA<\/td>\n<\/tr>\n<tr>\n<td>Kullan\u0131m Amac\u0131<\/td>\n<td>Profesyonel<\/td>\n<\/tr>\n<tr>\n<td>\u00d6l\u00e7\u00fcler<\/td>\n<td>825x160x285<\/td>\n<\/tr>\n<\/table>\n","protected":false},"excerpt":{"rendered":"<p><strong class=\"red-title\" style=\"font-size: 16px;\">A\u00e7\u0131klama:<\/strong> <span><\/p>\n<p>Model DUB184RT<\/p>\n<p>Ak\u00fcl\u00fc \u00dcfleme\/Toplama Makinas\u0131<\/p>\n<p>18V&nbsp;\u2022 52.1 m\/s&nbsp;\u2022 13.0 m\u00b3\/dk<\/p>\n<p><strong style=\"color: rgb(0, 112, 192);\">Y\u00fcksek Performansl\u0131 Ak\u00fcl\u00fc \u00dcfleme Makinesi<\/strong><\/p>\n<p>Yaprak toplama ve temizlik i\u015flemleri i\u00e7in tasarlanm\u0131\u015f, g\u00fc\u00e7l\u00fc ve hafif bir ak\u00fcl\u00fc \u00fcfleme makinesi modelidir. <strong>18V LXT Li-Ion ak\u00fc sistemi<\/strong> ile \u00e7al\u0131\u015fan bu model, kablosuz kullan\u0131m avantaj\u0131 sunarak geni\u015f alanlarda hareket \u00f6zg\u00fcrl\u00fc\u011f\u00fc sa\u011flar. <strong>Maksimum 52.1 m\/s hava h\u0131z\u0131<\/strong> ve <strong>13.0 m\u00b3\/dk hava hacmi <\/strong>kapasitesi ile etkili bir temizlik performans\u0131 sunar. Dakikada 0-18.000 bo\u015fta devire sahiptir. <strong>De\u011fi\u015fken h\u0131z kontrol\u00fc<\/strong>, farkl\u0131 uygulamalara uyum sa\u011flarken ergonomik tasar\u0131m\u0131 ve hafif yap\u0131s\u0131, uzun s\u00fcreli kullan\u0131mlarda konfor sa\u011flar. <strong>Sessiz \u00e7al\u0131\u015fma \u00f6zelli\u011fi<\/strong>, d\u00fc\u015f\u00fck g\u00fcr\u00fclt\u00fc seviyesiyle rahats\u0131zl\u0131k vermez. Bu model, bah\u00e7e bak\u0131m\u0131, temizlik ve peyzaj d\u00fczenleme projelerinde ideal bir \u00e7\u00f6z\u00fcmd\u00fcr.<\/p>\n<p><span style=\"color: red;\">Kullan\u0131m amac\u0131: <\/span>Yaprak, toz ve hafif bah\u00e7e at\u0131klar\u0131n\u0131 temizlemek i\u00e7in tasarlanm\u0131\u015f bir ak\u00fcl\u00fc yaprak \u00fcfleme makinesidir.<\/p>\n<p><u>\u00d6zellikleri:<\/u><\/p>\n<p>LXT(Lithium-ion Xtreme Technology); Makita&#8217;n\u0131n elektrikli el aletlerinde lityum iyon pil teknolojisini kullanmas\u0131. LXT serisi, geleneksel ak\u00fclere k\u0131yasla daha uzun ak\u00fc \u00f6mr\u00fc, daha h\u0131zl\u0131 \u015farj s\u00fcreleri ve genel olarak geli\u015fmi\u015f performans sa\u011flamas\u0131yla bilinir.<\/p>\n<p>BL Motor\/K\u00f6m\u00fcrs\u00fcz Motor mevcuttur. K\u00f6m\u00fcrs\u00fcz motor sayesinde \u00e7al\u0131\u015fma esnas\u0131nda olu\u015fan \u0131s\u0131 enerjisi kaybolmaz ve makinenin g\u00fcc\u00fcne iletilir.<\/p>\n<p>XPT(Ekstra Koruma Teknolojisi) sayesinde nemli ve ya\u011fmurlu ortamlarda kullan\u0131labilir. D\u00fc\u015fmeye kar\u015f\u0131 ekstra dayan\u0131kl\u0131d\u0131r.<\/p>\n<p>Ak\u00fcl\u00fc yap\u0131s\u0131 kullan\u0131c\u0131ya kablosuz kullan\u0131m imkan\u0131 sunar ve bu sayede kullan\u0131c\u0131lar geni\u015f alanlarda kablo s\u0131n\u0131rlamalar\u0131 olmadan rahat\u00e7a \u00e7al\u0131\u015fabilirler.<\/p>\n<p>Li-ion; Bataryan\u0131n daha verimli \u00e7al\u0131\u015fmas\u0131n\u0131 sa\u011flayan teknolojidir.<\/p>\n<ol>\n<li data-list=\"bullet\"><span class=\"ql-ui\" contenteditable=\"false\"><\/span>De\u011fi\u015fken h\u0131z \u00f6zelli\u011fine sahiptir.<\/li>\n<li data-list=\"bullet\"><span class=\"ql-ui\" contenteditable=\"false\"><\/span><span style=\"color: black;\">Sabit h\u0131z \u00f6zelli\u011fi vard\u0131r.<\/span><\/li>\n<\/ol>\n<p>Ambalaj i\u00e7eri\u011fi: 1 adet 5 amper ak\u00fc, \u015farj cihaz\u0131, \u00fcfleme aparat\u0131<\/p>\n<p><\/span><strong class=\"red-title\" style=\"font-size: 16px;\">Kullan\u0131m Amac\u0131:<\/strong> <span><\/p>\n<p><\/p>\n<p><\/span><strong class=\"red-title\" style=\"font-size: 16px;\">\u00d6zellikler:<\/strong> <span><\/p>\n<p><\/p>\n<p><\/span><strong class=\"red-title\" style=\"font-size: 16px;\">Paket \u0130\u00e7eri\u011fi:<\/strong> <span><\/p>\n<p><\/p>\n<p><\/span><\/p>\n","protected":false},"featured_media":25745,"comment_status":"open","ping_status":"closed","template":"","meta":{"_acf_changed":false},"product_brand":[1485],"product_cat":[1565],"product_tag":[],"class_list":{"0":"post-25746","1":"product","2":"type-product","3":"status-publish","4":"has-post-thumbnail","6":"product_brand-makita","7":"product_cat-yok-yok","9":"first","10":"instock","11":"taxable","12":"shipping-taxable","13":"purchasable","14":"product-type-simple","15":"add-to-wishlist-after_add_to_cart"},"acf":[],"_links":{"self":[{"href":"https:\/\/www.makitamarket.com.tr\/site\/wp-json\/wp\/v2\/product\/25746","targetHints":{"allow":["GET"]}}],"collection":[{"href":"https:\/\/www.makitamarket.com.tr\/site\/wp-json\/wp\/v2\/product"}],"about":[{"href":"https:\/\/www.makitamarket.com.tr\/site\/wp-json\/wp\/v2\/types\/product"}],"replies":[{"embeddable":true,"href":"https:\/\/www.makitamarket.com.tr\/site\/wp-json\/wp\/v2\/comments?post=25746"}],"wp:featuredmedia":[{"embeddable":true,"href":"https:\/\/www.makitamarket.com.tr\/site\/wp-json\/wp\/v2\/media\/25745"}],"wp:attachment":[{"href":"https:\/\/www.makitamarket.com.tr\/site\/wp-json\/wp\/v2\/media?parent=25746"}],"wp:term":[{"taxonomy":"product_brand","embeddable":true,"href":"https:\/\/www.makitamarket.com.tr\/site\/wp-json\/wp\/v2\/product_brand?post=25746"},{"taxonomy":"product_cat","embeddable":true,"href":"https:\/\/www.makitamarket.com.tr\/site\/wp-json\/wp\/v2\/product_cat?post=25746"},{"taxonomy":"product_tag","embeddable":true,"href":"https:\/\/www.makitamarket.com.tr\/site\/wp-json\/wp\/v2\/product_tag?post=25746"}],"curies":[{"name":"wp","href":"https:\/\/api.w.org\/{rel}","templated":true}]}}