{"id":25751,"date":"2025-12-01T07:21:22","date_gmt":"2025-12-01T04:21:22","guid":{"rendered":"https:\/\/www.makitamarket.com.tr\/site\/urun\/powerwash-abw-vdl-90pd-yuksek-basincli-yikama-makinasi\/"},"modified":"2026-04-14T00:00:37","modified_gmt":"2026-04-13T21:00:37","slug":"powerwash-abw-vdl-90pd-yuksek-basincli-yikama-makinasi","status":"publish","type":"product","link":"https:\/\/www.makitamarket.com.tr\/site\/urun\/powerwash-abw-vdl-90pd-yuksek-basincli-yikama-makinasi\/","title":{"rendered":"Powerwash ABW-VDL-90PD Y\u00dcKSEK BASIN\u00c7LI YIKAMA MAK\u0130NASI"},"content":{"rendered":"<table>\n<tr>\n<td>\u00c7al\u0131\u015fma Voltaj\u0131<\/td>\n<td>220V-50Hz<\/td>\n<\/tr>\n<tr>\n<td>\u00c7al\u0131\u015fma Bas\u0131nc\u0131<\/td>\n<td>90 Bar<\/td>\n<\/tr>\n<tr>\n<td>A\u011f\u0131rl\u0131k<\/td>\n<td>8 kg<\/td>\n<\/tr>\n<tr>\n<td>Debi<\/td>\n<td>5.5 lt\/dk<\/td>\n<\/tr>\n<tr>\n<td>Maksimum Bas\u0131n\u00e7<\/td>\n<td>135 Bar<\/td>\n<\/tr>\n<tr>\n<td>Boyutlar<\/td>\n<td>38.5x27x43.5 cm<\/td>\n<\/tr>\n<tr>\n<td>Motor G\u00fcc\u00fc<\/td>\n<td>1600 W<\/td>\n<\/tr>\n<\/table>\n","protected":false},"excerpt":{"rendered":"<p>\u00c7al\u0131\u015fma Voltaj\u0131 220V-50Hz \u00c7al\u0131\u015fma Bas\u0131nc\u0131 90 Bar A\u011f\u0131rl\u0131k 8 kg Debi 5.5 lt\/dk Maksimum Bas\u0131n\u00e7 135 Bar Boyutlar 38.5x27x43.5 cm Motor G\u00fcc\u00fc 1600 W<\/p>\n","protected":false},"featured_media":0,"comment_status":"open","ping_status":"closed","template":"","meta":{"_acf_changed":false},"product_brand":[1489],"product_cat":[1565],"product_tag":[],"class_list":{"0":"post-25751","1":"product","2":"type-product","3":"status-publish","5":"product_brand-powerwash","6":"product_cat-yok-yok","8":"first","9":"instock","10":"taxable","11":"shipping-taxable","12":"purchasable","13":"product-type-simple","14":"add-to-wishlist-after_add_to_cart"},"acf":[],"_links":{"self":[{"href":"https:\/\/www.makitamarket.com.tr\/site\/wp-json\/wp\/v2\/product\/25751","targetHints":{"allow":["GET"]}}],"collection":[{"href":"https:\/\/www.makitamarket.com.tr\/site\/wp-json\/wp\/v2\/product"}],"about":[{"href":"https:\/\/www.makitamarket.com.tr\/site\/wp-json\/wp\/v2\/types\/product"}],"replies":[{"embeddable":true,"href":"https:\/\/www.makitamarket.com.tr\/site\/wp-json\/wp\/v2\/comments?post=25751"}],"wp:attachment":[{"href":"https:\/\/www.makitamarket.com.tr\/site\/wp-json\/wp\/v2\/media?parent=25751"}],"wp:term":[{"taxonomy":"product_brand","embeddable":true,"href":"https:\/\/www.makitamarket.com.tr\/site\/wp-json\/wp\/v2\/product_brand?post=25751"},{"taxonomy":"product_cat","embeddable":true,"href":"https:\/\/www.makitamarket.com.tr\/site\/wp-json\/wp\/v2\/product_cat?post=25751"},{"taxonomy":"product_tag","embeddable":true,"href":"https:\/\/www.makitamarket.com.tr\/site\/wp-json\/wp\/v2\/product_tag?post=25751"}],"curies":[{"name":"wp","href":"https:\/\/api.w.org\/{rel}","templated":true}]}}