{"id":25756,"date":"2025-12-01T07:21:30","date_gmt":"2025-12-01T04:21:30","guid":{"rendered":"https:\/\/www.makitamarket.com.tr\/site\/urun\/powerwash-pw60-2cs-pw60-2cs-sampuanli-hali-koltuk-yikama-makinasi\/"},"modified":"2026-04-14T00:00:38","modified_gmt":"2026-04-13T21:00:38","slug":"powerwash-pw60-2cs-pw60-2cs-sampuanli-hali-koltuk-yikama-makinasi","status":"publish","type":"product","link":"https:\/\/www.makitamarket.com.tr\/site\/urun\/powerwash-pw60-2cs-pw60-2cs-sampuanli-hali-koltuk-yikama-makinasi\/","title":{"rendered":"Powerwash PW60-2CS PW60-2CS \u015eAMPUANLI HALI &#038; KOLTUK YIKAMA MAK\u0130NASI"},"content":{"rendered":"<table>\n<tr>\n<td>\u00c7al\u0131\u015fma Voltaj\u0131<\/td>\n<td>220V\/240V~50\/60Hz<\/td>\n<\/tr>\n<tr>\n<td>Motor<\/td>\n<td>2800 Watt \/ \u00c7ift Fanl\u0131<\/td>\n<\/tr>\n<tr>\n<td>Pompa Bas\u0131nc\u0131<\/td>\n<td>4 bar<\/td>\n<\/tr>\n<tr>\n<td>Vakum G\u00fcc\u00fc<\/td>\n<td>300mbar \/ 30 kpa<\/td>\n<\/tr>\n<tr>\n<td>Tank Kapasitesi<\/td>\n<td>Temiz: 25lt \/ Kirli: 80lt<\/td>\n<\/tr>\n<tr>\n<td>Ses seviyesi<\/td>\n<td>65 dB (A)<\/td>\n<\/tr>\n<tr>\n<td>Hortum<\/td>\n<td>EVA \u00d838mm, 240cm<\/td>\n<\/tr>\n<tr>\n<td>Teker \u00d6l\u00e7\u00fcleri<\/td>\n<td>\u00d6n:70mm \/ Arka:180mm<\/td>\n<\/tr>\n<tr>\n<td>\u00d6l\u00e7\u00fcler<\/td>\n<td>48x63x98<\/td>\n<\/tr>\n<\/table>\n","protected":false},"excerpt":{"rendered":"<p>\u00c7al\u0131\u015fma Voltaj\u0131 220V\/240V~50\/60Hz Motor 2800 Watt \/ \u00c7ift Fanl\u0131 Pompa Bas\u0131nc\u0131 4 bar Vakum G\u00fcc\u00fc 300mbar \/ 30 kpa Tank Kapasitesi Temiz: 25lt \/ Kirli: 80lt Ses seviyesi 65 dB<\/p>\n","protected":false},"featured_media":25755,"comment_status":"open","ping_status":"closed","template":"","meta":{"_acf_changed":false},"product_brand":[1489],"product_cat":[1565],"product_tag":[],"class_list":{"0":"post-25756","1":"product","2":"type-product","3":"status-publish","4":"has-post-thumbnail","6":"product_brand-powerwash","7":"product_cat-yok-yok","9":"first","10":"instock","11":"taxable","12":"shipping-taxable","13":"purchasable","14":"product-type-simple","15":"add-to-wishlist-after_add_to_cart"},"acf":[],"_links":{"self":[{"href":"https:\/\/www.makitamarket.com.tr\/site\/wp-json\/wp\/v2\/product\/25756","targetHints":{"allow":["GET"]}}],"collection":[{"href":"https:\/\/www.makitamarket.com.tr\/site\/wp-json\/wp\/v2\/product"}],"about":[{"href":"https:\/\/www.makitamarket.com.tr\/site\/wp-json\/wp\/v2\/types\/product"}],"replies":[{"embeddable":true,"href":"https:\/\/www.makitamarket.com.tr\/site\/wp-json\/wp\/v2\/comments?post=25756"}],"wp:featuredmedia":[{"embeddable":true,"href":"https:\/\/www.makitamarket.com.tr\/site\/wp-json\/wp\/v2\/media\/25755"}],"wp:attachment":[{"href":"https:\/\/www.makitamarket.com.tr\/site\/wp-json\/wp\/v2\/media?parent=25756"}],"wp:term":[{"taxonomy":"product_brand","embeddable":true,"href":"https:\/\/www.makitamarket.com.tr\/site\/wp-json\/wp\/v2\/product_brand?post=25756"},{"taxonomy":"product_cat","embeddable":true,"href":"https:\/\/www.makitamarket.com.tr\/site\/wp-json\/wp\/v2\/product_cat?post=25756"},{"taxonomy":"product_tag","embeddable":true,"href":"https:\/\/www.makitamarket.com.tr\/site\/wp-json\/wp\/v2\/product_tag?post=25756"}],"curies":[{"name":"wp","href":"https:\/\/api.w.org\/{rel}","templated":true}]}}