{"id":25758,"date":"2025-12-01T07:21:32","date_gmt":"2025-12-01T04:21:32","guid":{"rendered":"https:\/\/www.makitamarket.com.tr\/site\/urun\/powerwash-pw60-3ac-pw60-3ac-islak-kuru-elektrik-supurgesi\/"},"modified":"2026-04-14T00:00:39","modified_gmt":"2026-04-13T21:00:39","slug":"powerwash-pw60-3ac-pw60-3ac-islak-kuru-elektrik-supurgesi","status":"publish","type":"product","link":"https:\/\/www.makitamarket.com.tr\/site\/urun\/powerwash-pw60-3ac-pw60-3ac-islak-kuru-elektrik-supurgesi\/","title":{"rendered":"Powerwash PW60-3AC PW60-3AC ISLAK &#038; KURU ELEKTR\u0130K S\u00dcP\u00dcRGES\u0130"},"content":{"rendered":"<table>\n<tr>\n<td>\u00c7al\u0131\u015fma Voltaj\u0131<\/td>\n<td>20V\/240V~50\/60Hz<\/td>\n<\/tr>\n<tr>\n<td>Motor<\/td>\n<td>3 x 1200 Watt \/ \u00c7ift Fanl\u0131<\/td>\n<\/tr>\n<tr>\n<td>Vakum G\u00fcc\u00fc<\/td>\n<td>(245mbar \/ 24,5 kpa) x 2<\/td>\n<\/tr>\n<tr>\n<td>Tank Kapasitesi<\/td>\n<td>60 lt<\/td>\n<\/tr>\n<tr>\n<td>So\u011futma<\/td>\n<td>By-Pass<\/td>\n<\/tr>\n<tr>\n<td>Ses seviyesi<\/td>\n<td>68 dB (A)<\/td>\n<\/tr>\n<tr>\n<td>Hortum<\/td>\n<td>EVA \u00d838mm, 240cm<\/td>\n<\/tr>\n<tr>\n<td>Teker \u00d6l\u00e7\u00fcleri<\/td>\n<td>\u00d6n:70mm \/ Arka:180mm<\/td>\n<\/tr>\n<tr>\n<td>\u00d6l\u00e7\u00fcleri<\/td>\n<td>48x63x98<\/td>\n<\/tr>\n<\/table>\n","protected":false},"excerpt":{"rendered":"<p>\u00c7al\u0131\u015fma Voltaj\u0131 20V\/240V~50\/60Hz Motor 3 x 1200 Watt \/ \u00c7ift Fanl\u0131 Vakum G\u00fcc\u00fc (245mbar \/ 24,5 kpa) x 2 Tank Kapasitesi 60 lt So\u011futma By-Pass Ses seviyesi 68 dB (A)<\/p>\n","protected":false},"featured_media":25757,"comment_status":"open","ping_status":"closed","template":"","meta":{"_acf_changed":false},"product_brand":[1489],"product_cat":[1565],"product_tag":[],"class_list":{"0":"post-25758","1":"product","2":"type-product","3":"status-publish","4":"has-post-thumbnail","6":"product_brand-powerwash","7":"product_cat-yok-yok","9":"first","10":"outofstock","11":"taxable","12":"shipping-taxable","13":"purchasable","14":"product-type-simple","15":"add-to-wishlist-after_add_to_cart"},"acf":[],"_links":{"self":[{"href":"https:\/\/www.makitamarket.com.tr\/site\/wp-json\/wp\/v2\/product\/25758","targetHints":{"allow":["GET"]}}],"collection":[{"href":"https:\/\/www.makitamarket.com.tr\/site\/wp-json\/wp\/v2\/product"}],"about":[{"href":"https:\/\/www.makitamarket.com.tr\/site\/wp-json\/wp\/v2\/types\/product"}],"replies":[{"embeddable":true,"href":"https:\/\/www.makitamarket.com.tr\/site\/wp-json\/wp\/v2\/comments?post=25758"}],"wp:featuredmedia":[{"embeddable":true,"href":"https:\/\/www.makitamarket.com.tr\/site\/wp-json\/wp\/v2\/media\/25757"}],"wp:attachment":[{"href":"https:\/\/www.makitamarket.com.tr\/site\/wp-json\/wp\/v2\/media?parent=25758"}],"wp:term":[{"taxonomy":"product_brand","embeddable":true,"href":"https:\/\/www.makitamarket.com.tr\/site\/wp-json\/wp\/v2\/product_brand?post=25758"},{"taxonomy":"product_cat","embeddable":true,"href":"https:\/\/www.makitamarket.com.tr\/site\/wp-json\/wp\/v2\/product_cat?post=25758"},{"taxonomy":"product_tag","embeddable":true,"href":"https:\/\/www.makitamarket.com.tr\/site\/wp-json\/wp\/v2\/product_tag?post=25758"}],"curies":[{"name":"wp","href":"https:\/\/api.w.org\/{rel}","templated":true}]}}