{"id":25762,"date":"2025-12-01T07:23:19","date_gmt":"2025-12-01T04:23:19","guid":{"rendered":"https:\/\/www.makitamarket.com.tr\/site\/urun\/rainpump-cs550p-n-cs-550p-n-drenaj-dalgic-pompa\/"},"modified":"2026-03-30T11:50:23","modified_gmt":"2026-03-30T08:50:23","slug":"rainpump-cs550p-n-cs-550p-n-drenaj-dalgic-pompa","status":"publish","type":"product","link":"https:\/\/www.makitamarket.com.tr\/site\/urun\/rainpump-cs550p-n-cs-550p-n-drenaj-dalgic-pompa\/","title":{"rendered":"Rainpump CS550P-N CS 550P-N DRENAJ\/DALGI\u00c7 POMPA"},"content":{"rendered":"<p>*Bak\u0131r sarg\u0131l\u0131 motor<\/p>\n<table>\n<tr>\n<td>G\u00fc\u00e7<\/td>\n<td>550 <\/td>\n<\/tr>\n<tr>\n<td>Max. kapasite m3\/saat<\/td>\n<td>11<\/td>\n<\/tr>\n<tr>\n<td>Maksimum Y\u00fckseklik<\/td>\n<td>8<\/td>\n<\/tr>\n<tr>\n<td>Voltaj<\/td>\n<td>220 V (Monofaze))<\/td>\n<\/tr>\n<\/table>\n","protected":false},"excerpt":{"rendered":"<p>*Bak\u0131r sarg\u0131l\u0131 motor<\/p>\n","protected":false},"featured_media":25761,"comment_status":"open","ping_status":"closed","template":"","meta":{"_acf_changed":false},"product_brand":[1517],"product_cat":[1565],"product_tag":[],"class_list":{"0":"post-25762","1":"product","2":"type-product","3":"status-publish","4":"has-post-thumbnail","6":"product_brand-rainpump","7":"product_cat-yok-yok","9":"first","10":"instock","11":"taxable","12":"shipping-taxable","13":"purchasable","14":"product-type-simple","15":"add-to-wishlist-after_add_to_cart"},"acf":[],"_links":{"self":[{"href":"https:\/\/www.makitamarket.com.tr\/site\/wp-json\/wp\/v2\/product\/25762","targetHints":{"allow":["GET"]}}],"collection":[{"href":"https:\/\/www.makitamarket.com.tr\/site\/wp-json\/wp\/v2\/product"}],"about":[{"href":"https:\/\/www.makitamarket.com.tr\/site\/wp-json\/wp\/v2\/types\/product"}],"replies":[{"embeddable":true,"href":"https:\/\/www.makitamarket.com.tr\/site\/wp-json\/wp\/v2\/comments?post=25762"}],"wp:featuredmedia":[{"embeddable":true,"href":"https:\/\/www.makitamarket.com.tr\/site\/wp-json\/wp\/v2\/media\/25761"}],"wp:attachment":[{"href":"https:\/\/www.makitamarket.com.tr\/site\/wp-json\/wp\/v2\/media?parent=25762"}],"wp:term":[{"taxonomy":"product_brand","embeddable":true,"href":"https:\/\/www.makitamarket.com.tr\/site\/wp-json\/wp\/v2\/product_brand?post=25762"},{"taxonomy":"product_cat","embeddable":true,"href":"https:\/\/www.makitamarket.com.tr\/site\/wp-json\/wp\/v2\/product_cat?post=25762"},{"taxonomy":"product_tag","embeddable":true,"href":"https:\/\/www.makitamarket.com.tr\/site\/wp-json\/wp\/v2\/product_tag?post=25762"}],"curies":[{"name":"wp","href":"https:\/\/api.w.org\/{rel}","templated":true}]}}