{"id":25780,"date":"2025-12-08T13:25:53","date_gmt":"2025-12-08T10:25:53","guid":{"rendered":"https:\/\/www.makitamarket.com.tr\/site\/urun\/euromax-hd2102-hd2102-boya-puskurtme-makinasi\/"},"modified":"2026-04-06T18:19:41","modified_gmt":"2026-04-06T15:19:41","slug":"euromax-hd2102-hd2102-boya-puskurtme-makinasi","status":"publish","type":"product","link":"https:\/\/www.makitamarket.com.tr\/site\/urun\/euromax-hd2102-hd2102-boya-puskurtme-makinasi\/","title":{"rendered":"Euromax HD2102 HD2102 BOYA P\u00dcSK\u00dcRTME MAK\u0130NASI"},"content":{"rendered":"<table>\n<tr>\n<td>G\u00fc\u00e7<\/td>\n<td>1010W<\/td>\n<\/tr>\n<tr>\n<td>Ses D\u00fczeyi (dbA)<\/td>\n<td>110<\/td>\n<\/tr>\n<tr>\n<td>\u015eebeke Gerilimi<\/td>\n<td>230-240V ~50Hz<\/td>\n<\/tr>\n<tr>\n<td>Maksimum \u00c7al\u0131\u015fma<\/td>\n<td>3.000 PSI (20.7 Mpa)<\/td>\n<\/tr>\n<\/table>\n","protected":false},"excerpt":{"rendered":"<p>G\u00fc\u00e7 1010W Ses D\u00fczeyi (dbA) 110 \u015eebeke Gerilimi 230-240V ~50Hz Maksimum \u00c7al\u0131\u015fma 3.000 PSI (20.7 Mpa)<\/p>\n","protected":false},"featured_media":0,"comment_status":"open","ping_status":"closed","template":"","meta":{"_acf_changed":false},"product_brand":[1513],"product_cat":[1565],"product_tag":[],"class_list":{"0":"post-25780","1":"product","2":"type-product","3":"status-publish","5":"product_brand-euromax","6":"product_cat-yok-yok","8":"first","9":"instock","10":"taxable","11":"shipping-taxable","12":"purchasable","13":"product-type-simple","14":"add-to-wishlist-after_add_to_cart"},"acf":[],"_links":{"self":[{"href":"https:\/\/www.makitamarket.com.tr\/site\/wp-json\/wp\/v2\/product\/25780","targetHints":{"allow":["GET"]}}],"collection":[{"href":"https:\/\/www.makitamarket.com.tr\/site\/wp-json\/wp\/v2\/product"}],"about":[{"href":"https:\/\/www.makitamarket.com.tr\/site\/wp-json\/wp\/v2\/types\/product"}],"replies":[{"embeddable":true,"href":"https:\/\/www.makitamarket.com.tr\/site\/wp-json\/wp\/v2\/comments?post=25780"}],"wp:attachment":[{"href":"https:\/\/www.makitamarket.com.tr\/site\/wp-json\/wp\/v2\/media?parent=25780"}],"wp:term":[{"taxonomy":"product_brand","embeddable":true,"href":"https:\/\/www.makitamarket.com.tr\/site\/wp-json\/wp\/v2\/product_brand?post=25780"},{"taxonomy":"product_cat","embeddable":true,"href":"https:\/\/www.makitamarket.com.tr\/site\/wp-json\/wp\/v2\/product_cat?post=25780"},{"taxonomy":"product_tag","embeddable":true,"href":"https:\/\/www.makitamarket.com.tr\/site\/wp-json\/wp\/v2\/product_tag?post=25780"}],"curies":[{"name":"wp","href":"https:\/\/api.w.org\/{rel}","templated":true}]}}