{"id":25807,"date":"2025-12-25T00:02:49","date_gmt":"2025-12-24T21:02:49","guid":{"rendered":"https:\/\/www.makitamarket.com.tr\/site\/urun\/factor-fccw500-pprc-mini-boru-kaynak-makinesi-500w\/"},"modified":"2026-04-13T23:41:38","modified_gmt":"2026-04-13T20:41:38","slug":"factor-fccw500-pprc-mini-boru-kaynak-makinesi-500w","status":"publish","type":"product","link":"https:\/\/www.makitamarket.com.tr\/site\/urun\/factor-fccw500-pprc-mini-boru-kaynak-makinesi-500w\/","title":{"rendered":"Factor FCCW500 PPRC M\u0130N\u0130 BORU KAYNAK MAK\u0130NES\u0130 500W"},"content":{"rendered":"<p>PPRC M\u0130N\u0130 BORU KAYNAK MAK\u0130NES\u0130 500W<\/p>\n<table><\/table>\n","protected":false},"excerpt":{"rendered":"<p>PPRC M\u0130N\u0130 BORU KAYNAK MAK\u0130NES\u0130 500W<\/p>\n","protected":false},"featured_media":0,"comment_status":"open","ping_status":"closed","template":"","meta":{"_acf_changed":false},"product_brand":[1494],"product_cat":[1565],"product_tag":[],"class_list":{"0":"post-25807","1":"product","2":"type-product","3":"status-publish","5":"product_brand-factor","6":"product_cat-yok-yok","8":"first","9":"instock","10":"taxable","11":"shipping-taxable","12":"purchasable","13":"product-type-simple","14":"add-to-wishlist-after_add_to_cart"},"acf":[],"_links":{"self":[{"href":"https:\/\/www.makitamarket.com.tr\/site\/wp-json\/wp\/v2\/product\/25807","targetHints":{"allow":["GET"]}}],"collection":[{"href":"https:\/\/www.makitamarket.com.tr\/site\/wp-json\/wp\/v2\/product"}],"about":[{"href":"https:\/\/www.makitamarket.com.tr\/site\/wp-json\/wp\/v2\/types\/product"}],"replies":[{"embeddable":true,"href":"https:\/\/www.makitamarket.com.tr\/site\/wp-json\/wp\/v2\/comments?post=25807"}],"wp:attachment":[{"href":"https:\/\/www.makitamarket.com.tr\/site\/wp-json\/wp\/v2\/media?parent=25807"}],"wp:term":[{"taxonomy":"product_brand","embeddable":true,"href":"https:\/\/www.makitamarket.com.tr\/site\/wp-json\/wp\/v2\/product_brand?post=25807"},{"taxonomy":"product_cat","embeddable":true,"href":"https:\/\/www.makitamarket.com.tr\/site\/wp-json\/wp\/v2\/product_cat?post=25807"},{"taxonomy":"product_tag","embeddable":true,"href":"https:\/\/www.makitamarket.com.tr\/site\/wp-json\/wp\/v2\/product_tag?post=25807"}],"curies":[{"name":"wp","href":"https:\/\/api.w.org\/{rel}","templated":true}]}}