{"id":25819,"date":"2025-12-25T00:03:52","date_gmt":"2025-12-24T21:03:52","guid":{"rendered":"https:\/\/www.makitamarket.com.tr\/site\/urun\/factor-facume40-40-cm-itmeli-benzinli-cim-bicme-makinesi\/"},"modified":"2026-01-31T01:31:12","modified_gmt":"2026-01-30T22:31:12","slug":"factor-facume40-40-cm-itmeli-benzinli-cim-bicme-makinesi","status":"publish","type":"product","link":"https:\/\/www.makitamarket.com.tr\/site\/urun\/factor-facume40-40-cm-itmeli-benzinli-cim-bicme-makinesi\/","title":{"rendered":"Factor FACUME40 40 CM \u0130tmeli Benzinli \u00c7im Bi\u00e7me Makinesi"},"content":{"rendered":"<p>40 CM \u0130tmeli Benzinli \u00c7im Bi\u00e7me Makinesi<\/p>\n<table><\/table>\n","protected":false},"excerpt":{"rendered":"<p>40 CM \u0130tmeli Benzinli \u00c7im Bi\u00e7me Makinesi<\/p>\n","protected":false},"featured_media":0,"comment_status":"open","ping_status":"closed","template":"","meta":{"_acf_changed":false},"product_brand":[1494],"product_cat":[1565],"product_tag":[],"class_list":{"0":"post-25819","1":"product","2":"type-product","3":"status-publish","5":"product_brand-factor","6":"product_cat-yok-yok","8":"first","9":"instock","10":"taxable","11":"shipping-taxable","12":"purchasable","13":"product-type-simple","14":"add-to-wishlist-after_add_to_cart"},"acf":[],"_links":{"self":[{"href":"https:\/\/www.makitamarket.com.tr\/site\/wp-json\/wp\/v2\/product\/25819","targetHints":{"allow":["GET"]}}],"collection":[{"href":"https:\/\/www.makitamarket.com.tr\/site\/wp-json\/wp\/v2\/product"}],"about":[{"href":"https:\/\/www.makitamarket.com.tr\/site\/wp-json\/wp\/v2\/types\/product"}],"replies":[{"embeddable":true,"href":"https:\/\/www.makitamarket.com.tr\/site\/wp-json\/wp\/v2\/comments?post=25819"}],"wp:attachment":[{"href":"https:\/\/www.makitamarket.com.tr\/site\/wp-json\/wp\/v2\/media?parent=25819"}],"wp:term":[{"taxonomy":"product_brand","embeddable":true,"href":"https:\/\/www.makitamarket.com.tr\/site\/wp-json\/wp\/v2\/product_brand?post=25819"},{"taxonomy":"product_cat","embeddable":true,"href":"https:\/\/www.makitamarket.com.tr\/site\/wp-json\/wp\/v2\/product_cat?post=25819"},{"taxonomy":"product_tag","embeddable":true,"href":"https:\/\/www.makitamarket.com.tr\/site\/wp-json\/wp\/v2\/product_tag?post=25819"}],"curies":[{"name":"wp","href":"https:\/\/api.w.org\/{rel}","templated":true}]}}