{"id":25820,"date":"2025-12-25T00:03:52","date_gmt":"2025-12-24T21:03:52","guid":{"rendered":"https:\/\/www.makitamarket.com.tr\/site\/urun\/factor-facume46-46-cm-itmeli-benzinli-cim-bicme-makinesi\/"},"modified":"2026-04-06T18:19:53","modified_gmt":"2026-04-06T15:19:53","slug":"factor-facume46-46-cm-itmeli-benzinli-cim-bicme-makinesi","status":"publish","type":"product","link":"https:\/\/www.makitamarket.com.tr\/site\/urun\/factor-facume46-46-cm-itmeli-benzinli-cim-bicme-makinesi\/","title":{"rendered":"Factor FACUME46 46 CM \u0130tmeli Benzinli \u00c7im Bi\u00e7me Makinesi"},"content":{"rendered":"<p>46 CM \u0130tmeli Benzinli \u00c7im Bi\u00e7me Makinesi<\/p>\n<table>\n<tr>\n<td>Tekerlek Ebat\u0131<\/td>\n<td>8&#8243; \/ 10&#8243;<\/td>\n<\/tr>\n<tr>\n<td>Motor \/ Motor Hacmi<\/td>\n<td>GKV150 FE \/ 149,2 cc<\/td>\n<\/tr>\n<tr>\n<td>\u00c7im Haznesi<\/td>\n<td>70 L<\/td>\n<\/tr>\n<tr>\n<td>Teorik \u00c7al\u0131\u015fma Alan\u0131<\/td>\n<td>1200 m2<\/td>\n<\/tr>\n<tr>\n<td>Y\u00fckseklik Ayar\u0131<\/td>\n<td>25-75 mm \/ 7 Kademeli<\/td>\n<\/tr>\n<tr>\n<td>Kesme Geni\u015fli\u011fi<\/td>\n<td>460 mm<\/td>\n<\/tr>\n<tr>\n<td>\u015ease<\/td>\n<td>\u00c7elik<\/td>\n<\/tr>\n<tr>\n<td>A\u011f\u0131rl\u0131k<\/td>\n<td>33,5 kg<\/td>\n<\/tr>\n<\/table>\n","protected":false},"excerpt":{"rendered":"<p>46 CM \u0130tmeli Benzinli \u00c7im Bi\u00e7me Makinesi<\/p>\n","protected":false},"featured_media":0,"comment_status":"open","ping_status":"closed","template":"","meta":{"_acf_changed":false},"product_brand":[1494],"product_cat":[1565],"product_tag":[],"class_list":{"0":"post-25820","1":"product","2":"type-product","3":"status-publish","5":"product_brand-factor","6":"product_cat-yok-yok","8":"first","9":"instock","10":"taxable","11":"shipping-taxable","12":"purchasable","13":"product-type-simple","14":"add-to-wishlist-after_add_to_cart"},"acf":[],"_links":{"self":[{"href":"https:\/\/www.makitamarket.com.tr\/site\/wp-json\/wp\/v2\/product\/25820","targetHints":{"allow":["GET"]}}],"collection":[{"href":"https:\/\/www.makitamarket.com.tr\/site\/wp-json\/wp\/v2\/product"}],"about":[{"href":"https:\/\/www.makitamarket.com.tr\/site\/wp-json\/wp\/v2\/types\/product"}],"replies":[{"embeddable":true,"href":"https:\/\/www.makitamarket.com.tr\/site\/wp-json\/wp\/v2\/comments?post=25820"}],"wp:attachment":[{"href":"https:\/\/www.makitamarket.com.tr\/site\/wp-json\/wp\/v2\/media?parent=25820"}],"wp:term":[{"taxonomy":"product_brand","embeddable":true,"href":"https:\/\/www.makitamarket.com.tr\/site\/wp-json\/wp\/v2\/product_brand?post=25820"},{"taxonomy":"product_cat","embeddable":true,"href":"https:\/\/www.makitamarket.com.tr\/site\/wp-json\/wp\/v2\/product_cat?post=25820"},{"taxonomy":"product_tag","embeddable":true,"href":"https:\/\/www.makitamarket.com.tr\/site\/wp-json\/wp\/v2\/product_tag?post=25820"}],"curies":[{"name":"wp","href":"https:\/\/api.w.org\/{rel}","templated":true}]}}