{"id":25826,"date":"2025-12-25T00:04:33","date_gmt":"2025-12-24T21:04:33","guid":{"rendered":"https:\/\/www.makitamarket.com.tr\/site\/urun\/factor-facwvsd-1100wb-1100w-dokum-govdeli-bicakli-kirli-su-pompasi\/"},"modified":"2026-04-13T23:47:42","modified_gmt":"2026-04-13T20:47:42","slug":"factor-facwvsd-1100wb-1100w-dokum-govdeli-bicakli-kirli-su-pompasi","status":"publish","type":"product","link":"https:\/\/www.makitamarket.com.tr\/site\/urun\/factor-facwvsd-1100wb-1100w-dokum-govdeli-bicakli-kirli-su-pompasi\/","title":{"rendered":"Factor FACWVSD-1100WB 1100W D\u00f6k\u00fcm G\u00f6vdeli B\u0131\u00e7akl\u0131 Kirli Su Pompas\u0131"},"content":{"rendered":"<p>1100W D\u00f6k\u00fcm G\u00f6vdeli B\u0131\u00e7akl\u0131 Kirli Su Pompas\u0131<\/p>\n<table><\/table>\n","protected":false},"excerpt":{"rendered":"<p>1100W D\u00f6k\u00fcm G\u00f6vdeli B\u0131\u00e7akl\u0131 Kirli Su Pompas\u0131<\/p>\n","protected":false},"featured_media":0,"comment_status":"open","ping_status":"closed","template":"","meta":{"_acf_changed":false},"product_brand":[1494],"product_cat":[1565],"product_tag":[],"class_list":{"0":"post-25826","1":"product","2":"type-product","3":"status-publish","5":"product_brand-factor","6":"product_cat-yok-yok","8":"first","9":"instock","10":"taxable","11":"shipping-taxable","12":"purchasable","13":"product-type-simple","14":"add-to-wishlist-after_add_to_cart"},"acf":[],"_links":{"self":[{"href":"https:\/\/www.makitamarket.com.tr\/site\/wp-json\/wp\/v2\/product\/25826","targetHints":{"allow":["GET"]}}],"collection":[{"href":"https:\/\/www.makitamarket.com.tr\/site\/wp-json\/wp\/v2\/product"}],"about":[{"href":"https:\/\/www.makitamarket.com.tr\/site\/wp-json\/wp\/v2\/types\/product"}],"replies":[{"embeddable":true,"href":"https:\/\/www.makitamarket.com.tr\/site\/wp-json\/wp\/v2\/comments?post=25826"}],"wp:attachment":[{"href":"https:\/\/www.makitamarket.com.tr\/site\/wp-json\/wp\/v2\/media?parent=25826"}],"wp:term":[{"taxonomy":"product_brand","embeddable":true,"href":"https:\/\/www.makitamarket.com.tr\/site\/wp-json\/wp\/v2\/product_brand?post=25826"},{"taxonomy":"product_cat","embeddable":true,"href":"https:\/\/www.makitamarket.com.tr\/site\/wp-json\/wp\/v2\/product_cat?post=25826"},{"taxonomy":"product_tag","embeddable":true,"href":"https:\/\/www.makitamarket.com.tr\/site\/wp-json\/wp\/v2\/product_tag?post=25826"}],"curies":[{"name":"wp","href":"https:\/\/api.w.org\/{rel}","templated":true}]}}