{"id":25829,"date":"2025-12-25T00:04:34","date_gmt":"2025-12-24T21:04:34","guid":{"rendered":"https:\/\/www.makitamarket.com.tr\/site\/urun\/factor-facwvsdv550f-550w-dokum-govdeli-kirli-su-pompasi\/"},"modified":"2026-04-06T18:20:47","modified_gmt":"2026-04-06T15:20:47","slug":"factor-facwvsdv550f-550w-dokum-govdeli-kirli-su-pompasi","status":"publish","type":"product","link":"https:\/\/www.makitamarket.com.tr\/site\/urun\/factor-facwvsdv550f-550w-dokum-govdeli-kirli-su-pompasi\/","title":{"rendered":"Factor FACWVSDV550F 550W D\u00f6k\u00fcm G\u00f6vdeli Kirli Su Pompas\u0131"},"content":{"rendered":"<p>550W D\u00f6k\u00fcm G\u00f6vdeli Kirli Su Pompas\u0131<\/p>\n<table>\n<tr>\n<td>Maks. Bas\u0131n\u00e7<\/td>\n<td>6<\/td>\n<\/tr>\n<tr>\n<td>\u00c7\u0131k\u0131\u015f \u00e7ap\u0131<\/td>\n<td>2\u201d<\/td>\n<\/tr>\n<tr>\n<td>Kapasite<\/td>\n<td>16 m3\/saat<\/td>\n<\/tr>\n<tr>\n<td>G\u00fc\u00e7<\/td>\n<td>0.55 kW &#8211; 0.7HP<\/td>\n<\/tr>\n<tr>\n<td>Maksimum Y\u00fckseklik<\/td>\n<td>8.5 m<\/td>\n<\/tr>\n<tr>\n<td>Temiz \/ kirli su<\/td>\n<td>25 Temiz \/kirli su Kirli<\/td>\n<\/tr>\n<tr>\n<td>Temiz \/ kirli su<\/td>\n<td>Kirli<\/td>\n<\/tr>\n<tr>\n<td>\u00d6l\u00e7\u00fc (mm)<\/td>\n<td>540x270x210 mm<\/td>\n<\/tr>\n<tr>\n<td>A\u011f\u0131rl\u0131k<\/td>\n<td>17 kg<\/td>\n<\/tr>\n<tr>\n<td>Voltaj<\/td>\n<td>220V (Monofaze)<\/td>\n<\/tr>\n<tr>\n<td>Max. kat\u0131 par\u00e7a (mm)<\/td>\n<td>25 mm<\/td>\n<\/tr>\n<tr>\n<td>Su s\u0131cakl\u0131\u011f\u0131<\/td>\n<td>40\u00b0C<\/td>\n<\/tr>\n<tr>\n<td>Max. dalma derinli\u011fi (m)<\/td>\n<td>5 m<\/td>\n<\/tr>\n<\/table>\n","protected":false},"excerpt":{"rendered":"<p>550W D\u00f6k\u00fcm G\u00f6vdeli Kirli Su Pompas\u0131<\/p>\n","protected":false},"featured_media":0,"comment_status":"open","ping_status":"closed","template":"","meta":{"_acf_changed":false},"product_brand":[1494],"product_cat":[1565],"product_tag":[],"class_list":{"0":"post-25829","1":"product","2":"type-product","3":"status-publish","5":"product_brand-factor","6":"product_cat-yok-yok","8":"first","9":"instock","10":"taxable","11":"shipping-taxable","12":"purchasable","13":"product-type-simple","14":"add-to-wishlist-after_add_to_cart"},"acf":[],"_links":{"self":[{"href":"https:\/\/www.makitamarket.com.tr\/site\/wp-json\/wp\/v2\/product\/25829","targetHints":{"allow":["GET"]}}],"collection":[{"href":"https:\/\/www.makitamarket.com.tr\/site\/wp-json\/wp\/v2\/product"}],"about":[{"href":"https:\/\/www.makitamarket.com.tr\/site\/wp-json\/wp\/v2\/types\/product"}],"replies":[{"embeddable":true,"href":"https:\/\/www.makitamarket.com.tr\/site\/wp-json\/wp\/v2\/comments?post=25829"}],"wp:attachment":[{"href":"https:\/\/www.makitamarket.com.tr\/site\/wp-json\/wp\/v2\/media?parent=25829"}],"wp:term":[{"taxonomy":"product_brand","embeddable":true,"href":"https:\/\/www.makitamarket.com.tr\/site\/wp-json\/wp\/v2\/product_brand?post=25829"},{"taxonomy":"product_cat","embeddable":true,"href":"https:\/\/www.makitamarket.com.tr\/site\/wp-json\/wp\/v2\/product_cat?post=25829"},{"taxonomy":"product_tag","embeddable":true,"href":"https:\/\/www.makitamarket.com.tr\/site\/wp-json\/wp\/v2\/product_tag?post=25829"}],"curies":[{"name":"wp","href":"https:\/\/api.w.org\/{rel}","templated":true}]}}