{"id":25841,"date":"2025-12-25T00:04:42","date_gmt":"2025-12-24T21:04:42","guid":{"rendered":"https:\/\/www.makitamarket.com.tr\/site\/urun\/factor-faccs550inox-n-550w-paslanmaz-govdeli-temiz-su-drenaj-pompasi\/"},"modified":"2026-04-13T23:39:38","modified_gmt":"2026-04-13T20:39:38","slug":"factor-faccs550inox-n-550w-paslanmaz-govdeli-temiz-su-drenaj-pompasi","status":"publish","type":"product","link":"https:\/\/www.makitamarket.com.tr\/site\/urun\/factor-faccs550inox-n-550w-paslanmaz-govdeli-temiz-su-drenaj-pompasi\/","title":{"rendered":"Factor FACCS550INOX-N 550W Paslanmaz G\u00f6vdeli Temiz Su Drenaj Pompas\u0131"},"content":{"rendered":"<p>550W Paslanmaz G\u00f6vdeli Temiz Su Drenaj Pompas\u0131<\/p>\n<table>\n<tr>\n<td>Max. kat\u0131 par\u00e7a (mm)<\/td>\n<td>5<\/td>\n<\/tr>\n<tr>\n<td>Kablo Uzunlu\u011fu<\/td>\n<td>10<\/td>\n<\/tr>\n<tr>\n<td>Max. dalma derinli\u011fi (m)<\/td>\n<td>7<\/td>\n<\/tr>\n<tr>\n<td>Su s\u0131cakl\u0131\u011f\u0131<\/td>\n<td>35\u00b0C<\/td>\n<\/tr>\n<tr>\n<td>Voltaj<\/td>\n<td>220V (Monofaze)<\/td>\n<\/tr>\n<tr>\n<td>A\u011f\u0131rl\u0131k<\/td>\n<td>4.5<\/td>\n<\/tr>\n<tr>\n<td>\u00c7\u0131k\u0131\u015f \u00e7ap\u0131<\/td>\n<td>1&#8221;,1 1\/4&#8221;<\/td>\n<\/tr>\n<tr>\n<td>Temiz \/ kirli su<\/td>\n<td>Temiz<\/td>\n<\/tr>\n<tr>\n<td>Kapasite<\/td>\n<td>8 m3\/saat<\/td>\n<\/tr>\n<tr>\n<td>Maksimum Y\u00fckseklik<\/td>\n<td>7<\/td>\n<\/tr>\n<tr>\n<td>G\u00fc\u00e7<\/td>\n<td>550 W<\/td>\n<\/tr>\n<\/table>\n","protected":false},"excerpt":{"rendered":"<p>550W Paslanmaz G\u00f6vdeli Temiz Su Drenaj Pompas\u0131<\/p>\n","protected":false},"featured_media":0,"comment_status":"open","ping_status":"closed","template":"","meta":{"_acf_changed":false},"product_brand":[1494],"product_cat":[1565],"product_tag":[],"class_list":{"0":"post-25841","1":"product","2":"type-product","3":"status-publish","5":"product_brand-factor","6":"product_cat-yok-yok","8":"first","9":"instock","10":"taxable","11":"shipping-taxable","12":"purchasable","13":"product-type-simple","14":"add-to-wishlist-after_add_to_cart"},"acf":[],"_links":{"self":[{"href":"https:\/\/www.makitamarket.com.tr\/site\/wp-json\/wp\/v2\/product\/25841","targetHints":{"allow":["GET"]}}],"collection":[{"href":"https:\/\/www.makitamarket.com.tr\/site\/wp-json\/wp\/v2\/product"}],"about":[{"href":"https:\/\/www.makitamarket.com.tr\/site\/wp-json\/wp\/v2\/types\/product"}],"replies":[{"embeddable":true,"href":"https:\/\/www.makitamarket.com.tr\/site\/wp-json\/wp\/v2\/comments?post=25841"}],"wp:attachment":[{"href":"https:\/\/www.makitamarket.com.tr\/site\/wp-json\/wp\/v2\/media?parent=25841"}],"wp:term":[{"taxonomy":"product_brand","embeddable":true,"href":"https:\/\/www.makitamarket.com.tr\/site\/wp-json\/wp\/v2\/product_brand?post=25841"},{"taxonomy":"product_cat","embeddable":true,"href":"https:\/\/www.makitamarket.com.tr\/site\/wp-json\/wp\/v2\/product_cat?post=25841"},{"taxonomy":"product_tag","embeddable":true,"href":"https:\/\/www.makitamarket.com.tr\/site\/wp-json\/wp\/v2\/product_tag?post=25841"}],"curies":[{"name":"wp","href":"https:\/\/api.w.org\/{rel}","templated":true}]}}