{"id":25856,"date":"2025-12-25T00:05:46","date_gmt":"2025-12-24T21:05:46","guid":{"rendered":"https:\/\/www.makitamarket.com.tr\/site\/urun\/factor-facfw45b-akulu-basincli-yikamali-45-bar\/"},"modified":"2026-04-13T23:39:44","modified_gmt":"2026-04-13T20:39:44","slug":"factor-facfw45b-akulu-basincli-yikamali-45-bar","status":"publish","type":"product","link":"https:\/\/www.makitamarket.com.tr\/site\/urun\/factor-facfw45b-akulu-basincli-yikamali-45-bar\/","title":{"rendered":"Factor FACFW45B Ak\u00fcl\u00fc Bas\u0131n\u00e7l\u0131 Y\u0131kamal\u0131 45 Bar"},"content":{"rendered":"<p>Ak\u00fcl\u00fc  Bas\u0131n\u00e7l\u0131 Y\u0131kamal\u0131 45 Bar<\/p>\n<table><\/table>\n","protected":false},"excerpt":{"rendered":"<p>Ak\u00fcl\u00fc  Bas\u0131n\u00e7l\u0131 Y\u0131kamal\u0131 45 Bar<\/p>\n","protected":false},"featured_media":0,"comment_status":"open","ping_status":"closed","template":"","meta":{"_acf_changed":false},"product_brand":[1494],"product_cat":[1565],"product_tag":[],"class_list":{"0":"post-25856","1":"product","2":"type-product","3":"status-publish","5":"product_brand-factor","6":"product_cat-yok-yok","8":"first","9":"instock","10":"taxable","11":"shipping-taxable","12":"purchasable","13":"product-type-simple","14":"add-to-wishlist-after_add_to_cart"},"acf":[],"_links":{"self":[{"href":"https:\/\/www.makitamarket.com.tr\/site\/wp-json\/wp\/v2\/product\/25856","targetHints":{"allow":["GET"]}}],"collection":[{"href":"https:\/\/www.makitamarket.com.tr\/site\/wp-json\/wp\/v2\/product"}],"about":[{"href":"https:\/\/www.makitamarket.com.tr\/site\/wp-json\/wp\/v2\/types\/product"}],"replies":[{"embeddable":true,"href":"https:\/\/www.makitamarket.com.tr\/site\/wp-json\/wp\/v2\/comments?post=25856"}],"wp:attachment":[{"href":"https:\/\/www.makitamarket.com.tr\/site\/wp-json\/wp\/v2\/media?parent=25856"}],"wp:term":[{"taxonomy":"product_brand","embeddable":true,"href":"https:\/\/www.makitamarket.com.tr\/site\/wp-json\/wp\/v2\/product_brand?post=25856"},{"taxonomy":"product_cat","embeddable":true,"href":"https:\/\/www.makitamarket.com.tr\/site\/wp-json\/wp\/v2\/product_cat?post=25856"},{"taxonomy":"product_tag","embeddable":true,"href":"https:\/\/www.makitamarket.com.tr\/site\/wp-json\/wp\/v2\/product_tag?post=25856"}],"curies":[{"name":"wp","href":"https:\/\/api.w.org\/{rel}","templated":true}]}}