{"id":25857,"date":"2025-12-25T00:05:47","date_gmt":"2025-12-24T21:05:47","guid":{"rendered":"https:\/\/www.makitamarket.com.tr\/site\/urun\/factor-facgk210-7-hp-benzinli-motor-kamali\/"},"modified":"2026-04-06T18:12:43","modified_gmt":"2026-04-06T15:12:43","slug":"factor-facgk210-7-hp-benzinli-motor-kamali","status":"publish","type":"product","link":"https:\/\/www.makitamarket.com.tr\/site\/urun\/factor-facgk210-7-hp-benzinli-motor-kamali\/","title":{"rendered":"Factor FACGK210 7 HP BENZ\u0130NL\u0130 MOTOR KAMALI"},"content":{"rendered":"<p>7 HP BENZ\u0130NL\u0130 MOTOR KAMALI<\/p>\n<table>\n<tr>\n<td>\u00c7ap x Stroke (mm)<\/td>\n<td>70&#215;55 mm<\/td>\n<\/tr>\n<tr>\n<td>A\u011f\u0131rl\u0131k<\/td>\n<td>17 kg<\/td>\n<\/tr>\n<tr>\n<td>Motor Devri<\/td>\n<td>3600 rpm<\/td>\n<\/tr>\n<tr>\n<td>Maksimum G\u00fc\u00e7<\/td>\n<td>7 hp<\/td>\n<\/tr>\n<tr>\n<td>Yak\u0131t Depo Kapasite (lt)<\/td>\n<td>3.6 L<\/td>\n<\/tr>\n<tr>\n<td>Krank Tipi<\/td>\n<td>kamal\u0131 (q1)<\/td>\n<\/tr>\n<tr>\n<td>\u00c7al\u0131\u015fma \u015eekli<\/td>\n<td>ipli<\/td>\n<\/tr>\n<tr>\n<td>Ya\u011f Tipi<\/td>\n<td>15w40<\/td>\n<\/tr>\n<tr>\n<td>Motor Tipi<\/td>\n<td>1 silindir hava so\u011futmal\u0131<\/td>\n<\/tr>\n<tr>\n<td>Silindir Hacmi<\/td>\n<td>212 cc<\/td>\n<\/tr>\n<tr>\n<td>Boyutlar<\/td>\n<td>315x362x335 mm<\/td>\n<\/tr>\n<tr>\n<td>Ya\u011f Kapasitesi<\/td>\n<td>0.6 L<\/td>\n<\/tr>\n<tr>\n<td>Hava Filtresi<\/td>\n<td>ya\u011fl\u0131 tip<\/td>\n<\/tr>\n<\/table>\n","protected":false},"excerpt":{"rendered":"<p>7 HP BENZ\u0130NL\u0130 MOTOR KAMALI<\/p>\n","protected":false},"featured_media":0,"comment_status":"open","ping_status":"closed","template":"","meta":{"_acf_changed":false},"product_brand":[1494],"product_cat":[1565],"product_tag":[],"class_list":{"0":"post-25857","1":"product","2":"type-product","3":"status-publish","5":"product_brand-factor","6":"product_cat-yok-yok","8":"first","9":"instock","10":"taxable","11":"shipping-taxable","12":"purchasable","13":"product-type-simple","14":"add-to-wishlist-after_add_to_cart"},"acf":[],"_links":{"self":[{"href":"https:\/\/www.makitamarket.com.tr\/site\/wp-json\/wp\/v2\/product\/25857","targetHints":{"allow":["GET"]}}],"collection":[{"href":"https:\/\/www.makitamarket.com.tr\/site\/wp-json\/wp\/v2\/product"}],"about":[{"href":"https:\/\/www.makitamarket.com.tr\/site\/wp-json\/wp\/v2\/types\/product"}],"replies":[{"embeddable":true,"href":"https:\/\/www.makitamarket.com.tr\/site\/wp-json\/wp\/v2\/comments?post=25857"}],"wp:attachment":[{"href":"https:\/\/www.makitamarket.com.tr\/site\/wp-json\/wp\/v2\/media?parent=25857"}],"wp:term":[{"taxonomy":"product_brand","embeddable":true,"href":"https:\/\/www.makitamarket.com.tr\/site\/wp-json\/wp\/v2\/product_brand?post=25857"},{"taxonomy":"product_cat","embeddable":true,"href":"https:\/\/www.makitamarket.com.tr\/site\/wp-json\/wp\/v2\/product_cat?post=25857"},{"taxonomy":"product_tag","embeddable":true,"href":"https:\/\/www.makitamarket.com.tr\/site\/wp-json\/wp\/v2\/product_tag?post=25857"}],"curies":[{"name":"wp","href":"https:\/\/api.w.org\/{rel}","templated":true}]}}