{"id":25863,"date":"2025-12-25T00:05:49","date_gmt":"2025-12-24T21:05:49","guid":{"rendered":"https:\/\/www.makitamarket.com.tr\/site\/urun\/factor-facjet1100g2-1100w-paslanmaz-celik-govdeli-seri-jet-pompa\/"},"modified":"2026-04-06T18:12:46","modified_gmt":"2026-04-06T15:12:46","slug":"factor-facjet1100g2-1100w-paslanmaz-celik-govdeli-seri-jet-pompa","status":"publish","type":"product","link":"https:\/\/www.makitamarket.com.tr\/site\/urun\/factor-facjet1100g2-1100w-paslanmaz-celik-govdeli-seri-jet-pompa\/","title":{"rendered":"Factor FACJET1100G2 1100W Paslanmaz \u00c7elik G\u00f6vdeli Seri Jet Pompa"},"content":{"rendered":"<p>1100W Paslanmaz \u00c7elik G\u00f6vdeli Seri Jet Pompa<\/p>\n<table>\n<tr>\n<td>\u00d6l\u00e7\u00fc<\/td>\n<td>410x205x235 mm<\/td>\n<\/tr>\n<tr>\n<td>Emme Derinli\u011fi<\/td>\n<td>9<\/td>\n<\/tr>\n<tr>\n<td>A\u011f\u0131rl\u0131k<\/td>\n<td>14.5 kg<\/td>\n<\/tr>\n<tr>\n<td>Voltaj<\/td>\n<td>220V (Monofaze)<\/td>\n<\/tr>\n<tr>\n<td>Giri\u015f \u00c7ap\u0131  (\u0130nch)<\/td>\n<td>1<\/td>\n<\/tr>\n<tr>\n<td>G\u00fc\u00e7<\/td>\n<td>1.1kW &#8211; 1.5HP<\/td>\n<\/tr>\n<tr>\n<td>Maks. Bas\u0131n\u00e7<\/td>\n<td>6bar<\/td>\n<\/tr>\n<tr>\n<td>\u00c7\u0131k\u0131\u015f \u00e7ap\u0131<\/td>\n<td>1<\/td>\n<\/tr>\n<tr>\n<td>Max. Basma Y\u00fcksekli\u011fi (m)<\/td>\n<td>50 m<\/td>\n<\/tr>\n<tr>\n<td>Maks. Debi<\/td>\n<td>6 m3\/Saat <\/td>\n<\/tr>\n<tr>\n<td>Basma Y\u00fcksekli\u011fi<\/td>\n<td>0.9-39.5 \/ 1.2-38 1.5-35.5 \/ 1.8-32 2.1-30 \/ 2.4-29 2.7-20 \/ 3-14 3.3-7 \/ 3.6-2<\/td>\n<\/tr>\n<\/table>\n","protected":false},"excerpt":{"rendered":"<p>1100W Paslanmaz \u00c7elik G\u00f6vdeli Seri Jet Pompa<\/p>\n","protected":false},"featured_media":0,"comment_status":"open","ping_status":"closed","template":"","meta":{"_acf_changed":false},"product_brand":[1494],"product_cat":[1565],"product_tag":[],"class_list":{"0":"post-25863","1":"product","2":"type-product","3":"status-publish","5":"product_brand-factor","6":"product_cat-yok-yok","8":"first","9":"instock","10":"taxable","11":"shipping-taxable","12":"purchasable","13":"product-type-simple","14":"add-to-wishlist-after_add_to_cart"},"acf":[],"_links":{"self":[{"href":"https:\/\/www.makitamarket.com.tr\/site\/wp-json\/wp\/v2\/product\/25863","targetHints":{"allow":["GET"]}}],"collection":[{"href":"https:\/\/www.makitamarket.com.tr\/site\/wp-json\/wp\/v2\/product"}],"about":[{"href":"https:\/\/www.makitamarket.com.tr\/site\/wp-json\/wp\/v2\/types\/product"}],"replies":[{"embeddable":true,"href":"https:\/\/www.makitamarket.com.tr\/site\/wp-json\/wp\/v2\/comments?post=25863"}],"wp:attachment":[{"href":"https:\/\/www.makitamarket.com.tr\/site\/wp-json\/wp\/v2\/media?parent=25863"}],"wp:term":[{"taxonomy":"product_brand","embeddable":true,"href":"https:\/\/www.makitamarket.com.tr\/site\/wp-json\/wp\/v2\/product_brand?post=25863"},{"taxonomy":"product_cat","embeddable":true,"href":"https:\/\/www.makitamarket.com.tr\/site\/wp-json\/wp\/v2\/product_cat?post=25863"},{"taxonomy":"product_tag","embeddable":true,"href":"https:\/\/www.makitamarket.com.tr\/site\/wp-json\/wp\/v2\/product_tag?post=25863"}],"curies":[{"name":"wp","href":"https:\/\/api.w.org\/{rel}","templated":true}]}}