{"id":25870,"date":"2025-12-25T00:05:51","date_gmt":"2025-12-24T21:05:51","guid":{"rendered":"https:\/\/www.makitamarket.com.tr\/site\/urun\/factor-fackgl10000ce-9-4-kva-benzinli-ipli-marsli-monofaz-jenerator\/"},"modified":"2026-04-13T23:40:36","modified_gmt":"2026-04-13T20:40:36","slug":"factor-fackgl10000ce-9-4-kva-benzinli-ipli-marsli-monofaz-jenerator","status":"publish","type":"product","link":"https:\/\/www.makitamarket.com.tr\/site\/urun\/factor-fackgl10000ce-9-4-kva-benzinli-ipli-marsli-monofaz-jenerator\/","title":{"rendered":"Factor FACKGL10000CE 9.4 KVA BENZ\u0130NL\u0130 \u0130PL\u0130 -MAR\u015eLI MONOFAZ JENERAT\u00d6R"},"content":{"rendered":"<p>9.4 KVA BENZ\u0130NL\u0130 \u0130PL\u0130 -MAR\u015eLI MONOFAZ  JENERAT\u00d6R<\/p>\n<table><\/table>\n","protected":false},"excerpt":{"rendered":"<p>9.4 KVA BENZ\u0130NL\u0130 \u0130PL\u0130 -MAR\u015eLI MONOFAZ  JENERAT\u00d6R<\/p>\n","protected":false},"featured_media":0,"comment_status":"open","ping_status":"closed","template":"","meta":{"_acf_changed":false},"product_brand":[1494],"product_cat":[1565],"product_tag":[],"class_list":{"0":"post-25870","1":"product","2":"type-product","3":"status-publish","5":"product_brand-factor","6":"product_cat-yok-yok","8":"first","9":"outofstock","10":"taxable","11":"shipping-taxable","12":"purchasable","13":"product-type-simple","14":"add-to-wishlist-after_add_to_cart"},"acf":[],"_links":{"self":[{"href":"https:\/\/www.makitamarket.com.tr\/site\/wp-json\/wp\/v2\/product\/25870","targetHints":{"allow":["GET"]}}],"collection":[{"href":"https:\/\/www.makitamarket.com.tr\/site\/wp-json\/wp\/v2\/product"}],"about":[{"href":"https:\/\/www.makitamarket.com.tr\/site\/wp-json\/wp\/v2\/types\/product"}],"replies":[{"embeddable":true,"href":"https:\/\/www.makitamarket.com.tr\/site\/wp-json\/wp\/v2\/comments?post=25870"}],"wp:attachment":[{"href":"https:\/\/www.makitamarket.com.tr\/site\/wp-json\/wp\/v2\/media?parent=25870"}],"wp:term":[{"taxonomy":"product_brand","embeddable":true,"href":"https:\/\/www.makitamarket.com.tr\/site\/wp-json\/wp\/v2\/product_brand?post=25870"},{"taxonomy":"product_cat","embeddable":true,"href":"https:\/\/www.makitamarket.com.tr\/site\/wp-json\/wp\/v2\/product_cat?post=25870"},{"taxonomy":"product_tag","embeddable":true,"href":"https:\/\/www.makitamarket.com.tr\/site\/wp-json\/wp\/v2\/product_tag?post=25870"}],"curies":[{"name":"wp","href":"https:\/\/api.w.org\/{rel}","templated":true}]}}