{"id":25890,"date":"2026-01-01T07:59:19","date_gmt":"2026-01-01T04:59:19","guid":{"rendered":"https:\/\/www.makitamarket.com.tr\/site\/urun\/knipex-2206160-knipex-2206160-yuvarlak-kargaburun\/"},"modified":"2026-04-13T23:31:44","modified_gmt":"2026-04-13T20:31:44","slug":"knipex-2206160-knipex-2206160-yuvarlak-kargaburun","status":"publish","type":"product","link":"https:\/\/www.makitamarket.com.tr\/site\/urun\/knipex-2206160-knipex-2206160-yuvarlak-kargaburun\/","title":{"rendered":"Knipex 2206160 KNIPEX 2206160 YUVARLAK KARGABURUN"},"content":{"rendered":"<p><strong>22 06 160 Yuvarlak pense<\/strong><\/p>\n<p>Yuvarlak, k\u0131sa \u00e7eneler; hassas ta\u015flanm\u0131\u015f Tel u\u00e7lar\u0131n\u0131 halka \u015feklinde b\u00fckmek i\u00e7in.<\/p>\n<p><strong>\u00c7ene kal\u0131nl\u0131\u011f\u0131 (eklem) (T1): <\/strong>9,5 mm<\/p>\n<p><strong>Tip Thickness (T2): <\/strong>3,0 mm<\/p>\n<p><strong>\u00c7ene uzunlu\u011fu (L3): <\/strong>30,0 mm<\/p>\n<p><strong>Kafa geni\u015fli\u011fi (W3): <\/strong>18 mm<\/p>\n<p><strong>VDE onayl\u0131: <\/strong>evet&nbsp;<\/p>\n<table><\/table>\n","protected":false},"excerpt":{"rendered":"<p><strong>22 06 160 Yuvarlak pense<\/strong><\/p>\n<p>Yuvarlak, k\u0131sa \u00e7eneler; hassas ta\u015flanm\u0131\u015f Tel u\u00e7lar\u0131n\u0131 halka \u015feklinde b\u00fckmek i\u00e7in.<\/p>\n<p><strong>\u00c7ene kal\u0131nl\u0131\u011f\u0131 (eklem) (T1): <\/strong>9,5 mm<\/p>\n<p><strong>Tip Thickness (T2): <\/strong>3,0 mm<\/p>\n<p><strong>\u00c7ene uzunlu\u011fu (L3): <\/strong>30,0 mm<\/p>\n<p><strong>Kafa geni\u015fli\u011fi (W3): <\/strong>18 mm<\/p>\n<p><strong>VDE onayl\u0131: <\/strong>evet&nbsp;<\/p>\n","protected":false},"featured_media":0,"comment_status":"open","ping_status":"closed","template":"","meta":{"_acf_changed":false},"product_brand":[1486],"product_cat":[1565],"product_tag":[],"class_list":{"0":"post-25890","1":"product","2":"type-product","3":"status-publish","5":"product_brand-knipex","6":"product_cat-yok-yok","8":"first","9":"instock","10":"taxable","11":"shipping-taxable","12":"purchasable","13":"product-type-simple","14":"add-to-wishlist-after_add_to_cart"},"acf":[],"_links":{"self":[{"href":"https:\/\/www.makitamarket.com.tr\/site\/wp-json\/wp\/v2\/product\/25890","targetHints":{"allow":["GET"]}}],"collection":[{"href":"https:\/\/www.makitamarket.com.tr\/site\/wp-json\/wp\/v2\/product"}],"about":[{"href":"https:\/\/www.makitamarket.com.tr\/site\/wp-json\/wp\/v2\/types\/product"}],"replies":[{"embeddable":true,"href":"https:\/\/www.makitamarket.com.tr\/site\/wp-json\/wp\/v2\/comments?post=25890"}],"wp:attachment":[{"href":"https:\/\/www.makitamarket.com.tr\/site\/wp-json\/wp\/v2\/media?parent=25890"}],"wp:term":[{"taxonomy":"product_brand","embeddable":true,"href":"https:\/\/www.makitamarket.com.tr\/site\/wp-json\/wp\/v2\/product_brand?post=25890"},{"taxonomy":"product_cat","embeddable":true,"href":"https:\/\/www.makitamarket.com.tr\/site\/wp-json\/wp\/v2\/product_cat?post=25890"},{"taxonomy":"product_tag","embeddable":true,"href":"https:\/\/www.makitamarket.com.tr\/site\/wp-json\/wp\/v2\/product_tag?post=25890"}],"curies":[{"name":"wp","href":"https:\/\/api.w.org\/{rel}","templated":true}]}}