{"id":25891,"date":"2026-01-01T07:59:45","date_gmt":"2026-01-01T04:59:45","guid":{"rendered":"https:\/\/www.makitamarket.com.tr\/site\/urun\/biglift-rm-pse1229n-tam-akulu-istif-makinasi\/"},"modified":"2026-04-06T18:03:47","modified_gmt":"2026-04-06T15:03:47","slug":"biglift-rm-pse1229n-tam-akulu-istif-makinasi","status":"publish","type":"product","link":"https:\/\/www.makitamarket.com.tr\/site\/urun\/biglift-rm-pse1229n-tam-akulu-istif-makinasi\/","title":{"rendered":"Biglift RM-PSE1229N TAM AK\u00dcL\u00dc \u0130ST\u0130F MAK\u0130NASI"},"content":{"rendered":"<p>1200 kg kald\u0131rma kapasitesine sahip tam ak\u00fcl\u00fc istif makinas\u0131, 2900 mm kald\u0131rma y\u00fcksekli\u011fi ile geni\u015f alanlarda verimli y\u00fck ta\u015f\u0131ma imkan\u0131 sunar. Elektromanyetik fren sistemi, g\u00fcvenli ve hassas frenlemeyi sa\u011flayarak operat\u00f6r\u00fcn kontrol\u00fcn\u00fc art\u0131r\u0131r.<\/p>\n<table>\n<tr>\n<td>Max. Geni\u015flik<\/td>\n<td>820<\/td>\n<\/tr>\n<tr>\n<td>G\u00f6vde Uzunlu\u011fu<\/td>\n<td>600<\/td>\n<\/tr>\n<tr>\n<td>Y\u00fck Tekerleri<\/td>\n<td>\u00d880&#215;70<\/td>\n<\/tr>\n<tr>\n<td>\u00c7atal Geni\u015fli\u011fi<\/td>\n<td>570<\/td>\n<\/tr>\n<tr>\n<td>Ak\u00fc<\/td>\n<td>2&#215;12\/80<\/td>\n<\/tr>\n<tr>\n<td>Mast Kapal\u0131 Y\u00fck.<\/td>\n<td>1982<\/td>\n<\/tr>\n<tr>\n<td>Mast A\u00e7\u0131k Y\u00fck.<\/td>\n<td>3389<\/td>\n<\/tr>\n<tr>\n<td>Kullan\u0131m \u015eekli<\/td>\n<td>Yaya<\/td>\n<\/tr>\n<tr>\n<td>Makina Uzunlu\u011fu<\/td>\n<td>1750<\/td>\n<\/tr>\n<tr>\n<td>Kald\u0131rma Kapasitesi<\/td>\n<td>1200<\/td>\n<\/tr>\n<tr>\n<td>Min. Y\u00fckseklik<\/td>\n<td>87<\/td>\n<\/tr>\n<tr>\n<td>Kald\u0131rma Y\u00fcksekli\u011fi<\/td>\n<td>2900<\/td>\n<\/tr>\n<tr>\n<td>Ak\u00fc A\u011f\u0131rl\u0131\u011f\u0131<\/td>\n<td>2&#215;26<\/td>\n<\/tr>\n<tr>\n<td>Y\u00fck Merkezi<\/td>\n<td>600<\/td>\n<\/tr>\n<tr>\n<td>\u00c7atal Uzunlu\u011fu<\/td>\n<td>1150<\/td>\n<\/tr>\n<tr>\n<td>A\u011f\u0131rl\u0131k Ak\u00fc Dahil<\/td>\n<td>550<\/td>\n<\/tr>\n<tr>\n<td>Fren<\/td>\n<td>Elektromanyetik<\/td>\n<\/tr>\n<tr>\n<td>Y\u00fcr\u00fcy\u00fc\u015f Tekerleri<\/td>\n<td>\u00d8 210&#215;70<\/td>\n<\/tr>\n<\/table>\n","protected":false},"excerpt":{"rendered":"<p>1200 kg kald\u0131rma kapasitesine sahip tam ak\u00fcl\u00fc istif makinas\u0131, 2900 mm kald\u0131rma y\u00fcksekli\u011fi ile geni\u015f alanlarda verimli y\u00fck ta\u015f\u0131ma imkan\u0131 sunar. Elektromanyetik fren sistemi, g\u00fcvenli ve hassas frenlemeyi sa\u011flayarak operat\u00f6r\u00fcn kontrol\u00fcn\u00fc art\u0131r\u0131r.<\/p>\n","protected":false},"featured_media":0,"comment_status":"open","ping_status":"closed","template":"","meta":{"_acf_changed":false},"product_brand":[1490],"product_cat":[1565],"product_tag":[],"class_list":{"0":"post-25891","1":"product","2":"type-product","3":"status-publish","5":"product_brand-biglift","6":"product_cat-yok-yok","8":"first","9":"instock","10":"taxable","11":"shipping-taxable","12":"purchasable","13":"product-type-simple","14":"add-to-wishlist-after_add_to_cart"},"acf":[],"_links":{"self":[{"href":"https:\/\/www.makitamarket.com.tr\/site\/wp-json\/wp\/v2\/product\/25891","targetHints":{"allow":["GET"]}}],"collection":[{"href":"https:\/\/www.makitamarket.com.tr\/site\/wp-json\/wp\/v2\/product"}],"about":[{"href":"https:\/\/www.makitamarket.com.tr\/site\/wp-json\/wp\/v2\/types\/product"}],"replies":[{"embeddable":true,"href":"https:\/\/www.makitamarket.com.tr\/site\/wp-json\/wp\/v2\/comments?post=25891"}],"wp:attachment":[{"href":"https:\/\/www.makitamarket.com.tr\/site\/wp-json\/wp\/v2\/media?parent=25891"}],"wp:term":[{"taxonomy":"product_brand","embeddable":true,"href":"https:\/\/www.makitamarket.com.tr\/site\/wp-json\/wp\/v2\/product_brand?post=25891"},{"taxonomy":"product_cat","embeddable":true,"href":"https:\/\/www.makitamarket.com.tr\/site\/wp-json\/wp\/v2\/product_cat?post=25891"},{"taxonomy":"product_tag","embeddable":true,"href":"https:\/\/www.makitamarket.com.tr\/site\/wp-json\/wp\/v2\/product_tag?post=25891"}],"curies":[{"name":"wp","href":"https:\/\/api.w.org\/{rel}","templated":true}]}}