{"id":25915,"date":"2026-01-01T08:33:18","date_gmt":"2026-01-01T05:33:18","guid":{"rendered":"https:\/\/www.makitamarket.com.tr\/site\/urun\/makita-ml007g-santiye-isigi-solo-40v\/"},"modified":"2026-04-06T18:31:04","modified_gmt":"2026-04-06T15:31:04","slug":"makita-ml007g-santiye-isigi-solo-40v","status":"publish","type":"product","link":"https:\/\/www.makitamarket.com.tr\/site\/urun\/makita-ml007g-santiye-isigi-solo-40v\/","title":{"rendered":"Makita ML007G \u015eantiye I\u015f\u0131\u011f\u0131 (Solo 40v)"},"content":{"rendered":"<p><strong class=\"red-title\" style=\"font-size: 16px;\">A\u00e7\u0131klama:<\/strong> <span><\/p>\n<p>Model ML007G<\/p>\n<p>\u015eantiye I\u015f\u0131\u011f\u0131<\/p>\n<p>40Vmax&nbsp;\u2022 1.250 lm<\/p>\n<p><span style=\"color: rgb(0, 112, 192);\">1250 L\u00fcmen G\u00fcc\u00fcnde Profesyonel Ayd\u0131nlatma Sa\u011flayan ML007G \u015eantiye I\u015f\u0131\u011f\u0131<\/span><\/p>\n<p>Makita ML007G, 40Vmax XGT\u00ae Li-ion ak\u00fc sistemiyle \u00e7al\u0131\u015fan, 1.250 l\u00fcmen maksimum \u0131\u015f\u0131k ak\u0131s\u0131na sahip g\u00fc\u00e7l\u00fc bir modeldir. Hem i\u00e7 hem d\u0131\u015f mekanlarda profesyonel kullan\u0131m i\u00e7in tasarlanan bu model, d\u00f6rt farkl\u0131 ayd\u0131nlatma modu, uzun menzilli \u0131\u015f\u0131k kapasitesi ve y\u00fcksek dayan\u0131kl\u0131l\u0131\u011f\u0131 ile \u015fantiyelerde ve bak\u0131m-onar\u0131m \u00e7al\u0131\u015fmalar\u0131nda g\u00fcvenilir bir ayd\u0131nlatma \u00e7\u00f6z\u00fcm\u00fc sunar.<\/p>\n<p><\/span><strong class=\"red-title\" style=\"font-size: 16px;\">Kullan\u0131m Amac\u0131:<\/strong> <span><\/p>\n<p>Bu el feneri; \u015fantiye \u00e7al\u0131\u015fmalar\u0131, ekipman kontrolleri, d\u0131\u015f mekan uygulamalar\u0131 ve karanl\u0131k ortamlarda g\u00fc\u00e7l\u00fc ayd\u0131nlatma sa\u011flamak i\u00e7in geli\u015ftirilmi\u015ftir.<\/p>\n<p><\/span><strong class=\"red-title\" style=\"font-size: 16px;\">\u00d6zellikler:<\/strong> <span><\/p>\n<p>XGT(Next Generation Technology Extreme Power); yenilik\u00e7i tasar\u0131m ve 40 volt ak\u00fclerle zorlu taleplerin kar\u015f\u0131land\u0131\u011f\u0131 in\u015faat,end\u00fcstri,bah\u00e7ecilik ve bir\u00e7ok alanda kullan\u0131labilen \u00fcr\u00fcnlerin kar\u0131\u015f\u0131m\u0131d\u0131r.XGT ak\u00fcleri son derece dayan\u0131kl\u0131 olacak \u015fekilde tasarlanm\u0131\u015f olup ak\u00fcleri su ge\u00e7irmez \u00fc\u00e7 katmanl\u0131 bir yap\u0131ya ve darbelere kar\u015f\u0131 korunakl\u0131 olacak \u015fekilde tasarlanm\u0131\u015ft\u0131r.<\/p>\n<p>XPT(Ekstra Koruma Teknolojisi) sayesinde nemli ve ya\u011fmurlu ortamlarda kullan\u0131labilir. D\u00fc\u015fmeye kar\u015f\u0131 ekstra dayan\u0131kl\u0131d\u0131r.<\/p>\n<p><strong>Teknik \u00d6zellikler:<\/strong><\/p>\n<ol>\n<li data-list=\"bullet\"><span class=\"ql-ui\" contenteditable=\"false\"><\/span>\u00c7al\u0131\u015fma s\u00fcreleri (yakla\u015f\u0131k):<\/li>\n<li data-list=\"bullet\" class=\"ql-indent-1\"><span class=\"ql-ui\" contenteditable=\"false\"><\/span>BL4020: 5.5 \/ 3.5 \/ 5.5 \/ 5.5 saat<\/li>\n<li data-list=\"bullet\" class=\"ql-indent-1\"><span class=\"ql-ui\" contenteditable=\"false\"><\/span>BL4025: 6.5 \/ 4.5 \/ 6.5 \/ 6.5 saat<\/li>\n<li data-list=\"bullet\" class=\"ql-indent-1\"><span class=\"ql-ui\" contenteditable=\"false\"><\/span>BL4040: 10 \/ 7.5 \/ 10 \/ 10 saat<\/li>\n<li data-list=\"bullet\" class=\"ql-indent-1\"><span class=\"ql-ui\" contenteditable=\"false\"><\/span>BL4050F: 13 \/ 9.5 \/ 13 \/ 13 saat<\/li>\n<li data-list=\"bullet\" class=\"ql-indent-1\"><span class=\"ql-ui\" contenteditable=\"false\"><\/span>BL4080F: 22 \/ 15 \/ 22 \/ 22 saat<\/li>\n<li data-list=\"bullet\"><span class=\"ql-ui\" contenteditable=\"false\"><\/span>Kafa a\u00e7\u0131s\u0131: 90\u00b0 ayarlanabilir<\/li>\n<li data-list=\"bullet\"><span class=\"ql-ui\" contenteditable=\"false\"><\/span>\u00d6l\u00e7\u00fcler 273 x 120 x 106 mm (ak\u00fcs\u00fcz) \u2022 370 x 120 x 152 mm (BL4080F ile)<\/li>\n<\/ol>\n<p><\/span><strong class=\"red-title\" style=\"font-size: 16px;\">Paket \u0130\u00e7eri\u011fi:<\/strong> <span><\/p>\n<p><\/p>\n<p><\/span><\/p>\n<div class=\"product-logos\">\n<div class=\"product-logos-item\">\n<div class=\"product-logos-item-image\">\n<p>            <a href=\"https:\/\/www.makita.com.tr\/makita\/teknolojileri\/xgt\" target=\"_blank\"><br \/>\n                <img decoding=\"async\" src=\"https:\/\/fi.makitamedia.com\/images\/3_Makita\/305_logos\/3052_jpg\/XGT.jpg\" alt=\"XGT\" style=\"width: 80px; height: 50px; margin-right: 25px;\"><br \/>\n            <\/a><\/p><\/div><\/div><\/div>\n<table>\n<tr>\n<td>L\u00fcmen<\/td>\n<td>1.250<\/td>\n<\/tr>\n<tr>\n<td>Net A\u011f\u0131rl\u0131k<\/td>\n<td>1.6 <\/td>\n<\/tr>\n<tr>\n<td>Ak\u00fc \/ \u015earj Cihaz\u0131<\/td>\n<td> BL4040\/DC40RA<\/td>\n<\/tr>\n<tr>\n<td>G\u00fc\u00e7 kapasite<\/td>\n<td>40V\/Li-ion<\/td>\n<\/tr>\n<\/table>\n","protected":false},"excerpt":{"rendered":"<p><strong class=\"red-title\" style=\"font-size: 16px;\">A\u00e7\u0131klama:<\/strong> <span><\/p>\n<p>Model ML007G<\/p>\n<p>\u015eantiye I\u015f\u0131\u011f\u0131<\/p>\n<p>40Vmax&nbsp;\u2022 1.250 lm<\/p>\n<p><span style=\"color: rgb(0, 112, 192);\">1250 L\u00fcmen G\u00fcc\u00fcnde Profesyonel Ayd\u0131nlatma Sa\u011flayan ML007G \u015eantiye I\u015f\u0131\u011f\u0131<\/span><\/p>\n<p>Makita ML007G, 40Vmax XGT\u00ae Li-ion ak\u00fc sistemiyle \u00e7al\u0131\u015fan, 1.250 l\u00fcmen maksimum \u0131\u015f\u0131k ak\u0131s\u0131na sahip g\u00fc\u00e7l\u00fc bir modeldir. Hem i\u00e7 hem d\u0131\u015f mekanlarda profesyonel kullan\u0131m i\u00e7in tasarlanan bu model, d\u00f6rt farkl\u0131 ayd\u0131nlatma modu, uzun menzilli \u0131\u015f\u0131k kapasitesi ve y\u00fcksek dayan\u0131kl\u0131l\u0131\u011f\u0131 ile \u015fantiyelerde ve bak\u0131m-onar\u0131m \u00e7al\u0131\u015fmalar\u0131nda g\u00fcvenilir bir ayd\u0131nlatma \u00e7\u00f6z\u00fcm\u00fc sunar.<\/p>\n<p><\/span><strong class=\"red-title\" style=\"font-size: 16px;\">Kullan\u0131m Amac\u0131:<\/strong> <span><\/p>\n<p>Bu el feneri; \u015fantiye \u00e7al\u0131\u015fmalar\u0131, ekipman kontrolleri, d\u0131\u015f mekan uygulamalar\u0131 ve karanl\u0131k ortamlarda g\u00fc\u00e7l\u00fc ayd\u0131nlatma sa\u011flamak i\u00e7in geli\u015ftirilmi\u015ftir.<\/p>\n<p><\/span><strong class=\"red-title\" style=\"font-size: 16px;\">\u00d6zellikler:<\/strong> <span><\/p>\n<p>XGT(Next Generation Technology Extreme Power); yenilik\u00e7i tasar\u0131m ve 40 volt ak\u00fclerle zorlu taleplerin kar\u015f\u0131land\u0131\u011f\u0131 in\u015faat,end\u00fcstri,bah\u00e7ecilik ve bir\u00e7ok alanda kullan\u0131labilen \u00fcr\u00fcnlerin kar\u0131\u015f\u0131m\u0131d\u0131r.XGT ak\u00fcleri son derece dayan\u0131kl\u0131 olacak \u015fekilde tasarlanm\u0131\u015f olup ak\u00fcleri su ge\u00e7irmez \u00fc\u00e7 katmanl\u0131 bir yap\u0131ya ve darbelere kar\u015f\u0131 korunakl\u0131 olacak \u015fekilde tasarlanm\u0131\u015ft\u0131r.<\/p>\n<p>XPT(Ekstra Koruma Teknolojisi) sayesinde nemli ve ya\u011fmurlu ortamlarda kullan\u0131labilir. D\u00fc\u015fmeye kar\u015f\u0131 ekstra dayan\u0131kl\u0131d\u0131r.<\/p>\n<p><strong>Teknik \u00d6zellikler:<\/strong><\/p>\n<ol>\n<li data-list=\"bullet\"><span class=\"ql-ui\" contenteditable=\"false\"><\/span>\u00c7al\u0131\u015fma s\u00fcreleri (yakla\u015f\u0131k):<\/li>\n<li data-list=\"bullet\" class=\"ql-indent-1\"><span class=\"ql-ui\" contenteditable=\"false\"><\/span>BL4020: 5.5 \/ 3.5 \/ 5.5 \/ 5.5 saat<\/li>\n<li data-list=\"bullet\" class=\"ql-indent-1\"><span class=\"ql-ui\" contenteditable=\"false\"><\/span>BL4025: 6.5 \/ 4.5 \/ 6.5 \/ 6.5 saat<\/li>\n<li data-list=\"bullet\" class=\"ql-indent-1\"><span class=\"ql-ui\" contenteditable=\"false\"><\/span>BL4040: 10 \/ 7.5 \/ 10 \/ 10 saat<\/li>\n<li data-list=\"bullet\" class=\"ql-indent-1\"><span class=\"ql-ui\" contenteditable=\"false\"><\/span>BL4050F: 13 \/ 9.5 \/ 13 \/ 13 saat<\/li>\n<li data-list=\"bullet\" class=\"ql-indent-1\"><span class=\"ql-ui\" contenteditable=\"false\"><\/span>BL4080F: 22 \/ 15 \/ 22 \/ 22 saat<\/li>\n<li data-list=\"bullet\"><span class=\"ql-ui\" contenteditable=\"false\"><\/span>Kafa a\u00e7\u0131s\u0131: 90\u00b0 ayarlanabilir<\/li>\n<li data-list=\"bullet\"><span class=\"ql-ui\" contenteditable=\"false\"><\/span>\u00d6l\u00e7\u00fcler 273 x 120 x 106 mm (ak\u00fcs\u00fcz) \u2022 370 x 120 x 152 mm (BL4080F ile)<\/li>\n<\/ol>\n<p><\/span><strong class=\"red-title\" style=\"font-size: 16px;\">Paket \u0130\u00e7eri\u011fi:<\/strong> <span><\/p>\n<p><\/p>\n<p><\/span><\/p>\n<div class=\"product-logos\">\n<div class=\"product-logos-item\">\n<div class=\"product-logos-item-image\">\n<p>            <a href=\"https:\/\/www.makita.com.tr\/makita\/teknolojileri\/xgt\" target=\"_blank\"><br \/>\n                <img decoding=\"async\" src=\"https:\/\/fi.makitamedia.com\/images\/3_Makita\/305_logos\/3052_jpg\/XGT.jpg\" alt=\"XGT\" style=\"width: 80px; height: 50px; margin-right: 25px;\"><br \/>\n            <\/a><\/p><\/div>\n<\/p><\/div>\n<\/p><\/div>\n","protected":false},"featured_media":0,"comment_status":"open","ping_status":"closed","template":"","meta":{"_acf_changed":false},"product_brand":[1485],"product_cat":[1565],"product_tag":[],"class_list":{"0":"post-25915","1":"product","2":"type-product","3":"status-publish","5":"product_brand-makita","6":"product_cat-yok-yok","8":"first","9":"instock","10":"taxable","11":"shipping-taxable","12":"purchasable","13":"product-type-simple","14":"add-to-wishlist-after_add_to_cart"},"acf":[],"_links":{"self":[{"href":"https:\/\/www.makitamarket.com.tr\/site\/wp-json\/wp\/v2\/product\/25915","targetHints":{"allow":["GET"]}}],"collection":[{"href":"https:\/\/www.makitamarket.com.tr\/site\/wp-json\/wp\/v2\/product"}],"about":[{"href":"https:\/\/www.makitamarket.com.tr\/site\/wp-json\/wp\/v2\/types\/product"}],"replies":[{"embeddable":true,"href":"https:\/\/www.makitamarket.com.tr\/site\/wp-json\/wp\/v2\/comments?post=25915"}],"wp:attachment":[{"href":"https:\/\/www.makitamarket.com.tr\/site\/wp-json\/wp\/v2\/media?parent=25915"}],"wp:term":[{"taxonomy":"product_brand","embeddable":true,"href":"https:\/\/www.makitamarket.com.tr\/site\/wp-json\/wp\/v2\/product_brand?post=25915"},{"taxonomy":"product_cat","embeddable":true,"href":"https:\/\/www.makitamarket.com.tr\/site\/wp-json\/wp\/v2\/product_cat?post=25915"},{"taxonomy":"product_tag","embeddable":true,"href":"https:\/\/www.makitamarket.com.tr\/site\/wp-json\/wp\/v2\/product_tag?post=25915"}],"curies":[{"name":"wp","href":"https:\/\/api.w.org\/{rel}","templated":true}]}}