{"id":25974,"date":"2026-01-23T19:21:05","date_gmt":"2026-01-23T16:21:05","guid":{"rendered":"https:\/\/www.makitamarket.com.tr\/site\/urun\/makita-vc008gz-akulu-sirt-supurgesi\/"},"modified":"2026-04-13T23:56:45","modified_gmt":"2026-04-13T20:56:45","slug":"makita-vc008gz-akulu-sirt-supurgesi","status":"publish","type":"product","link":"https:\/\/www.makitamarket.com.tr\/site\/urun\/makita-vc008gz-akulu-sirt-supurgesi\/","title":{"rendered":"Makita VC008GZ Ak\u00fcl\u00fc S\u0131rt S\u00fcp\u00fcrgesi"},"content":{"rendered":"<p><strong class=\"red-title\" style=\"font-size: 16px;\">A\u00e7\u0131klama:<\/strong> <span><\/p>\n<p><strong>VC008G<\/strong><\/p>\n<p><strong>Ak\u00fcl\u00fc S\u0131rt Tipi Elektrikli S\u00fcp\u00fcrge<\/strong><\/p>\n<p><strong>40Vmax XGT \u2022 BL Motor \u2022 HEPA Filtre \u2022 18 kPa \u2022 4 Kademeli G\u00fc\u00e7 Modu<\/strong><\/p>\n<p>40Vmax XGT platformuna sahip, k\u00f6m\u00fcrs\u00fcz motorlu ve HEPA filtreli profesyonel s\u0131rt tipi elektrikli s\u00fcp\u00fcrge. G\u00fc\u00e7l\u00fc emi\u015f performans\u0131, d\u00fc\u015f\u00fck ses seviyesi ve ergonomik s\u0131rt tasar\u0131m\u0131 ile \u00f6zellikle bina bak\u0131m ve profesyonel temizlik uygulamalar\u0131 i\u00e7in geli\u015ftirilmi\u015ftir.<\/p>\n<p><\/span><strong class=\"red-title\" style=\"font-size: 16px;\">Kullan\u0131m Amac\u0131:<\/strong> <span><\/p>\n<p>Bina bak\u0131m\u0131, ofis temizli\u011fi, end\u00fcstriyel alanlar ve geni\u015f hacimli temizlik uygulamalar\u0131nda toz ve ince partik\u00fcllerin etkin \u015fekilde temizlenmesi i\u00e7in tasarlanm\u0131\u015ft\u0131r.<\/p>\n<p><\/span><strong class=\"red-title\" style=\"font-size: 16px;\">\u00d6zellikler:<\/strong> <span><\/p>\n<p>XGT(Next Generation Technology Extreme Power); yenilik\u00e7i tasar\u0131m ve 40 volt ak\u00fclerle zorlu taleplerin kar\u015f\u0131land\u0131\u011f\u0131 in\u015faat,end\u00fcstri,bah\u00e7ecilik ve bir\u00e7ok alanda kullan\u0131labilen \u00fcr\u00fcnlerin kar\u0131\u015f\u0131m\u0131d\u0131r.XGT ak\u00fcleri son derece dayan\u0131kl\u0131 olacak \u015fekilde tasarlanm\u0131\u015f olup ak\u00fcleri su ge\u00e7irmez \u00fc\u00e7 katmanl\u0131 bir yap\u0131ya ve darbelere kar\u015f\u0131 korunakl\u0131 olacak \u015fekilde tasarlanm\u0131\u015ft\u0131r.<\/p>\n<p>BL Motor\/K\u00f6m\u00fcrs\u00fcz Motor mevcuttur. K\u00f6m\u00fcrs\u00fcz motor sayesinde \u00e7al\u0131\u015fma esnas\u0131nda olu\u015fan \u0131s\u0131 enerjisi kaybolmaz ve makinenin g\u00fcc\u00fcne iletilir.<\/p>\n<ol>\n<li data-list=\"bullet\"><span class=\"ql-ui\" contenteditable=\"false\"><\/span>Otomatik 4 h\u0131z mevcuttur.<\/li>\n<li data-list=\"bullet\"><span class=\"ql-ui\" contenteditable=\"false\"><\/span>D\u00f6ner Hortum vard\u0131r.<\/li>\n<li data-list=\"ordered\"><span class=\"ql-ui\" contenteditable=\"false\"><\/span>Statik Serbest Hortum mevcuttur.<\/li>\n<li data-list=\"ordered\"><span class=\"ql-ui\" contenteditable=\"false\"><\/span>Led \u0131\u015f\u0131\u011f\u0131 vard\u0131r.<\/li>\n<\/ol>\n<p><\/span><strong class=\"red-title\" style=\"font-size: 16px;\">Paket \u0130\u00e7eri\u011fi:<\/strong> <span><\/p>\n<p><strong style=\"color: rgb(238, 0, 0);\">Ak\u00fc ve \u015farj cihaz\u0131 dahil de\u011fildir.<\/strong><\/p>\n<p>Ambalaj i\u00e7eri\u011fi: Hortum, anahtarlama ba\u015fl\u0131\u011f\u0131, teleskopik boru, ba\u015fl\u0131k, filtre, toz torbas\u0131.<\/p>\n<p><\/span><\/p>\n<div class=\"product-logos\">\n<div class=\"product-logos-item\">\n<div class=\"product-logos-item-image\">\n<p>            <a href=\"https:\/\/www.makita.com.tr\/makita\/teknolojileri\/xgt\" target=\"_blank\"><br \/>\n                <img decoding=\"async\" src=\"https:\/\/fi.makitamedia.com\/images\/3_Makita\/305_logos\/3052_jpg\/XGT.jpg\" alt=\"XGT\" style=\"width: 80px; height: 50px; margin-right: 25px;\"><br \/>\n            <\/a><\/p><\/div><\/div><\/div>\n<table>\n<tr>\n<td>Net A\u011f\u0131rl\u0131k<\/td>\n<td>4.1<\/td>\n<\/tr>\n<tr>\n<td>Vakum Bas\u0131nc\u0131<\/td>\n<td>18 kPa<\/td>\n<\/tr>\n<tr>\n<td>Vakum G\u00fcc\u00fc<\/td>\n<td>Mod1:25 Mod2: 55 Mod3:100 W Mod4:195 W<\/td>\n<\/tr>\n<tr>\n<td>Ses seviyesi<\/td>\n<td>72 dB(A)<\/td>\n<\/tr>\n<tr>\n<td>Hava ak\u0131\u015f\u0131<\/td>\n<td>2.4 m3\/dk<\/td>\n<\/tr>\n<tr>\n<td>Kapasite<\/td>\n<td>2 Lt<\/td>\n<\/tr>\n<tr>\n<td>Titre\u015fim<\/td>\n<td>2.5 m\/s2 veya daha az<\/td>\n<\/tr>\n<\/table>\n","protected":false},"excerpt":{"rendered":"<p><strong class=\"red-title\" style=\"font-size: 16px;\">A\u00e7\u0131klama:<\/strong> <span><\/p>\n<p><strong>VC008G<\/strong><\/p>\n<p><strong>Ak\u00fcl\u00fc S\u0131rt Tipi Elektrikli S\u00fcp\u00fcrge<\/strong><\/p>\n<p><strong>40Vmax XGT \u2022 BL Motor \u2022 HEPA Filtre \u2022 18 kPa \u2022 4 Kademeli G\u00fc\u00e7 Modu<\/strong><\/p>\n<p>40Vmax XGT platformuna sahip, k\u00f6m\u00fcrs\u00fcz motorlu ve HEPA filtreli profesyonel s\u0131rt tipi elektrikli s\u00fcp\u00fcrge. G\u00fc\u00e7l\u00fc emi\u015f performans\u0131, d\u00fc\u015f\u00fck ses seviyesi ve ergonomik s\u0131rt tasar\u0131m\u0131 ile \u00f6zellikle bina bak\u0131m ve profesyonel temizlik uygulamalar\u0131 i\u00e7in geli\u015ftirilmi\u015ftir.<\/p>\n<p><\/span><strong class=\"red-title\" style=\"font-size: 16px;\">Kullan\u0131m Amac\u0131:<\/strong> <span><\/p>\n<p>Bina bak\u0131m\u0131, ofis temizli\u011fi, end\u00fcstriyel alanlar ve geni\u015f hacimli temizlik uygulamalar\u0131nda toz ve ince partik\u00fcllerin etkin \u015fekilde temizlenmesi i\u00e7in tasarlanm\u0131\u015ft\u0131r.<\/p>\n<p><\/span><strong class=\"red-title\" style=\"font-size: 16px;\">\u00d6zellikler:<\/strong> <span><\/p>\n<p>XGT(Next Generation Technology Extreme Power); yenilik\u00e7i tasar\u0131m ve 40 volt ak\u00fclerle zorlu taleplerin kar\u015f\u0131land\u0131\u011f\u0131 in\u015faat,end\u00fcstri,bah\u00e7ecilik ve bir\u00e7ok alanda kullan\u0131labilen \u00fcr\u00fcnlerin kar\u0131\u015f\u0131m\u0131d\u0131r.XGT ak\u00fcleri son derece dayan\u0131kl\u0131 olacak \u015fekilde tasarlanm\u0131\u015f olup ak\u00fcleri su ge\u00e7irmez \u00fc\u00e7 katmanl\u0131 bir yap\u0131ya ve darbelere kar\u015f\u0131 korunakl\u0131 olacak \u015fekilde tasarlanm\u0131\u015ft\u0131r.<\/p>\n<p>BL Motor\/K\u00f6m\u00fcrs\u00fcz Motor mevcuttur. K\u00f6m\u00fcrs\u00fcz motor sayesinde \u00e7al\u0131\u015fma esnas\u0131nda olu\u015fan \u0131s\u0131 enerjisi kaybolmaz ve makinenin g\u00fcc\u00fcne iletilir.<\/p>\n<ol>\n<li data-list=\"bullet\"><span class=\"ql-ui\" contenteditable=\"false\"><\/span>Otomatik 4 h\u0131z mevcuttur.<\/li>\n<li data-list=\"bullet\"><span class=\"ql-ui\" contenteditable=\"false\"><\/span>D\u00f6ner Hortum vard\u0131r.<\/li>\n<li data-list=\"ordered\"><span class=\"ql-ui\" contenteditable=\"false\"><\/span>Statik Serbest Hortum mevcuttur.<\/li>\n<li data-list=\"ordered\"><span class=\"ql-ui\" contenteditable=\"false\"><\/span>Led \u0131\u015f\u0131\u011f\u0131 vard\u0131r.<\/li>\n<\/ol>\n<p><\/span><strong class=\"red-title\" style=\"font-size: 16px;\">Paket \u0130\u00e7eri\u011fi:<\/strong> <span><\/p>\n<p><strong style=\"color: rgb(238, 0, 0);\">Ak\u00fc ve \u015farj cihaz\u0131 dahil de\u011fildir.<\/strong><\/p>\n<p>Ambalaj i\u00e7eri\u011fi: Hortum, anahtarlama ba\u015fl\u0131\u011f\u0131, teleskopik boru, ba\u015fl\u0131k, filtre, toz torbas\u0131.<\/p>\n<p><\/span><\/p>\n<div class=\"product-logos\">\n<div class=\"product-logos-item\">\n<div class=\"product-logos-item-image\">\n<p>            <a href=\"https:\/\/www.makita.com.tr\/makita\/teknolojileri\/xgt\" target=\"_blank\"><br \/>\n                <img decoding=\"async\" src=\"https:\/\/fi.makitamedia.com\/images\/3_Makita\/305_logos\/3052_jpg\/XGT.jpg\" alt=\"XGT\" style=\"width: 80px; height: 50px; margin-right: 25px;\"><br \/>\n            <\/a><\/p><\/div>\n<\/p><\/div>\n<\/p><\/div>\n","protected":false},"featured_media":0,"comment_status":"open","ping_status":"closed","template":"","meta":{"_acf_changed":false},"product_brand":[1485],"product_cat":[1565],"product_tag":[],"class_list":{"0":"post-25974","1":"product","2":"type-product","3":"status-publish","5":"product_brand-makita","6":"product_cat-yok-yok","8":"first","9":"instock","10":"taxable","11":"shipping-taxable","12":"purchasable","13":"product-type-simple","14":"add-to-wishlist-after_add_to_cart"},"acf":[],"_links":{"self":[{"href":"https:\/\/www.makitamarket.com.tr\/site\/wp-json\/wp\/v2\/product\/25974","targetHints":{"allow":["GET"]}}],"collection":[{"href":"https:\/\/www.makitamarket.com.tr\/site\/wp-json\/wp\/v2\/product"}],"about":[{"href":"https:\/\/www.makitamarket.com.tr\/site\/wp-json\/wp\/v2\/types\/product"}],"replies":[{"embeddable":true,"href":"https:\/\/www.makitamarket.com.tr\/site\/wp-json\/wp\/v2\/comments?post=25974"}],"wp:attachment":[{"href":"https:\/\/www.makitamarket.com.tr\/site\/wp-json\/wp\/v2\/media?parent=25974"}],"wp:term":[{"taxonomy":"product_brand","embeddable":true,"href":"https:\/\/www.makitamarket.com.tr\/site\/wp-json\/wp\/v2\/product_brand?post=25974"},{"taxonomy":"product_cat","embeddable":true,"href":"https:\/\/www.makitamarket.com.tr\/site\/wp-json\/wp\/v2\/product_cat?post=25974"},{"taxonomy":"product_tag","embeddable":true,"href":"https:\/\/www.makitamarket.com.tr\/site\/wp-json\/wp\/v2\/product_tag?post=25974"}],"curies":[{"name":"wp","href":"https:\/\/api.w.org\/{rel}","templated":true}]}}