{"id":25976,"date":"2026-01-23T19:21:06","date_gmt":"2026-01-23T16:21:06","guid":{"rendered":"https:\/\/www.makitamarket.com.tr\/site\/urun\/makita-vc010gz-akulu-dikey-supurge\/"},"modified":"2026-04-13T23:56:46","modified_gmt":"2026-04-13T20:56:46","slug":"makita-vc010gz-akulu-dikey-supurge","status":"publish","type":"product","link":"https:\/\/www.makitamarket.com.tr\/site\/urun\/makita-vc010gz-akulu-dikey-supurge\/","title":{"rendered":"Makita VC010GZ Ak\u00fcl\u00fc Dikey S\u00fcp\u00fcrge"},"content":{"rendered":"<p><strong class=\"red-title\" style=\"font-size: 16px;\">A\u00e7\u0131klama:<\/strong> <span><\/p>\n<p><strong>Model VC010GZ<\/strong><\/p>\n<p><strong>Ak\u00fcl\u00fc Dikey S\u00fcp\u00fcrge<\/strong><\/p>\n<p><strong>40Vmax \u2022 XGT \u2022 BL Motor \u2022 HEPA Filtre \u2022 5 L<\/strong><\/p>\n<p><strong style=\"color: rgb(0, 112, 192);\">Profesyonel Ak\u00fcl\u00fc Dikey S\u00fcp\u00fcrge<\/strong><\/p>\n<p>Makita VC010GZ, 40Vmax XGT platformunda \u00e7al\u0131\u015fan, HEPA filtreli ve ak\u00fcl\u00fc dikey s\u00fcp\u00fcrgedir. Y\u00fcksek toz toplama performans\u0131 ile etkili ve g\u00fcvenilir temizlik sa\u011flar. Geni\u015f y\u00fczeylerde h\u0131zl\u0131 temizlik imk\u00e2n\u0131 sunan 381 mm temizleme geni\u015fli\u011fi, kullan\u0131m s\u00fcresini verimli hale getirir.<\/p>\n<p>3 kademeli g\u00fc\u00e7 ayar\u0131 (Y\u00fcksek \/ Normal \/ D\u00fc\u015f\u00fck G\u00fcr\u00fclt\u00fc), kullan\u0131c\u0131ya ihtiyaca g\u00f6re kontroll\u00fc kullan\u0131m imk\u00e2n\u0131 sunar. Yakla\u015f\u0131k 80 mm d\u00fc\u015f\u00fck profil temizleme ba\u015fl\u0131\u011f\u0131 ve g\u00f6vdenin 90\u00b0 e\u011filebilme \u00f6zelli\u011fi, mobilya altlar\u0131 ve dar alanlarda kolay temizlik imk\u00e2n\u0131 sunar. LED i\u015f \u0131\u015f\u0131\u011f\u0131, karanl\u0131k alanlarda g\u00f6r\u00fc\u015f\u00fc art\u0131r\u0131r. 5 litrelik toz torbas\u0131 kapasitesi, uzun s\u00fcreli kesintisiz \u00e7al\u0131\u015fmaya olanak tan\u0131r.<\/p>\n<p><\/span><strong class=\"red-title\" style=\"font-size: 16px;\">Kullan\u0131m Amac\u0131:<\/strong> <span><\/p>\n<p>Bu alet; ofisler, okullar, hastaneler, oteller, al\u0131\u015fveri\u015f alanlar\u0131 ve benzeri kapal\u0131 alanlarda kuru zeminlerin temizlenmesi i\u00e7in tasarlanm\u0131\u015ft\u0131r.<\/p>\n<p><\/span><strong class=\"red-title\" style=\"font-size: 16px;\">\u00d6zellikler:<\/strong> <span><\/p>\n<p>Ak\u00fcl\u00fc yap\u0131s\u0131 kullan\u0131c\u0131ya kablosuz kullan\u0131m imkan\u0131 sunar ve bu sayede kullan\u0131c\u0131lar geni\u015f alanlarda kablo s\u0131n\u0131rlamalar\u0131 olmadan rahat\u00e7a \u00e7al\u0131\u015fabilirler.<\/p>\n<p>XGT(Next Generation Technology Extreme Power); yenilik\u00e7i tasar\u0131m ve 40 volt ak\u00fclerle zorlu taleplerin kar\u015f\u0131land\u0131\u011f\u0131 in\u015faat,end\u00fcstri,bah\u00e7ecilik ve bir\u00e7ok alanda kullan\u0131labilen \u00fcr\u00fcnlerin kar\u0131\u015f\u0131m\u0131d\u0131r.XGT ak\u00fcleri son derece dayan\u0131kl\u0131 olacak \u015fekilde tasarlanm\u0131\u015f olup ak\u00fcleri su ge\u00e7irmez \u00fc\u00e7 katmanl\u0131 bir yap\u0131ya ve darbelere kar\u015f\u0131 korunakl\u0131 olacak \u015fekilde tasarlanm\u0131\u015ft\u0131r.<\/p>\n<p>BL Motor\/K\u00f6m\u00fcrs\u00fcz Motor mevcuttur. K\u00f6m\u00fcrs\u00fcz motor sayesinde \u00e7al\u0131\u015fma esnas\u0131nda olu\u015fan \u0131s\u0131 enerjisi kaybolmaz ve makinenin g\u00fcc\u00fcne iletilir.<\/p>\n<ol>\n<li data-list=\"bullet\"><span class=\"ql-ui\" contenteditable=\"false\"><\/span>Hepa Filtre vard\u0131r.<\/li>\n<li data-list=\"bullet\"><span class=\"ql-ui\" contenteditable=\"false\"><\/span>Otomatik 3 h\u0131z mevcuttur.<\/li>\n<li data-list=\"bullet\"><span class=\"ql-ui\" contenteditable=\"false\"><\/span>Led \u0131\u015f\u0131\u011f\u0131 vard\u0131r.<\/li>\n<li data-list=\"bullet\"><span class=\"ql-ui\" contenteditable=\"false\"><\/span>D\u00f6ner Hortum vard\u0131r.<\/li>\n<\/ol>\n<p><strong style=\"color: rgb(238, 0, 0);\">Kontroll\u00fc \u00e7al\u0131\u015fma sistemi<\/strong><\/p>\n<p><\/span><strong class=\"red-title\" style=\"font-size: 16px;\">Paket \u0130\u00e7eri\u011fi:<\/strong> <span><\/p>\n<p>Ambalaj i\u00e7eri\u011fi: Uzun kanat nozulu, yuvarlak f\u0131r\u00e7a, filtre torbas\u0131, ana filtre seti<\/p>\n<p><strong style=\"color: rgb(238, 0, 0);\">Hortum u\u00e7 aksesuar\u0131 yoktur<\/strong><\/p>\n<p><strong style=\"color: rgb(238, 0, 0);\">Ak\u00fc ve \u015farj cihaz\u0131 dahil de\u011fildir.<\/strong><\/p>\n<p><\/p>\n<\/p>\n<p><\/span><\/p>\n<div class=\"product-logos\">\n<div class=\"product-logos-item\">\n<div class=\"product-logos-item-image\">\n<p>            <a href=\"https:\/\/www.makita.com.tr\/makita\/teknolojileri\/xgt\" target=\"_blank\"><br \/>\n                <img decoding=\"async\" src=\"https:\/\/fi.makitamedia.com\/images\/3_Makita\/305_logos\/3052_jpg\/XGT.jpg\" alt=\"XGT\" style=\"width: 80px; height: 50px; margin-right: 25px;\"><br \/>\n            <\/a><\/p>\n<p>            <a href=\"https:\/\/www.makita.com.tr\/makita\/teknolojileri\/bl\" target=\"_blank\"><br \/>\n                <img decoding=\"async\" src=\"https:\/\/fi.makitamedia.com\/images\/3_Makita\/305_logos\/3052_jpg\/Brushless%20Motor.jpg\" alt=\"Brushless Motor Technology\" style=\"width: 80px; height: 50px; margin-right: 25px;\"><br \/>\n            <\/a><\/p><\/div><\/div><\/div>\n<table>\n<tr>\n<td>Maks.Vakum Bas\u0131nc\u0131<\/td>\n<td>15 kPa <\/td>\n<\/tr>\n<tr>\n<td>Titre\u015fim<\/td>\n<td>2.5 m\/s2 veya daha az<\/td>\n<\/tr>\n<tr>\n<td>Net A\u011f\u0131rl\u0131k<\/td>\n<td>8.0-9.2<\/td>\n<\/tr>\n<tr>\n<td>Vakum G\u00fcc\u00fc<\/td>\n<td>Y\u00fcksek:110 Normal: 50 D\u00fc\u015f\u00fck:25 W<\/td>\n<\/tr>\n<tr>\n<td>Ses seviyesi<\/td>\n<td>70 dB(A) veya daha az <\/td>\n<\/tr>\n<tr>\n<td>Hava ak\u0131\u015f\u0131<\/td>\n<td>1.8 m3\/dk<\/td>\n<\/tr>\n<\/table>\n","protected":false},"excerpt":{"rendered":"<p><strong class=\"red-title\" style=\"font-size: 16px;\">A\u00e7\u0131klama:<\/strong> <span><\/p>\n<p><strong>Model VC010GZ<\/strong><\/p>\n<p><strong>Ak\u00fcl\u00fc Dikey S\u00fcp\u00fcrge<\/strong><\/p>\n<p><strong>40Vmax \u2022 XGT \u2022 BL Motor \u2022 HEPA Filtre \u2022 5 L<\/strong><\/p>\n<p><strong style=\"color: rgb(0, 112, 192);\">Profesyonel Ak\u00fcl\u00fc Dikey S\u00fcp\u00fcrge<\/strong><\/p>\n<p>Makita VC010GZ, 40Vmax XGT platformunda \u00e7al\u0131\u015fan, HEPA filtreli ve ak\u00fcl\u00fc dikey s\u00fcp\u00fcrgedir. Y\u00fcksek toz toplama performans\u0131 ile etkili ve g\u00fcvenilir temizlik sa\u011flar. Geni\u015f y\u00fczeylerde h\u0131zl\u0131 temizlik imk\u00e2n\u0131 sunan 381 mm temizleme geni\u015fli\u011fi, kullan\u0131m s\u00fcresini verimli hale getirir.<\/p>\n<p>3 kademeli g\u00fc\u00e7 ayar\u0131 (Y\u00fcksek \/ Normal \/ D\u00fc\u015f\u00fck G\u00fcr\u00fclt\u00fc), kullan\u0131c\u0131ya ihtiyaca g\u00f6re kontroll\u00fc kullan\u0131m imk\u00e2n\u0131 sunar. Yakla\u015f\u0131k 80 mm d\u00fc\u015f\u00fck profil temizleme ba\u015fl\u0131\u011f\u0131 ve g\u00f6vdenin 90\u00b0 e\u011filebilme \u00f6zelli\u011fi, mobilya altlar\u0131 ve dar alanlarda kolay temizlik imk\u00e2n\u0131 sunar. LED i\u015f \u0131\u015f\u0131\u011f\u0131, karanl\u0131k alanlarda g\u00f6r\u00fc\u015f\u00fc art\u0131r\u0131r. 5 litrelik toz torbas\u0131 kapasitesi, uzun s\u00fcreli kesintisiz \u00e7al\u0131\u015fmaya olanak tan\u0131r.<\/p>\n<p><\/span><strong class=\"red-title\" style=\"font-size: 16px;\">Kullan\u0131m Amac\u0131:<\/strong> <span><\/p>\n<p>Bu alet; ofisler, okullar, hastaneler, oteller, al\u0131\u015fveri\u015f alanlar\u0131 ve benzeri kapal\u0131 alanlarda kuru zeminlerin temizlenmesi i\u00e7in tasarlanm\u0131\u015ft\u0131r.<\/p>\n<p><\/span><strong class=\"red-title\" style=\"font-size: 16px;\">\u00d6zellikler:<\/strong> <span><\/p>\n<p>Ak\u00fcl\u00fc yap\u0131s\u0131 kullan\u0131c\u0131ya kablosuz kullan\u0131m imkan\u0131 sunar ve bu sayede kullan\u0131c\u0131lar geni\u015f alanlarda kablo s\u0131n\u0131rlamalar\u0131 olmadan rahat\u00e7a \u00e7al\u0131\u015fabilirler.<\/p>\n<p>XGT(Next Generation Technology Extreme Power); yenilik\u00e7i tasar\u0131m ve 40 volt ak\u00fclerle zorlu taleplerin kar\u015f\u0131land\u0131\u011f\u0131 in\u015faat,end\u00fcstri,bah\u00e7ecilik ve bir\u00e7ok alanda kullan\u0131labilen \u00fcr\u00fcnlerin kar\u0131\u015f\u0131m\u0131d\u0131r.XGT ak\u00fcleri son derece dayan\u0131kl\u0131 olacak \u015fekilde tasarlanm\u0131\u015f olup ak\u00fcleri su ge\u00e7irmez \u00fc\u00e7 katmanl\u0131 bir yap\u0131ya ve darbelere kar\u015f\u0131 korunakl\u0131 olacak \u015fekilde tasarlanm\u0131\u015ft\u0131r.<\/p>\n<p>BL Motor\/K\u00f6m\u00fcrs\u00fcz Motor mevcuttur. K\u00f6m\u00fcrs\u00fcz motor sayesinde \u00e7al\u0131\u015fma esnas\u0131nda olu\u015fan \u0131s\u0131 enerjisi kaybolmaz ve makinenin g\u00fcc\u00fcne iletilir.<\/p>\n<ol>\n<li data-list=\"bullet\"><span class=\"ql-ui\" contenteditable=\"false\"><\/span>Hepa Filtre vard\u0131r.<\/li>\n<li data-list=\"bullet\"><span class=\"ql-ui\" contenteditable=\"false\"><\/span>Otomatik 3 h\u0131z mevcuttur.<\/li>\n<li data-list=\"bullet\"><span class=\"ql-ui\" contenteditable=\"false\"><\/span>Led \u0131\u015f\u0131\u011f\u0131 vard\u0131r.<\/li>\n<li data-list=\"bullet\"><span class=\"ql-ui\" contenteditable=\"false\"><\/span>D\u00f6ner Hortum vard\u0131r.<\/li>\n<\/ol>\n<p><strong style=\"color: rgb(238, 0, 0);\">Kontroll\u00fc \u00e7al\u0131\u015fma sistemi<\/strong><\/p>\n<p><\/span><strong class=\"red-title\" style=\"font-size: 16px;\">Paket \u0130\u00e7eri\u011fi:<\/strong> <span><\/p>\n<p>Ambalaj i\u00e7eri\u011fi: Uzun kanat nozulu, yuvarlak f\u0131r\u00e7a, filtre torbas\u0131, ana filtre seti<\/p>\n<p><strong style=\"color: rgb(238, 0, 0);\">Hortum u\u00e7 aksesuar\u0131 yoktur<\/strong><\/p>\n<p><strong style=\"color: rgb(238, 0, 0);\">Ak\u00fc ve \u015farj cihaz\u0131 dahil de\u011fildir.<\/strong><\/p>\n<p><\/p>\n<\/p>\n<p><\/span><\/p>\n<div class=\"product-logos\">\n<div class=\"product-logos-item\">\n<div class=\"product-logos-item-image\">\n<p>            <a href=\"https:\/\/www.makita.com.tr\/makita\/teknolojileri\/xgt\" target=\"_blank\"><br \/>\n                <img decoding=\"async\" src=\"https:\/\/fi.makitamedia.com\/images\/3_Makita\/305_logos\/3052_jpg\/XGT.jpg\" alt=\"XGT\" style=\"width: 80px; height: 50px; margin-right: 25px;\"><br \/>\n            <\/a><\/p>\n<p>            <a href=\"https:\/\/www.makita.com.tr\/makita\/teknolojileri\/bl\" target=\"_blank\"><br \/>\n                <img decoding=\"async\" src=\"https:\/\/fi.makitamedia.com\/images\/3_Makita\/305_logos\/3052_jpg\/Brushless%20Motor.jpg\" alt=\"Brushless Motor Technology\" style=\"width: 80px; height: 50px; margin-right: 25px;\"><br \/>\n            <\/a><\/p><\/div>\n<\/p><\/div>\n<\/p><\/div>\n","protected":false},"featured_media":0,"comment_status":"open","ping_status":"closed","template":"","meta":{"_acf_changed":false},"product_brand":[1485],"product_cat":[1565],"product_tag":[],"class_list":{"0":"post-25976","1":"product","2":"type-product","3":"status-publish","5":"product_brand-makita","6":"product_cat-yok-yok","8":"first","9":"instock","10":"taxable","11":"shipping-taxable","12":"purchasable","13":"product-type-simple","14":"add-to-wishlist-after_add_to_cart"},"acf":[],"_links":{"self":[{"href":"https:\/\/www.makitamarket.com.tr\/site\/wp-json\/wp\/v2\/product\/25976","targetHints":{"allow":["GET"]}}],"collection":[{"href":"https:\/\/www.makitamarket.com.tr\/site\/wp-json\/wp\/v2\/product"}],"about":[{"href":"https:\/\/www.makitamarket.com.tr\/site\/wp-json\/wp\/v2\/types\/product"}],"replies":[{"embeddable":true,"href":"https:\/\/www.makitamarket.com.tr\/site\/wp-json\/wp\/v2\/comments?post=25976"}],"wp:attachment":[{"href":"https:\/\/www.makitamarket.com.tr\/site\/wp-json\/wp\/v2\/media?parent=25976"}],"wp:term":[{"taxonomy":"product_brand","embeddable":true,"href":"https:\/\/www.makitamarket.com.tr\/site\/wp-json\/wp\/v2\/product_brand?post=25976"},{"taxonomy":"product_cat","embeddable":true,"href":"https:\/\/www.makitamarket.com.tr\/site\/wp-json\/wp\/v2\/product_cat?post=25976"},{"taxonomy":"product_tag","embeddable":true,"href":"https:\/\/www.makitamarket.com.tr\/site\/wp-json\/wp\/v2\/product_tag?post=25976"}],"curies":[{"name":"wp","href":"https:\/\/api.w.org\/{rel}","templated":true}]}}