{"id":25978,"date":"2026-01-23T19:21:46","date_gmt":"2026-01-23T16:21:46","guid":{"rendered":"https:\/\/www.makitamarket.com.tr\/site\/urun\/makita-ddf490sfj-matkap-vidalama-1-2\/"},"modified":"2026-04-13T23:57:39","modified_gmt":"2026-04-13T20:57:39","slug":"makita-ddf490sfj-matkap-vidalama-1-2","status":"publish","type":"product","link":"https:\/\/www.makitamarket.com.tr\/site\/urun\/makita-ddf490sfj-matkap-vidalama-1-2\/","title":{"rendered":"Makita DDF490SFJ Matkap Vidalama 1\/2\u201d"},"content":{"rendered":"<p><strong class=\"red-title\" style=\"font-size: 16px;\">A\u00e7\u0131klama:<\/strong> <span><\/p>\n<p><\/p>\n<p><\/span><strong class=\"red-title\" style=\"font-size: 16px;\">Kullan\u0131m Amac\u0131:<\/strong> <span><\/p>\n<p><\/p>\n<p><\/span><strong class=\"red-title\" style=\"font-size: 16px;\">\u00d6zellikler:<\/strong> <span><\/p>\n<p>Ak\u00fcl\u00fc yap\u0131s\u0131 kullan\u0131c\u0131ya kablosuz kullan\u0131m imkan\u0131 sunar ve bu sayede kullan\u0131c\u0131lar geni\u015f alanlarda kablo s\u0131n\u0131rlamalar\u0131 olmadan rahat\u00e7a \u00e7al\u0131\u015fabilirler.<\/p>\n<p>LXT(Lithium-ion Xtreme Technology); Makita&#8217;n\u0131n elektrikli el aletlerinde lityum iyon pil teknolojisini kullanmas\u0131. LXT serisi, geleneksel ak\u00fclere k\u0131yasla daha uzun ak\u00fc \u00f6mr\u00fc, daha h\u0131zl\u0131 \u015farj s\u00fcreleri ve genel olarak geli\u015fmi\u015f performans sa\u011flamas\u0131yla bilinir.<\/p>\n<p>BL Motor\/K\u00f6m\u00fcrs\u00fcz Motor mevcuttur. K\u00f6m\u00fcrs\u00fcz motor sayesinde \u00e7al\u0131\u015fma esnas\u0131nda olu\u015fan \u0131s\u0131 enerjisi kaybolmaz ve makinenin g\u00fcc\u00fcne iletilir.<\/p>\n<p>XPT(Ekstra Koruma Teknolojisi) sayesinde nemli ve ya\u011fmurlu ortamlarda kullan\u0131labilir. D\u00fc\u015fmeye kar\u015f\u0131 ekstra dayan\u0131kl\u0131d\u0131r.<\/p>\n<ol>\n<li data-list=\"ordered\"><span class=\"ql-ui\" contenteditable=\"false\"><\/span>De\u011fi\u015fken h\u0131z \u00f6zelli\u011fi vard\u0131r.<\/li>\n<li data-list=\"ordered\"><span class=\"ql-ui\" contenteditable=\"false\"><\/span>Sa\u011f-sol d\u00f6n\u00fc\u015f ayarl\u0131d\u0131r.<\/li>\n<li data-list=\"ordered\"><span class=\"ql-ui\" contenteditable=\"false\"><\/span>Manuel 2 h\u0131z mevcuttur.<\/li>\n<li data-list=\"ordered\"><span class=\"ql-ui\" contenteditable=\"false\"><\/span>Elektrik freni mevcuttur.<\/li>\n<li data-list=\"ordered\"><span class=\"ql-ui\" contenteditable=\"false\"><\/span>Otomatik mandrenlidir.<\/li>\n<li data-list=\"ordered\"><span class=\"ql-ui\" contenteditable=\"false\"><\/span>20 kademeli tork ayarlay\u0131c\u0131 vard\u0131r.<\/li>\n<li data-list=\"ordered\"><span class=\"ql-ui\" contenteditable=\"false\"><\/span>Led \u0131\u015f\u0131\u011f\u0131 vard\u0131r.<\/li>\n<li data-list=\"ordered\"><span class=\"ql-ui\" contenteditable=\"false\"><\/span>Ta\u015f\u0131ma \u00e7antal\u0131d\u0131r.<\/li>\n<\/ol>\n<p><\/span><strong class=\"red-title\" style=\"font-size: 16px;\">Paket \u0130\u00e7eri\u011fi:<\/strong> <span><\/p>\n<p>\u00c7ift ak\u00fc, \u015farj cihaz\u0131<\/p>\n<p><\/p>\n<p><\/p>\n<p><\/p>\n<\/p>\n<p><\/span><\/p>\n<div class=\"product-logos\">\n<div class=\"product-logos-item\">\n<div class=\"product-logos-item-image\">\n<p>            <a href=\"https:\/\/www.makita.com.tr\/makita\/teknolojileri\" target=\"_blank\"><br \/>\n                <img decoding=\"async\" src=\"https:\/\/fi.makitamedia.com\/images\/3_Makita\/305_logos\/3052_jpg\/LXT.jpg\" alt=\"LITHIUM-ION\" style=\"width: 80px; height: 50px; margin-right: 25px;\"><br \/>\n            <\/a><\/p>\n<p>            <a href=\"https:\/\/www.makita.com.tr\/makita\/teknolojileri\/bl\" target=\"_blank\"><br \/>\n                <img decoding=\"async\" src=\"https:\/\/fi.makitamedia.com\/images\/3_Makita\/305_logos\/3052_jpg\/Brushless%20Motor.jpg\" alt=\"Brushless Motor Technology\" style=\"width: 80px; height: 50px; margin-right: 25px;\"><br \/>\n            <\/a><\/p><\/div><\/div><\/div>\n<table>\n<tr>\n<td>Kapasite<\/td>\n<td>\u00c7elik: 13mm \u2022 Ah\u015fap: 38mm<\/td>\n<\/tr>\n<tr>\n<td>Net A\u011f\u0131rl\u0131k<\/td>\n<td>1.4 -1.7<\/td>\n<\/tr>\n<tr>\n<td>Ak\u00fc \/ \u015earj Cihaz\u0131<\/td>\n<td>BL1830B \/ DC18SD<\/td>\n<\/tr>\n<tr>\n<td>Maksimum Tork<\/td>\n<td>27\/50 N.m<\/td>\n<\/tr>\n<tr>\n<td>G\u00fc\u00e7 kapasite<\/td>\n<td>18V\/Li-ion<\/td>\n<\/tr>\n<tr>\n<td>Bo\u015fta Devir<\/td>\n<td>0-500\/1.900 devir\/dk<\/td>\n<\/tr>\n<\/table>\n","protected":false},"excerpt":{"rendered":"<p><strong class=\"red-title\" style=\"font-size: 16px;\">A\u00e7\u0131klama:<\/strong> <span><\/p>\n<p><\/p>\n<p><\/span><strong class=\"red-title\" style=\"font-size: 16px;\">Kullan\u0131m Amac\u0131:<\/strong> <span><\/p>\n<p><\/p>\n<p><\/span><strong class=\"red-title\" style=\"font-size: 16px;\">\u00d6zellikler:<\/strong> <span><\/p>\n<p>Ak\u00fcl\u00fc yap\u0131s\u0131 kullan\u0131c\u0131ya kablosuz kullan\u0131m imkan\u0131 sunar ve bu sayede kullan\u0131c\u0131lar geni\u015f alanlarda kablo s\u0131n\u0131rlamalar\u0131 olmadan rahat\u00e7a \u00e7al\u0131\u015fabilirler.<\/p>\n<p>LXT(Lithium-ion Xtreme Technology); Makita&#8217;n\u0131n elektrikli el aletlerinde lityum iyon pil teknolojisini kullanmas\u0131. LXT serisi, geleneksel ak\u00fclere k\u0131yasla daha uzun ak\u00fc \u00f6mr\u00fc, daha h\u0131zl\u0131 \u015farj s\u00fcreleri ve genel olarak geli\u015fmi\u015f performans sa\u011flamas\u0131yla bilinir.<\/p>\n<p>BL Motor\/K\u00f6m\u00fcrs\u00fcz Motor mevcuttur. K\u00f6m\u00fcrs\u00fcz motor sayesinde \u00e7al\u0131\u015fma esnas\u0131nda olu\u015fan \u0131s\u0131 enerjisi kaybolmaz ve makinenin g\u00fcc\u00fcne iletilir.<\/p>\n<p>XPT(Ekstra Koruma Teknolojisi) sayesinde nemli ve ya\u011fmurlu ortamlarda kullan\u0131labilir. D\u00fc\u015fmeye kar\u015f\u0131 ekstra dayan\u0131kl\u0131d\u0131r.<\/p>\n<ol>\n<li data-list=\"ordered\"><span class=\"ql-ui\" contenteditable=\"false\"><\/span>De\u011fi\u015fken h\u0131z \u00f6zelli\u011fi vard\u0131r.<\/li>\n<li data-list=\"ordered\"><span class=\"ql-ui\" contenteditable=\"false\"><\/span>Sa\u011f-sol d\u00f6n\u00fc\u015f ayarl\u0131d\u0131r.<\/li>\n<li data-list=\"ordered\"><span class=\"ql-ui\" contenteditable=\"false\"><\/span>Manuel 2 h\u0131z mevcuttur.<\/li>\n<li data-list=\"ordered\"><span class=\"ql-ui\" contenteditable=\"false\"><\/span>Elektrik freni mevcuttur.<\/li>\n<li data-list=\"ordered\"><span class=\"ql-ui\" contenteditable=\"false\"><\/span>Otomatik mandrenlidir.<\/li>\n<li data-list=\"ordered\"><span class=\"ql-ui\" contenteditable=\"false\"><\/span>20 kademeli tork ayarlay\u0131c\u0131 vard\u0131r.<\/li>\n<li data-list=\"ordered\"><span class=\"ql-ui\" contenteditable=\"false\"><\/span>Led \u0131\u015f\u0131\u011f\u0131 vard\u0131r.<\/li>\n<li data-list=\"ordered\"><span class=\"ql-ui\" contenteditable=\"false\"><\/span>Ta\u015f\u0131ma \u00e7antal\u0131d\u0131r.<\/li>\n<\/ol>\n<p><\/span><strong class=\"red-title\" style=\"font-size: 16px;\">Paket \u0130\u00e7eri\u011fi:<\/strong> <span><\/p>\n<p>\u00c7ift ak\u00fc, \u015farj cihaz\u0131<\/p>\n<p><\/p>\n<p><\/p>\n<p><\/p>\n<\/p>\n<p><\/span><\/p>\n<div class=\"product-logos\">\n<div class=\"product-logos-item\">\n<div class=\"product-logos-item-image\">\n<p>            <a href=\"https:\/\/www.makita.com.tr\/makita\/teknolojileri\" target=\"_blank\"><br \/>\n                <img decoding=\"async\" src=\"https:\/\/fi.makitamedia.com\/images\/3_Makita\/305_logos\/3052_jpg\/LXT.jpg\" alt=\"LITHIUM-ION\" style=\"width: 80px; height: 50px; margin-right: 25px;\"><br \/>\n            <\/a><\/p>\n<p>            <a href=\"https:\/\/www.makita.com.tr\/makita\/teknolojileri\/bl\" target=\"_blank\"><br \/>\n                <img decoding=\"async\" src=\"https:\/\/fi.makitamedia.com\/images\/3_Makita\/305_logos\/3052_jpg\/Brushless%20Motor.jpg\" alt=\"Brushless Motor Technology\" style=\"width: 80px; height: 50px; margin-right: 25px;\"><br \/>\n            <\/a><\/p><\/div>\n<\/p><\/div>\n<\/p><\/div>\n","protected":false},"featured_media":0,"comment_status":"open","ping_status":"closed","template":"","meta":{"_acf_changed":false},"product_brand":[1485],"product_cat":[1565],"product_tag":[],"class_list":{"0":"post-25978","1":"product","2":"type-product","3":"status-publish","5":"product_brand-makita","6":"product_cat-yok-yok","8":"first","9":"instock","10":"taxable","11":"shipping-taxable","12":"purchasable","13":"product-type-simple","14":"add-to-wishlist-after_add_to_cart"},"acf":[],"_links":{"self":[{"href":"https:\/\/www.makitamarket.com.tr\/site\/wp-json\/wp\/v2\/product\/25978","targetHints":{"allow":["GET"]}}],"collection":[{"href":"https:\/\/www.makitamarket.com.tr\/site\/wp-json\/wp\/v2\/product"}],"about":[{"href":"https:\/\/www.makitamarket.com.tr\/site\/wp-json\/wp\/v2\/types\/product"}],"replies":[{"embeddable":true,"href":"https:\/\/www.makitamarket.com.tr\/site\/wp-json\/wp\/v2\/comments?post=25978"}],"wp:attachment":[{"href":"https:\/\/www.makitamarket.com.tr\/site\/wp-json\/wp\/v2\/media?parent=25978"}],"wp:term":[{"taxonomy":"product_brand","embeddable":true,"href":"https:\/\/www.makitamarket.com.tr\/site\/wp-json\/wp\/v2\/product_brand?post=25978"},{"taxonomy":"product_cat","embeddable":true,"href":"https:\/\/www.makitamarket.com.tr\/site\/wp-json\/wp\/v2\/product_cat?post=25978"},{"taxonomy":"product_tag","embeddable":true,"href":"https:\/\/www.makitamarket.com.tr\/site\/wp-json\/wp\/v2\/product_tag?post=25978"}],"curies":[{"name":"wp","href":"https:\/\/api.w.org\/{rel}","templated":true}]}}