{"id":26004,"date":"2026-02-07T05:08:26","date_gmt":"2026-02-07T02:08:26","guid":{"rendered":"https:\/\/www.makitamarket.com.tr\/site\/urun\/proxxon-endustriyel-proxxon-hassas-disli-ince-circir-23164-39\/"},"modified":"2026-02-07T05:08:26","modified_gmt":"2026-02-07T02:08:26","slug":"proxxon-endustriyel-proxxon-hassas-disli-ince-circir-23164-39","status":"publish","type":"product","link":"https:\/\/www.makitamarket.com.tr\/site\/urun\/proxxon-endustriyel-proxxon-hassas-disli-ince-circir-23164-39\/","title":{"rendered":"Proxxon End\u00fcstriyel PROXXON HASSAS D\u0130\u015eL\u0130 \u0130NCE CIRCIR 23164"},"content":{"rendered":"<p>1\/4\u201d hassas di\u015fli ince c\u0131rc\u0131r kolu 60 di\u015f h\u0131zl\u0131 lokma \u00e7\u0131kartma butonu<\/p>\n<table>\n<tr>\n<td>Di\u015f Say\u0131s\u0131<\/td>\n<td>60 di\u015f<\/td>\n<\/tr>\n<\/table>\n","protected":false},"excerpt":{"rendered":"<p>1\/4\u201d hassas di\u015fli ince c\u0131rc\u0131r kolu 60 di\u015f h\u0131zl\u0131 lokma \u00e7\u0131kartma butonu<\/p>\n","protected":false},"featured_media":0,"comment_status":"open","ping_status":"closed","template":"","meta":{"_acf_changed":false},"product_brand":[],"product_cat":[1065],"product_tag":[],"class_list":{"0":"post-26004","1":"product","2":"type-product","3":"status-publish","5":"product_cat-circir-kollari","7":"first","8":"outofstock","9":"taxable","10":"shipping-taxable","11":"purchasable","12":"product-type-simple","13":"add-to-wishlist-after_add_to_cart"},"acf":[],"_links":{"self":[{"href":"https:\/\/www.makitamarket.com.tr\/site\/wp-json\/wp\/v2\/product\/26004","targetHints":{"allow":["GET"]}}],"collection":[{"href":"https:\/\/www.makitamarket.com.tr\/site\/wp-json\/wp\/v2\/product"}],"about":[{"href":"https:\/\/www.makitamarket.com.tr\/site\/wp-json\/wp\/v2\/types\/product"}],"replies":[{"embeddable":true,"href":"https:\/\/www.makitamarket.com.tr\/site\/wp-json\/wp\/v2\/comments?post=26004"}],"wp:attachment":[{"href":"https:\/\/www.makitamarket.com.tr\/site\/wp-json\/wp\/v2\/media?parent=26004"}],"wp:term":[{"taxonomy":"product_brand","embeddable":true,"href":"https:\/\/www.makitamarket.com.tr\/site\/wp-json\/wp\/v2\/product_brand?post=26004"},{"taxonomy":"product_cat","embeddable":true,"href":"https:\/\/www.makitamarket.com.tr\/site\/wp-json\/wp\/v2\/product_cat?post=26004"},{"taxonomy":"product_tag","embeddable":true,"href":"https:\/\/www.makitamarket.com.tr\/site\/wp-json\/wp\/v2\/product_tag?post=26004"}],"curies":[{"name":"wp","href":"https:\/\/api.w.org\/{rel}","templated":true}]}}