{"id":26066,"date":"2026-02-14T14:14:40","date_gmt":"2026-02-14T11:14:40","guid":{"rendered":"https:\/\/www.makitamarket.com.tr\/site\/urun\/factor-fcgc25-2t-agac-kesim-motoru-25cc-30-cm\/"},"modified":"2026-04-13T23:41:47","modified_gmt":"2026-04-13T20:41:47","slug":"factor-fcgc25-2t-agac-kesim-motoru-25cc-30-cm","status":"publish","type":"product","link":"https:\/\/www.makitamarket.com.tr\/site\/urun\/factor-fcgc25-2t-agac-kesim-motoru-25cc-30-cm\/","title":{"rendered":"Factor FCGC25 2T A\u011eA\u00c7 KES\u0130M MOTORU 25CC 30 CM"},"content":{"rendered":"<p>2T A\u011eA\u00c7 KES\u0130M MOTORU 25CC 30 CM<\/p>\n<table>\n<tr>\n<td>Zincir \u00d6l\u00e7\u00fcs\u00fc<\/td>\n<td>91<\/td>\n<\/tr>\n<tr>\n<td>Motor G\u00fcc\u00fc<\/td>\n<td>1.2 hp<\/td>\n<\/tr>\n<tr>\n<td>Silindir Hacmi<\/td>\n<td>25,4 cc<\/td>\n<\/tr>\n<tr>\n<td>Yak\u0131t Kapasitesi<\/td>\n<td>0.4 L<\/td>\n<\/tr>\n<tr>\n<td>Kar\u0131\u015f\u0131m Oran\u0131<\/td>\n<td>Benzin Ya\u011f 1 L \/ 50 cc<\/td>\n<\/tr>\n<tr>\n<td>Ya\u011f Kapasitesi<\/td>\n<td>0.25 L<\/td>\n<\/tr>\n<tr>\n<td>Pala Uzunlu\u011fu<\/td>\n<td>12&#8221; \/ 30 Cm<\/td>\n<\/tr>\n<tr>\n<td>Devir H\u0131z\u0131<\/td>\n<td>11.000 rpm<\/td>\n<\/tr>\n<tr>\n<td>Motor Tipi<\/td>\n<td>2 Zamanl\u0131<\/td>\n<\/tr>\n<tr>\n<td>Di\u015f Say\u0131s\u0131<\/td>\n<td>22,5<\/td>\n<\/tr>\n<\/table>\n","protected":false},"excerpt":{"rendered":"<p>2T A\u011eA\u00c7 KES\u0130M MOTORU 25CC 30 CM<\/p>\n","protected":false},"featured_media":0,"comment_status":"open","ping_status":"closed","template":"","meta":{"_acf_changed":false},"product_brand":[1494],"product_cat":[1565],"product_tag":[],"class_list":{"0":"post-26066","1":"product","2":"type-product","3":"status-publish","5":"product_brand-factor","6":"product_cat-yok-yok","8":"first","9":"outofstock","10":"taxable","11":"shipping-taxable","12":"purchasable","13":"product-type-simple","14":"add-to-wishlist-after_add_to_cart"},"acf":[],"_links":{"self":[{"href":"https:\/\/www.makitamarket.com.tr\/site\/wp-json\/wp\/v2\/product\/26066","targetHints":{"allow":["GET"]}}],"collection":[{"href":"https:\/\/www.makitamarket.com.tr\/site\/wp-json\/wp\/v2\/product"}],"about":[{"href":"https:\/\/www.makitamarket.com.tr\/site\/wp-json\/wp\/v2\/types\/product"}],"replies":[{"embeddable":true,"href":"https:\/\/www.makitamarket.com.tr\/site\/wp-json\/wp\/v2\/comments?post=26066"}],"wp:attachment":[{"href":"https:\/\/www.makitamarket.com.tr\/site\/wp-json\/wp\/v2\/media?parent=26066"}],"wp:term":[{"taxonomy":"product_brand","embeddable":true,"href":"https:\/\/www.makitamarket.com.tr\/site\/wp-json\/wp\/v2\/product_brand?post=26066"},{"taxonomy":"product_cat","embeddable":true,"href":"https:\/\/www.makitamarket.com.tr\/site\/wp-json\/wp\/v2\/product_cat?post=26066"},{"taxonomy":"product_tag","embeddable":true,"href":"https:\/\/www.makitamarket.com.tr\/site\/wp-json\/wp\/v2\/product_tag?post=26066"}],"curies":[{"name":"wp","href":"https:\/\/api.w.org\/{rel}","templated":true}]}}