{"id":26067,"date":"2026-02-14T14:14:41","date_gmt":"2026-02-14T11:14:41","guid":{"rendered":"https:\/\/www.makitamarket.com.tr\/site\/urun\/factor-fcgc58-2t-agac-kesim-motoru-58cc-50cm\/"},"modified":"2026-04-06T18:14:43","modified_gmt":"2026-04-06T15:14:43","slug":"factor-fcgc58-2t-agac-kesim-motoru-58cc-50cm","status":"publish","type":"product","link":"https:\/\/www.makitamarket.com.tr\/site\/urun\/factor-fcgc58-2t-agac-kesim-motoru-58cc-50cm\/","title":{"rendered":"Factor FCGC58 2T A\u011eA\u00c7 KES\u0130M MOTORU 58CC 50CM"},"content":{"rendered":"<p>2T A\u011eA\u00c7 KES\u0130M MOTORU 58CC 50CM<\/p>\n<table>\n<tr>\n<td>Kar\u0131\u015f\u0131m Oran\u0131<\/td>\n<td>Benzin Ya\u011f 1 L \/ 50 cc<\/td>\n<\/tr>\n<tr>\n<td>Devir H\u0131z\u0131<\/td>\n<td>3.300 rpm<\/td>\n<\/tr>\n<tr>\n<td>Silindir Hacmi<\/td>\n<td>58 cc<\/td>\n<\/tr>\n<tr>\n<td>Zincir \u00d6l\u00e7\u00fcs\u00fc<\/td>\n<td>0.325<\/td>\n<\/tr>\n<tr>\n<td>Ya\u011f Kapasitesi<\/td>\n<td>0.26 L<\/td>\n<\/tr>\n<tr>\n<td>Motor G\u00fcc\u00fc<\/td>\n<td>3.6 hp<\/td>\n<\/tr>\n<tr>\n<td>Pala Uzunlu\u011fu<\/td>\n<td>20&#8221; \/ 50 cm<\/td>\n<\/tr>\n<tr>\n<td>Di\u015f Say\u0131s\u0131<\/td>\n<td>38<\/td>\n<\/tr>\n<tr>\n<td>Motor Tipi<\/td>\n<td>2 Zamanl\u0131<\/td>\n<\/tr>\n<tr>\n<td>Yak\u0131t Kapasitesi<\/td>\n<td>0.57 L<\/td>\n<\/tr>\n<\/table>\n","protected":false},"excerpt":{"rendered":"<p>2T A\u011eA\u00c7 KES\u0130M MOTORU 58CC 50CM<\/p>\n","protected":false},"featured_media":0,"comment_status":"open","ping_status":"closed","template":"","meta":{"_acf_changed":false},"product_brand":[1494],"product_cat":[1565],"product_tag":[],"class_list":{"0":"post-26067","1":"product","2":"type-product","3":"status-publish","5":"product_brand-factor","6":"product_cat-yok-yok","8":"first","9":"outofstock","10":"taxable","11":"shipping-taxable","12":"purchasable","13":"product-type-simple","14":"add-to-wishlist-after_add_to_cart"},"acf":[],"_links":{"self":[{"href":"https:\/\/www.makitamarket.com.tr\/site\/wp-json\/wp\/v2\/product\/26067","targetHints":{"allow":["GET"]}}],"collection":[{"href":"https:\/\/www.makitamarket.com.tr\/site\/wp-json\/wp\/v2\/product"}],"about":[{"href":"https:\/\/www.makitamarket.com.tr\/site\/wp-json\/wp\/v2\/types\/product"}],"replies":[{"embeddable":true,"href":"https:\/\/www.makitamarket.com.tr\/site\/wp-json\/wp\/v2\/comments?post=26067"}],"wp:attachment":[{"href":"https:\/\/www.makitamarket.com.tr\/site\/wp-json\/wp\/v2\/media?parent=26067"}],"wp:term":[{"taxonomy":"product_brand","embeddable":true,"href":"https:\/\/www.makitamarket.com.tr\/site\/wp-json\/wp\/v2\/product_brand?post=26067"},{"taxonomy":"product_cat","embeddable":true,"href":"https:\/\/www.makitamarket.com.tr\/site\/wp-json\/wp\/v2\/product_cat?post=26067"},{"taxonomy":"product_tag","embeddable":true,"href":"https:\/\/www.makitamarket.com.tr\/site\/wp-json\/wp\/v2\/product_tag?post=26067"}],"curies":[{"name":"wp","href":"https:\/\/api.w.org\/{rel}","templated":true}]}}