{"id":26077,"date":"2026-02-14T14:14:44","date_gmt":"2026-02-14T11:14:44","guid":{"rendered":"https:\/\/www.makitamarket.com.tr\/site\/urun\/factor-fcgmd20he-su-pompasi-yuksek-basincli-marsli-2\/"},"modified":"2026-04-06T18:14:48","modified_gmt":"2026-04-06T15:14:48","slug":"factor-fcgmd20he-su-pompasi-yuksek-basincli-marsli-2","status":"publish","type":"product","link":"https:\/\/www.makitamarket.com.tr\/site\/urun\/factor-fcgmd20he-su-pompasi-yuksek-basincli-marsli-2\/","title":{"rendered":"Factor FCGMD20HE SU POMPASI Y\u00dcKSEK BASIN\u00c7LI MAR\u015eLI 2&#8243;"},"content":{"rendered":"<p>SU POMPASI Y\u00dcKSEK BASIN\u00c7LI MAR\u015eLI 2&#8243;<\/p>\n<table><\/table>\n","protected":false},"excerpt":{"rendered":"<p>SU POMPASI Y\u00dcKSEK BASIN\u00c7LI MAR\u015eLI 2&#8243;<\/p>\n","protected":false},"featured_media":0,"comment_status":"open","ping_status":"closed","template":"","meta":{"_acf_changed":false},"product_brand":[1494],"product_cat":[1565],"product_tag":[],"class_list":{"0":"post-26077","1":"product","2":"type-product","3":"status-publish","5":"product_brand-factor","6":"product_cat-yok-yok","8":"first","9":"outofstock","10":"taxable","11":"shipping-taxable","12":"purchasable","13":"product-type-simple","14":"add-to-wishlist-after_add_to_cart"},"acf":[],"_links":{"self":[{"href":"https:\/\/www.makitamarket.com.tr\/site\/wp-json\/wp\/v2\/product\/26077","targetHints":{"allow":["GET"]}}],"collection":[{"href":"https:\/\/www.makitamarket.com.tr\/site\/wp-json\/wp\/v2\/product"}],"about":[{"href":"https:\/\/www.makitamarket.com.tr\/site\/wp-json\/wp\/v2\/types\/product"}],"replies":[{"embeddable":true,"href":"https:\/\/www.makitamarket.com.tr\/site\/wp-json\/wp\/v2\/comments?post=26077"}],"wp:attachment":[{"href":"https:\/\/www.makitamarket.com.tr\/site\/wp-json\/wp\/v2\/media?parent=26077"}],"wp:term":[{"taxonomy":"product_brand","embeddable":true,"href":"https:\/\/www.makitamarket.com.tr\/site\/wp-json\/wp\/v2\/product_brand?post=26077"},{"taxonomy":"product_cat","embeddable":true,"href":"https:\/\/www.makitamarket.com.tr\/site\/wp-json\/wp\/v2\/product_cat?post=26077"},{"taxonomy":"product_tag","embeddable":true,"href":"https:\/\/www.makitamarket.com.tr\/site\/wp-json\/wp\/v2\/product_tag?post=26077"}],"curies":[{"name":"wp","href":"https:\/\/api.w.org\/{rel}","templated":true}]}}