{"id":26104,"date":"2026-02-14T14:16:15","date_gmt":"2026-02-14T11:16:15","guid":{"rendered":"https:\/\/www.makitamarket.com.tr\/site\/urun\/factor-fckdk13500sc3-dizel-jenerator-13-5-kva-trifaze\/"},"modified":"2026-04-06T18:15:49","modified_gmt":"2026-04-06T15:15:49","slug":"factor-fckdk13500sc3-dizel-jenerator-13-5-kva-trifaze","status":"publish","type":"product","link":"https:\/\/www.makitamarket.com.tr\/site\/urun\/factor-fckdk13500sc3-dizel-jenerator-13-5-kva-trifaze\/","title":{"rendered":"Factor FCKDK13500SC3 D\u0130ZEL JENERAT\u00d6R 13.5 KVA TR\u0130FAZE"},"content":{"rendered":"<p>D\u0130ZEL JENERAT\u00d6R 13.5 KVA TR\u0130FAZE<\/p>\n<table><\/table>\n","protected":false},"excerpt":{"rendered":"<p>D\u0130ZEL JENERAT\u00d6R 13.5 KVA TR\u0130FAZE<\/p>\n","protected":false},"featured_media":0,"comment_status":"open","ping_status":"closed","template":"","meta":{"_acf_changed":false},"product_brand":[1494],"product_cat":[1565],"product_tag":[],"class_list":{"0":"post-26104","1":"product","2":"type-product","3":"status-publish","5":"product_brand-factor","6":"product_cat-yok-yok","8":"first","9":"outofstock","10":"taxable","11":"shipping-taxable","12":"purchasable","13":"product-type-simple","14":"add-to-wishlist-after_add_to_cart"},"acf":[],"_links":{"self":[{"href":"https:\/\/www.makitamarket.com.tr\/site\/wp-json\/wp\/v2\/product\/26104","targetHints":{"allow":["GET"]}}],"collection":[{"href":"https:\/\/www.makitamarket.com.tr\/site\/wp-json\/wp\/v2\/product"}],"about":[{"href":"https:\/\/www.makitamarket.com.tr\/site\/wp-json\/wp\/v2\/types\/product"}],"replies":[{"embeddable":true,"href":"https:\/\/www.makitamarket.com.tr\/site\/wp-json\/wp\/v2\/comments?post=26104"}],"wp:attachment":[{"href":"https:\/\/www.makitamarket.com.tr\/site\/wp-json\/wp\/v2\/media?parent=26104"}],"wp:term":[{"taxonomy":"product_brand","embeddable":true,"href":"https:\/\/www.makitamarket.com.tr\/site\/wp-json\/wp\/v2\/product_brand?post=26104"},{"taxonomy":"product_cat","embeddable":true,"href":"https:\/\/www.makitamarket.com.tr\/site\/wp-json\/wp\/v2\/product_cat?post=26104"},{"taxonomy":"product_tag","embeddable":true,"href":"https:\/\/www.makitamarket.com.tr\/site\/wp-json\/wp\/v2\/product_tag?post=26104"}],"curies":[{"name":"wp","href":"https:\/\/api.w.org\/{rel}","templated":true}]}}