{"id":26112,"date":"2026-02-14T14:16:48","date_gmt":"2026-02-14T11:16:48","guid":{"rendered":"https:\/\/www.makitamarket.com.tr\/site\/urun\/factor-fckdk7500ce3-69-kva-dizel-trifaze-jenerator\/"},"modified":"2026-04-06T18:15:54","modified_gmt":"2026-04-06T15:15:54","slug":"factor-fckdk7500ce3-69-kva-dizel-trifaze-jenerator","status":"publish","type":"product","link":"https:\/\/www.makitamarket.com.tr\/site\/urun\/factor-fckdk7500ce3-69-kva-dizel-trifaze-jenerator\/","title":{"rendered":"Factor FCKDK7500CE3 6,9 KVA D\u0130ZEL TR\u0130FAZE JENERAT\u00d6R"},"content":{"rendered":"<p>6,9 KVA D\u0130ZEL TR\u0130FAZE JENERAT\u00d6R<\/p>\n<table>\n<tr>\n<td>\u00c7al\u0131\u015ft\u0131rma \u015eekli<\/td>\n<td>ipli \/ mar\u015fl\u0131<\/td>\n<\/tr>\n<tr>\n<td>Ses seviyesi<\/td>\n<td>77 dba-7m<\/td>\n<\/tr>\n<tr>\n<td>S\u00fcrekli \u00c7\u0131k\u0131\u015f Amperi  (A)<\/td>\n<td>9 a<\/td>\n<\/tr>\n<tr>\n<td>Yak\u0131t T\u00fcketimi<\/td>\n<td>1,5 lt\/saat<\/td>\n<\/tr>\n<tr>\n<td>Ak\u00fc<\/td>\n<td>var<\/td>\n<\/tr>\n<tr>\n<td>Frekans<\/td>\n<td>50 hz<\/td>\n<\/tr>\n<tr>\n<td>Yak\u0131t depo kapasitesi<\/td>\n<td>12,5 L<\/td>\n<\/tr>\n<tr>\n<td>Motor tipi<\/td>\n<td>1 silindir \/ hava so\u011futmal\u0131<\/td>\n<\/tr>\n<tr>\n<td>G\u00f6sterge Ekran\u0131<\/td>\n<td>dijital<\/td>\n<\/tr>\n<tr>\n<td>A\u011f\u0131rl\u0131k<\/td>\n<td>103 kg<\/td>\n<\/tr>\n<tr>\n<td>Motor Modeli<\/td>\n<td>188f<\/td>\n<\/tr>\n<tr>\n<td>Maksimum G\u00fc\u00e7<\/td>\n<td>5,5 \/ 6,9 kw\/kva<\/td>\n<\/tr>\n<tr>\n<td>S\u00fcrekli G\u00fc\u00e7 kW \/ kVA<\/td>\n<td>5 \/ 6,25 kw\/kva<\/td>\n<\/tr>\n<tr>\n<td>G\u00fc\u00e7 Fakt\u00f6r\u00fc<\/td>\n<td>1 \/ 0,8 cos \u03a6<\/td>\n<\/tr>\n<tr>\n<td>Boyutlar<\/td>\n<td>700x510x620 mm<\/td>\n<\/tr>\n<tr>\n<td>Silindir Hacmi<\/td>\n<td>456 cc<\/td>\n<\/tr>\n<tr>\n<td>Faz Say\u0131s\u0131<\/td>\n<td>3 trifaze<\/td>\n<\/tr>\n<tr>\n<td>\u00c7\u0131k\u0131\u015f Voltaj\u0131  (V)<\/td>\n<td>230 \/ 400 v<\/td>\n<\/tr>\n<tr>\n<td>Ya\u011f Kapasitesi<\/td>\n<td>1,65 lt<\/td>\n<\/tr>\n<tr>\n<td>Yak\u0131t Tipi<\/td>\n<td>euro dizel<\/td>\n<\/tr>\n<tr>\n<td>Ya\u011f Tipi<\/td>\n<td>15w40<\/td>\n<\/tr>\n<tr>\n<td>Motor G\u00fcc\u00fc<\/td>\n<td>11 hp<\/td>\n<\/tr>\n<tr>\n<td>Sar\u0131m<\/td>\n<td>bak\u0131r sarg\u0131l\u0131<\/td>\n<\/tr>\n<\/table>\n","protected":false},"excerpt":{"rendered":"<p>6,9 KVA D\u0130ZEL TR\u0130FAZE JENERAT\u00d6R<\/p>\n","protected":false},"featured_media":0,"comment_status":"open","ping_status":"closed","template":"","meta":{"_acf_changed":false},"product_brand":[1494],"product_cat":[1565],"product_tag":[],"class_list":{"0":"post-26112","1":"product","2":"type-product","3":"status-publish","5":"product_brand-factor","6":"product_cat-yok-yok","8":"first","9":"outofstock","10":"taxable","11":"shipping-taxable","12":"purchasable","13":"product-type-simple","14":"add-to-wishlist-after_add_to_cart"},"acf":[],"_links":{"self":[{"href":"https:\/\/www.makitamarket.com.tr\/site\/wp-json\/wp\/v2\/product\/26112","targetHints":{"allow":["GET"]}}],"collection":[{"href":"https:\/\/www.makitamarket.com.tr\/site\/wp-json\/wp\/v2\/product"}],"about":[{"href":"https:\/\/www.makitamarket.com.tr\/site\/wp-json\/wp\/v2\/types\/product"}],"replies":[{"embeddable":true,"href":"https:\/\/www.makitamarket.com.tr\/site\/wp-json\/wp\/v2\/comments?post=26112"}],"wp:attachment":[{"href":"https:\/\/www.makitamarket.com.tr\/site\/wp-json\/wp\/v2\/media?parent=26112"}],"wp:term":[{"taxonomy":"product_brand","embeddable":true,"href":"https:\/\/www.makitamarket.com.tr\/site\/wp-json\/wp\/v2\/product_brand?post=26112"},{"taxonomy":"product_cat","embeddable":true,"href":"https:\/\/www.makitamarket.com.tr\/site\/wp-json\/wp\/v2\/product_cat?post=26112"},{"taxonomy":"product_tag","embeddable":true,"href":"https:\/\/www.makitamarket.com.tr\/site\/wp-json\/wp\/v2\/product_tag?post=26112"}],"curies":[{"name":"wp","href":"https:\/\/api.w.org\/{rel}","templated":true}]}}