{"id":26121,"date":"2026-02-14T14:16:51","date_gmt":"2026-02-14T11:16:51","guid":{"rendered":"https:\/\/www.makitamarket.com.tr\/site\/urun\/factor-fckgl15000fe3-benzinli-jenerator-15-kva-trifaze\/"},"modified":"2026-04-06T18:16:02","modified_gmt":"2026-04-06T15:16:02","slug":"factor-fckgl15000fe3-benzinli-jenerator-15-kva-trifaze","status":"publish","type":"product","link":"https:\/\/www.makitamarket.com.tr\/site\/urun\/factor-fckgl15000fe3-benzinli-jenerator-15-kva-trifaze\/","title":{"rendered":"Factor FCKGL15000FE3 BENZ\u0130NL\u0130 JENERAT\u00d6R 15 KVA TR\u0130FAZE"},"content":{"rendered":"<p>BENZ\u0130NL\u0130 JENERAT\u00d6R 15 KVA TR\u0130FAZE<\/p>\n<table>\n<tr>\n<td>G\u00fc\u00e7 Fakt\u00f6r\u00fc<\/td>\n<td>1 \/ 0,8 cos \u03a6<\/td>\n<\/tr>\n<tr>\n<td>Ses seviyesi<\/td>\n<td>77 dba-7m<\/td>\n<\/tr>\n<tr>\n<td>Motor Modeli<\/td>\n<td>gk740<\/td>\n<\/tr>\n<tr>\n<td>Frekans<\/td>\n<td>50 hz<\/td>\n<\/tr>\n<tr>\n<td>Yak\u0131t Tipi<\/td>\n<td>kur\u015funsuz benzin<\/td>\n<\/tr>\n<tr>\n<td>Ak\u00fc<\/td>\n<td>var<\/td>\n<\/tr>\n<tr>\n<td>Sar\u0131m<\/td>\n<td>bak\u0131r sarg\u0131l\u0131<\/td>\n<\/tr>\n<tr>\n<td>S\u00fcrekli G\u00fc\u00e7 kW \/ kVA<\/td>\n<td>11 \/ 13,75 kw\/kva<\/td>\n<\/tr>\n<tr>\n<td>Faz Say\u0131s\u0131<\/td>\n<td>3 trifaze<\/td>\n<\/tr>\n<tr>\n<td>Silindir Hacmi<\/td>\n<td>744 cc<\/td>\n<\/tr>\n<tr>\n<td>Boyutlar<\/td>\n<td>920x568x800 mm<\/td>\n<\/tr>\n<tr>\n<td>A\u011f\u0131rl\u0131k<\/td>\n<td>155 kg<\/td>\n<\/tr>\n<tr>\n<td>Ya\u011f Tipi<\/td>\n<td>15w40<\/td>\n<\/tr>\n<tr>\n<td>\u00c7\u0131k\u0131\u015f Voltaj\u0131  (V)<\/td>\n<td>230 \/ 400 v<\/td>\n<\/tr>\n<tr>\n<td>Motor tipi<\/td>\n<td>2 silindir \/ hava so\u011futmal\u0131<\/td>\n<\/tr>\n<tr>\n<td>Yak\u0131t T\u00fcketimi<\/td>\n<td>5,7 lt\/saat<\/td>\n<\/tr>\n<tr>\n<td>\u00c7al\u0131\u015ft\u0131rma \u015eekli<\/td>\n<td>mar\u015fl\u0131<\/td>\n<\/tr>\n<tr>\n<td>Maksimum G\u00fc\u00e7<\/td>\n<td>12 \/ 15 kw\/kva<\/td>\n<\/tr>\n<tr>\n<td>Yak\u0131t depo kapasitesi<\/td>\n<td>25 L<\/td>\n<\/tr>\n<tr>\n<td>S\u00fcrekli \u00c7\u0131k\u0131\u015f G\u00fcc\u00fc       (kVA)<\/td>\n<td>20 a<\/td>\n<\/tr>\n<tr>\n<td>Ya\u011f Kapasitesi<\/td>\n<td>1,8 L<\/td>\n<\/tr>\n<tr>\n<td>Motor G\u00fcc\u00fc<\/td>\n<td>20 hp<\/td>\n<\/tr>\n<tr>\n<td>G\u00f6sterge Ekran\u0131<\/td>\n<td>dijital<\/td>\n<\/tr>\n<\/table>\n","protected":false},"excerpt":{"rendered":"<p>BENZ\u0130NL\u0130 JENERAT\u00d6R 15 KVA TR\u0130FAZE<\/p>\n","protected":false},"featured_media":0,"comment_status":"open","ping_status":"closed","template":"","meta":{"_acf_changed":false},"product_brand":[1494],"product_cat":[1565],"product_tag":[],"class_list":{"0":"post-26121","1":"product","2":"type-product","3":"status-publish","5":"product_brand-factor","6":"product_cat-yok-yok","8":"first","9":"outofstock","10":"taxable","11":"shipping-taxable","12":"purchasable","13":"product-type-simple","14":"add-to-wishlist-after_add_to_cart"},"acf":[],"_links":{"self":[{"href":"https:\/\/www.makitamarket.com.tr\/site\/wp-json\/wp\/v2\/product\/26121","targetHints":{"allow":["GET"]}}],"collection":[{"href":"https:\/\/www.makitamarket.com.tr\/site\/wp-json\/wp\/v2\/product"}],"about":[{"href":"https:\/\/www.makitamarket.com.tr\/site\/wp-json\/wp\/v2\/types\/product"}],"replies":[{"embeddable":true,"href":"https:\/\/www.makitamarket.com.tr\/site\/wp-json\/wp\/v2\/comments?post=26121"}],"wp:attachment":[{"href":"https:\/\/www.makitamarket.com.tr\/site\/wp-json\/wp\/v2\/media?parent=26121"}],"wp:term":[{"taxonomy":"product_brand","embeddable":true,"href":"https:\/\/www.makitamarket.com.tr\/site\/wp-json\/wp\/v2\/product_brand?post=26121"},{"taxonomy":"product_cat","embeddable":true,"href":"https:\/\/www.makitamarket.com.tr\/site\/wp-json\/wp\/v2\/product_cat?post=26121"},{"taxonomy":"product_tag","embeddable":true,"href":"https:\/\/www.makitamarket.com.tr\/site\/wp-json\/wp\/v2\/product_tag?post=26121"}],"curies":[{"name":"wp","href":"https:\/\/api.w.org\/{rel}","templated":true}]}}