{"id":26127,"date":"2026-02-14T14:16:54","date_gmt":"2026-02-14T11:16:54","guid":{"rendered":"https:\/\/www.makitamarket.com.tr\/site\/urun\/factor-fcmg420e-16-hp-benzinli-motor-ipli-marsli-kamali\/"},"modified":"2026-05-05T15:10:21","modified_gmt":"2026-05-05T12:10:21","slug":"factor-fcmg420e-16-hp-benzinli-motor-ipli-marsli-kamali","status":"publish","type":"product","link":"https:\/\/www.makitamarket.com.tr\/site\/urun\/factor-fcmg420e-16-hp-benzinli-motor-ipli-marsli-kamali\/","title":{"rendered":"Factor FCMG420E 16 HP BENZ\u0130NL\u0130 MOTOR \u0130PL\u0130 &#038; MAR\u015eLI KAMALI"},"content":{"rendered":"<p>16 HP BENZ\u0130NL\u0130 MOTOR \u0130PL\u0130 &#038; MAR\u015eLI KAMALI<\/p>\n<table><\/table>\n","protected":false},"excerpt":{"rendered":"<p>16 HP BENZ\u0130NL\u0130 MOTOR \u0130PL\u0130 &#038; MAR\u015eLI KAMALI<\/p>\n","protected":false},"featured_media":0,"comment_status":"open","ping_status":"closed","template":"","meta":{"_acf_changed":false},"product_brand":[1494],"product_cat":[1565],"product_tag":[],"class_list":{"0":"post-26127","1":"product","2":"type-product","3":"status-publish","5":"product_brand-factor","6":"product_cat-yok-yok","8":"first","9":"instock","10":"taxable","11":"shipping-taxable","12":"purchasable","13":"product-type-simple","14":"add-to-wishlist-after_add_to_cart"},"acf":[],"_links":{"self":[{"href":"https:\/\/www.makitamarket.com.tr\/site\/wp-json\/wp\/v2\/product\/26127","targetHints":{"allow":["GET"]}}],"collection":[{"href":"https:\/\/www.makitamarket.com.tr\/site\/wp-json\/wp\/v2\/product"}],"about":[{"href":"https:\/\/www.makitamarket.com.tr\/site\/wp-json\/wp\/v2\/types\/product"}],"replies":[{"embeddable":true,"href":"https:\/\/www.makitamarket.com.tr\/site\/wp-json\/wp\/v2\/comments?post=26127"}],"wp:attachment":[{"href":"https:\/\/www.makitamarket.com.tr\/site\/wp-json\/wp\/v2\/media?parent=26127"}],"wp:term":[{"taxonomy":"product_brand","embeddable":true,"href":"https:\/\/www.makitamarket.com.tr\/site\/wp-json\/wp\/v2\/product_brand?post=26127"},{"taxonomy":"product_cat","embeddable":true,"href":"https:\/\/www.makitamarket.com.tr\/site\/wp-json\/wp\/v2\/product_cat?post=26127"},{"taxonomy":"product_tag","embeddable":true,"href":"https:\/\/www.makitamarket.com.tr\/site\/wp-json\/wp\/v2\/product_tag?post=26127"}],"curies":[{"name":"wp","href":"https:\/\/api.w.org\/{rel}","templated":true}]}}