{"id":26183,"date":"2026-02-14T14:19:43","date_gmt":"2026-02-14T11:19:43","guid":{"rendered":"https:\/\/www.makitamarket.com.tr\/site\/urun\/factor-fcpk402-20lt-yogun-yag-ve-kir-sokcu\/"},"modified":"2026-04-06T18:18:42","modified_gmt":"2026-04-06T15:18:42","slug":"factor-fcpk402-20lt-yogun-yag-ve-kir-sokcu","status":"publish","type":"product","link":"https:\/\/www.makitamarket.com.tr\/site\/urun\/factor-fcpk402-20lt-yogun-yag-ve-kir-sokcu\/","title":{"rendered":"Factor FCPK402 20LT Yogun Yag ve Kir S\u00f6kc\u00fc"},"content":{"rendered":"<p>20LT Yogun Yag ve Kir S\u00f6kc\u00fc<\/p>\n<table><\/table>\n","protected":false},"excerpt":{"rendered":"<p>20LT Yogun Yag ve Kir S\u00f6kc\u00fc<\/p>\n","protected":false},"featured_media":0,"comment_status":"open","ping_status":"closed","template":"","meta":{"_acf_changed":false},"product_brand":[1494],"product_cat":[1565],"product_tag":[],"class_list":{"0":"post-26183","1":"product","2":"type-product","3":"status-publish","5":"product_brand-factor","6":"product_cat-yok-yok","8":"first","9":"instock","10":"taxable","11":"shipping-taxable","12":"purchasable","13":"product-type-simple","14":"add-to-wishlist-after_add_to_cart"},"acf":[],"_links":{"self":[{"href":"https:\/\/www.makitamarket.com.tr\/site\/wp-json\/wp\/v2\/product\/26183","targetHints":{"allow":["GET"]}}],"collection":[{"href":"https:\/\/www.makitamarket.com.tr\/site\/wp-json\/wp\/v2\/product"}],"about":[{"href":"https:\/\/www.makitamarket.com.tr\/site\/wp-json\/wp\/v2\/types\/product"}],"replies":[{"embeddable":true,"href":"https:\/\/www.makitamarket.com.tr\/site\/wp-json\/wp\/v2\/comments?post=26183"}],"wp:attachment":[{"href":"https:\/\/www.makitamarket.com.tr\/site\/wp-json\/wp\/v2\/media?parent=26183"}],"wp:term":[{"taxonomy":"product_brand","embeddable":true,"href":"https:\/\/www.makitamarket.com.tr\/site\/wp-json\/wp\/v2\/product_brand?post=26183"},{"taxonomy":"product_cat","embeddable":true,"href":"https:\/\/www.makitamarket.com.tr\/site\/wp-json\/wp\/v2\/product_cat?post=26183"},{"taxonomy":"product_tag","embeddable":true,"href":"https:\/\/www.makitamarket.com.tr\/site\/wp-json\/wp\/v2\/product_tag?post=26183"}],"curies":[{"name":"wp","href":"https:\/\/api.w.org\/{rel}","templated":true}]}}