{"id":26193,"date":"2026-02-14T14:19:48","date_gmt":"2026-02-14T11:19:48","guid":{"rendered":"https:\/\/www.makitamarket.com.tr\/site\/urun\/factor-fcwt340-ahsap-serit-testere-makinasi-340mm\/"},"modified":"2026-04-06T18:18:50","modified_gmt":"2026-04-06T15:18:50","slug":"factor-fcwt340-ahsap-serit-testere-makinasi-340mm","status":"publish","type":"product","link":"https:\/\/www.makitamarket.com.tr\/site\/urun\/factor-fcwt340-ahsap-serit-testere-makinasi-340mm\/","title":{"rendered":"Factor FCWT340 AH\u015eAP \u015eER\u0130T TESTERE MAK\u0130NASI 340mm"},"content":{"rendered":"<p>AH\u015eAP \u015eER\u0130T TESTERE MAK\u0130NASI 340mm<\/p>\n<table><\/table>\n","protected":false},"excerpt":{"rendered":"<p>AH\u015eAP \u015eER\u0130T TESTERE MAK\u0130NASI 340mm<\/p>\n","protected":false},"featured_media":0,"comment_status":"open","ping_status":"closed","template":"","meta":{"_acf_changed":false},"product_brand":[1494],"product_cat":[1565],"product_tag":[],"class_list":{"0":"post-26193","1":"product","2":"type-product","3":"status-publish","5":"product_brand-factor","6":"product_cat-yok-yok","8":"first","9":"outofstock","10":"taxable","11":"shipping-taxable","12":"purchasable","13":"product-type-simple","14":"add-to-wishlist-after_add_to_cart"},"acf":[],"_links":{"self":[{"href":"https:\/\/www.makitamarket.com.tr\/site\/wp-json\/wp\/v2\/product\/26193","targetHints":{"allow":["GET"]}}],"collection":[{"href":"https:\/\/www.makitamarket.com.tr\/site\/wp-json\/wp\/v2\/product"}],"about":[{"href":"https:\/\/www.makitamarket.com.tr\/site\/wp-json\/wp\/v2\/types\/product"}],"replies":[{"embeddable":true,"href":"https:\/\/www.makitamarket.com.tr\/site\/wp-json\/wp\/v2\/comments?post=26193"}],"wp:attachment":[{"href":"https:\/\/www.makitamarket.com.tr\/site\/wp-json\/wp\/v2\/media?parent=26193"}],"wp:term":[{"taxonomy":"product_brand","embeddable":true,"href":"https:\/\/www.makitamarket.com.tr\/site\/wp-json\/wp\/v2\/product_brand?post=26193"},{"taxonomy":"product_cat","embeddable":true,"href":"https:\/\/www.makitamarket.com.tr\/site\/wp-json\/wp\/v2\/product_cat?post=26193"},{"taxonomy":"product_tag","embeddable":true,"href":"https:\/\/www.makitamarket.com.tr\/site\/wp-json\/wp\/v2\/product_tag?post=26193"}],"curies":[{"name":"wp","href":"https:\/\/api.w.org\/{rel}","templated":true}]}}