{"id":26194,"date":"2026-02-14T14:19:48","date_gmt":"2026-02-14T11:19:48","guid":{"rendered":"https:\/\/www.makitamarket.com.tr\/site\/urun\/factor-fcwx6f-cok-fonksiyonlu-ahsap-isleme-makinasi\/"},"modified":"2026-04-13T23:46:35","modified_gmt":"2026-04-13T20:46:35","slug":"factor-fcwx6f-cok-fonksiyonlu-ahsap-isleme-makinasi","status":"publish","type":"product","link":"https:\/\/www.makitamarket.com.tr\/site\/urun\/factor-fcwx6f-cok-fonksiyonlu-ahsap-isleme-makinasi\/","title":{"rendered":"Factor FCWX6F \u00c7OK FONKS\u0130YONLU AH\u015eAP \u0130\u015eLEME MAK\u0130NASI"},"content":{"rendered":"<p>\u00c7OK FONKS\u0130YONLU AH\u015eAP \u0130\u015eLEME MAK\u0130NASI<\/p>\n<table><\/table>\n","protected":false},"excerpt":{"rendered":"<p>\u00c7OK FONKS\u0130YONLU AH\u015eAP \u0130\u015eLEME MAK\u0130NASI<\/p>\n","protected":false},"featured_media":0,"comment_status":"open","ping_status":"closed","template":"","meta":{"_acf_changed":false},"product_brand":[1494],"product_cat":[1565],"product_tag":[],"class_list":{"0":"post-26194","1":"product","2":"type-product","3":"status-publish","5":"product_brand-factor","6":"product_cat-yok-yok","8":"first","9":"outofstock","10":"taxable","11":"shipping-taxable","12":"purchasable","13":"product-type-simple","14":"add-to-wishlist-after_add_to_cart"},"acf":[],"_links":{"self":[{"href":"https:\/\/www.makitamarket.com.tr\/site\/wp-json\/wp\/v2\/product\/26194","targetHints":{"allow":["GET"]}}],"collection":[{"href":"https:\/\/www.makitamarket.com.tr\/site\/wp-json\/wp\/v2\/product"}],"about":[{"href":"https:\/\/www.makitamarket.com.tr\/site\/wp-json\/wp\/v2\/types\/product"}],"replies":[{"embeddable":true,"href":"https:\/\/www.makitamarket.com.tr\/site\/wp-json\/wp\/v2\/comments?post=26194"}],"wp:attachment":[{"href":"https:\/\/www.makitamarket.com.tr\/site\/wp-json\/wp\/v2\/media?parent=26194"}],"wp:term":[{"taxonomy":"product_brand","embeddable":true,"href":"https:\/\/www.makitamarket.com.tr\/site\/wp-json\/wp\/v2\/product_brand?post=26194"},{"taxonomy":"product_cat","embeddable":true,"href":"https:\/\/www.makitamarket.com.tr\/site\/wp-json\/wp\/v2\/product_cat?post=26194"},{"taxonomy":"product_tag","embeddable":true,"href":"https:\/\/www.makitamarket.com.tr\/site\/wp-json\/wp\/v2\/product_tag?post=26194"}],"curies":[{"name":"wp","href":"https:\/\/api.w.org\/{rel}","templated":true}]}}