{"id":26211,"date":"2026-02-21T21:31:05","date_gmt":"2026-02-21T18:31:05","guid":{"rendered":"https:\/\/www.makitamarket.com.tr\/site\/urun\/makita-td001gm201-darbeli-vidalama-40v\/"},"modified":"2026-04-06T18:30:45","modified_gmt":"2026-04-06T15:30:45","slug":"makita-td001gm201-darbeli-vidalama-40v","status":"publish","type":"product","link":"https:\/\/www.makitamarket.com.tr\/site\/urun\/makita-td001gm201-darbeli-vidalama-40v\/","title":{"rendered":"Makita TD001GM201 DARBEL\u0130 V\u0130DALAMA 40V"},"content":{"rendered":"<p><strong class=\"red-title\" style=\"font-size: 16px;\">A\u00e7\u0131klama:<\/strong> <span><\/p>\n<p><span style=\"color: rgb(33, 37, 41); background-color: white;\">Model TD001GM201<\/span><\/p>\n<p>Darbeli Vidalama<\/p>\n<p>40V \u2022 220 Nm<\/p>\n<p><strong style=\"color: rgb(0, 112, 192); background-color: white;\">TD001GM201 Darbeli Vidalama Makinesi<\/strong><\/p>\n<p><span style=\"color: rgb(33, 37, 41); background-color: white;\">40Vmax XGT ile \u00e7al\u0131\u015fan BL k\u00f6m\u00fcrs\u00fcz motorlu darbeli vidalama makinesidir. 220 N\u00b7m tork kapasitesiyle y\u00fcksek g\u00fc\u00e7 sunarak a\u011f\u0131r sanayi kullan\u0131c\u0131lar\u0131n\u0131n ihtiya\u00e7lar\u0131n\u0131 kar\u015f\u0131lar. 4 h\u0131z kademesi ve 6 destek modu (2 T modu, 1 Ah\u015fap modu, 3 C\u0131vata modu) ile farkl\u0131 uygulamalara uyum sa\u011flar. S\u00fcrekli h\u0131z kontrol\u00fc, azalan ak\u00fc kapasitesine ra\u011fmen tork performans\u0131n\u0131 korur.LED \u0131\u015f\u0131k, karanl\u0131k alanlar\u0131 ayd\u0131nlat\u0131rken ergonomik kau\u00e7uk kapl\u0131 sap, rahat bir tutu\u015f sa\u011flar. Elektrik freni, ters \u00e7evrilebilir kemer klipsi ve y\u00fcksek su direnci sa\u011flayan XPT uyumu gibi \u00f6zelliklerle maksimum kullan\u0131c\u0131 konforu sunar. 10 m\/s\u00b2 titre\u015fim seviyesi ve 96 dB(A) ses bas\u0131n\u00e7 seviyesi ile g\u00fcvenli ve sessiz bir kullan\u0131m sa\u011flar. 120 x 86 x 245 mm \u00f6l\u00e7\u00fclerinde kompakt tasar\u0131m\u0131 ve 1.7-2.0 kg a\u011f\u0131rl\u0131\u011f\u0131yla ta\u015f\u0131nabilirli\u011fi art\u0131r\u0131r. Bu profesyonel cihaz, a\u011f\u0131r i\u015flerde y\u00fcksek performans, dayan\u0131kl\u0131l\u0131k ve kullan\u0131m kolayl\u0131\u011f\u0131 sunar. Ergonomik tasar\u0131m\u0131, LED ayd\u0131nlatmas\u0131 ve XPT uyumuyla kullan\u0131c\u0131 konforunu art\u0131r\u0131r.<\/span><\/p>\n<p><\/span><strong class=\"red-title\" style=\"font-size: 16px;\">Kullan\u0131m Amac\u0131:<\/strong> <span><\/p>\n<p><span style=\"background-color: white; color: rgb(33, 37, 41);\">Bu alet ah\u015fap, metal ve plastik malzemede vidalama i\u015flemleri i\u00e7in tasarlanm\u0131\u015ft\u0131r.<\/span><\/p>\n<p><\/span><strong class=\"red-title\" style=\"font-size: 16px;\">\u00d6zellikler:<\/strong> <span><\/p>\n<p>40V,XGT,AFT, BL MOTOR,XPT,\u00c7\u0130FT AK\u00dcL\u00dc<\/p>\n<p>XGT(Next Generation Technology Extreme Power); yenilik\u00e7i tasar\u0131m ve 40 volt ak\u00fclerle zorlu taleplerin kar\u015f\u0131land\u0131\u011f\u0131 in\u015faat,end\u00fcstri,bah\u00e7ecilik ve bir\u00e7ok alanda kullan\u0131labilen \u00fcr\u00fcnlerin kar\u0131\u015f\u0131m\u0131d\u0131r.XGT ak\u00fcleri son derece dayan\u0131kl\u0131 olacak \u015fekilde tasarlanm\u0131\u015f olup ak\u00fcleri su ge\u00e7irmez \u00fc\u00e7 katmanl\u0131 bir yap\u0131ya ve darbelere kar\u015f\u0131 korunakl\u0131 olacak \u015fekilde tasarlanm\u0131\u015ft\u0131r.<\/p>\n<p>BL Motor\/K\u00f6m\u00fcrs\u00fcz Motor mevcuttur. K\u00f6m\u00fcrs\u00fcz motor sayesinde \u00e7al\u0131\u015fma esnas\u0131nda olu\u015fan \u0131s\u0131 enerjisi kaybolmaz ve makinenin g\u00fcc\u00fcne iletilir.<\/p>\n<p>XPT(Ekstra Koruma Teknolojisi) sayesinde nemli ve ya\u011fmurlu ortamlarda kullan\u0131labilir. D\u00fc\u015fmeye kar\u015f\u0131 ekstra dayan\u0131kl\u0131d\u0131r<\/p>\n<p>AFT(A\u015f\u0131r\u0131 Y\u00fck Alg\u0131lama Teknolojisi);\u00e7al\u0131\u015fma s\u0131ras\u0131nda cihaza a\u015f\u0131r\u0131 y\u00fck bindi\u011finde cihaz otomatik olarak durur.<\/p>\n<ol>\n<li data-list=\"bullet\"><span class=\"ql-ui\" contenteditable=\"false\"><\/span>De\u011fi\u015fken h\u0131z \u00f6zelli\u011fine sahiptir.<\/li>\n<li data-list=\"bullet\"><span class=\"ql-ui\" contenteditable=\"false\"><\/span>Sa\u011f-sol d\u00f6n\u00fc\u015f ayarl\u0131d\u0131r.<\/li>\n<li data-list=\"bullet\"><span class=\"ql-ui\" contenteditable=\"false\"><\/span>Otomatik h\u0131z 4 mevcuttur.<\/li>\n<li data-list=\"bullet\"><span class=\"ql-ui\" contenteditable=\"false\"><\/span>Elektrik freni mevcuttur.<\/li>\n<li data-list=\"bullet\"><span class=\"ql-ui\" contenteditable=\"false\"><\/span>Anahtars\u0131z(otomatik) mandrenlidir.<\/li>\n<li data-list=\"bullet\"><span class=\"ql-ui\" contenteditable=\"false\"><\/span>Led \u0131\u015f\u0131\u011f\u0131 vard\u0131r<\/li>\n<li data-list=\"bullet\"><span class=\"ql-ui\" contenteditable=\"false\"><\/span>Plastik ta\u015f\u0131ma \u00e7antal\u0131d\u0131r.<\/li>\n<\/ol>\n<p><\/span><strong class=\"red-title\" style=\"font-size: 16px;\">Paket \u0130\u00e7eri\u011fi:<\/strong> <span><\/p>\n<p><span style=\"background-color: white; color: rgb(33, 37, 41);\">Ambalaj i\u00e7eri\u011fi:Bits u\u00e7,bel kancas\u0131,\u00e7ift ak\u00fc,\u015farj cihaz\u0131<\/span><\/p>\n<p><\/span><\/p>\n<table>\n<tr>\n<td>Maksimum Tork<\/td>\n<td>220N.m<\/td>\n<\/tr>\n<tr>\n<td>Net A\u011f\u0131rl\u0131k<\/td>\n<td>1.8kg<\/td>\n<\/tr>\n<tr>\n<td>G\u00fc\u00e7-Kapasite<\/td>\n<td>40V\/4.0Ah\/Li-ion<\/td>\n<\/tr>\n<tr>\n<td>Ak\u00fc \/ \u015earj Cihaz\u0131<\/td>\n<td>BL4040 \/ DC40RA<\/td>\n<\/tr>\n<\/table>\n","protected":false},"excerpt":{"rendered":"<p><strong class=\"red-title\" style=\"font-size: 16px;\">A\u00e7\u0131klama:<\/strong> <span><\/p>\n<p><span style=\"color: rgb(33, 37, 41); background-color: white;\">Model TD001GM201<\/span><\/p>\n<p>Darbeli Vidalama<\/p>\n<p>40V \u2022 220 Nm<\/p>\n<p><strong style=\"color: rgb(0, 112, 192); background-color: white;\">TD001GM201 Darbeli Vidalama Makinesi<\/strong><\/p>\n<p><span style=\"color: rgb(33, 37, 41); background-color: white;\">40Vmax XGT ile \u00e7al\u0131\u015fan BL k\u00f6m\u00fcrs\u00fcz motorlu darbeli vidalama makinesidir. 220 N\u00b7m tork kapasitesiyle y\u00fcksek g\u00fc\u00e7 sunarak a\u011f\u0131r sanayi kullan\u0131c\u0131lar\u0131n\u0131n ihtiya\u00e7lar\u0131n\u0131 kar\u015f\u0131lar. 4 h\u0131z kademesi ve 6 destek modu (2 T modu, 1 Ah\u015fap modu, 3 C\u0131vata modu) ile farkl\u0131 uygulamalara uyum sa\u011flar. S\u00fcrekli h\u0131z kontrol\u00fc, azalan ak\u00fc kapasitesine ra\u011fmen tork performans\u0131n\u0131 korur.LED \u0131\u015f\u0131k, karanl\u0131k alanlar\u0131 ayd\u0131nlat\u0131rken ergonomik kau\u00e7uk kapl\u0131 sap, rahat bir tutu\u015f sa\u011flar. Elektrik freni, ters \u00e7evrilebilir kemer klipsi ve y\u00fcksek su direnci sa\u011flayan XPT uyumu gibi \u00f6zelliklerle maksimum kullan\u0131c\u0131 konforu sunar. 10 m\/s\u00b2 titre\u015fim seviyesi ve 96 dB(A) ses bas\u0131n\u00e7 seviyesi ile g\u00fcvenli ve sessiz bir kullan\u0131m sa\u011flar. 120 x 86 x 245 mm \u00f6l\u00e7\u00fclerinde kompakt tasar\u0131m\u0131 ve 1.7-2.0 kg a\u011f\u0131rl\u0131\u011f\u0131yla ta\u015f\u0131nabilirli\u011fi art\u0131r\u0131r. Bu profesyonel cihaz, a\u011f\u0131r i\u015flerde y\u00fcksek performans, dayan\u0131kl\u0131l\u0131k ve kullan\u0131m kolayl\u0131\u011f\u0131 sunar. Ergonomik tasar\u0131m\u0131, LED ayd\u0131nlatmas\u0131 ve XPT uyumuyla kullan\u0131c\u0131 konforunu art\u0131r\u0131r.<\/span><\/p>\n<p><\/span><strong class=\"red-title\" style=\"font-size: 16px;\">Kullan\u0131m Amac\u0131:<\/strong> <span><\/p>\n<p><span style=\"background-color: white; color: rgb(33, 37, 41);\">Bu alet ah\u015fap, metal ve plastik malzemede vidalama i\u015flemleri i\u00e7in tasarlanm\u0131\u015ft\u0131r.<\/span><\/p>\n<p><\/span><strong class=\"red-title\" style=\"font-size: 16px;\">\u00d6zellikler:<\/strong> <span><\/p>\n<p>40V,XGT,AFT, BL MOTOR,XPT,\u00c7\u0130FT AK\u00dcL\u00dc<\/p>\n<p>XGT(Next Generation Technology Extreme Power); yenilik\u00e7i tasar\u0131m ve 40 volt ak\u00fclerle zorlu taleplerin kar\u015f\u0131land\u0131\u011f\u0131 in\u015faat,end\u00fcstri,bah\u00e7ecilik ve bir\u00e7ok alanda kullan\u0131labilen \u00fcr\u00fcnlerin kar\u0131\u015f\u0131m\u0131d\u0131r.XGT ak\u00fcleri son derece dayan\u0131kl\u0131 olacak \u015fekilde tasarlanm\u0131\u015f olup ak\u00fcleri su ge\u00e7irmez \u00fc\u00e7 katmanl\u0131 bir yap\u0131ya ve darbelere kar\u015f\u0131 korunakl\u0131 olacak \u015fekilde tasarlanm\u0131\u015ft\u0131r.<\/p>\n<p>BL Motor\/K\u00f6m\u00fcrs\u00fcz Motor mevcuttur. K\u00f6m\u00fcrs\u00fcz motor sayesinde \u00e7al\u0131\u015fma esnas\u0131nda olu\u015fan \u0131s\u0131 enerjisi kaybolmaz ve makinenin g\u00fcc\u00fcne iletilir.<\/p>\n<p>XPT(Ekstra Koruma Teknolojisi) sayesinde nemli ve ya\u011fmurlu ortamlarda kullan\u0131labilir. D\u00fc\u015fmeye kar\u015f\u0131 ekstra dayan\u0131kl\u0131d\u0131r<\/p>\n<p>AFT(A\u015f\u0131r\u0131 Y\u00fck Alg\u0131lama Teknolojisi);\u00e7al\u0131\u015fma s\u0131ras\u0131nda cihaza a\u015f\u0131r\u0131 y\u00fck bindi\u011finde cihaz otomatik olarak durur.<\/p>\n<ol>\n<li data-list=\"bullet\"><span class=\"ql-ui\" contenteditable=\"false\"><\/span>De\u011fi\u015fken h\u0131z \u00f6zelli\u011fine sahiptir.<\/li>\n<li data-list=\"bullet\"><span class=\"ql-ui\" contenteditable=\"false\"><\/span>Sa\u011f-sol d\u00f6n\u00fc\u015f ayarl\u0131d\u0131r.<\/li>\n<li data-list=\"bullet\"><span class=\"ql-ui\" contenteditable=\"false\"><\/span>Otomatik h\u0131z 4 mevcuttur.<\/li>\n<li data-list=\"bullet\"><span class=\"ql-ui\" contenteditable=\"false\"><\/span>Elektrik freni mevcuttur.<\/li>\n<li data-list=\"bullet\"><span class=\"ql-ui\" contenteditable=\"false\"><\/span>Anahtars\u0131z(otomatik) mandrenlidir.<\/li>\n<li data-list=\"bullet\"><span class=\"ql-ui\" contenteditable=\"false\"><\/span>Led \u0131\u015f\u0131\u011f\u0131 vard\u0131r<\/li>\n<li data-list=\"bullet\"><span class=\"ql-ui\" contenteditable=\"false\"><\/span>Plastik ta\u015f\u0131ma \u00e7antal\u0131d\u0131r.<\/li>\n<\/ol>\n<p><\/span><strong class=\"red-title\" style=\"font-size: 16px;\">Paket \u0130\u00e7eri\u011fi:<\/strong> <span><\/p>\n<p><span style=\"background-color: white; color: rgb(33, 37, 41);\">Ambalaj i\u00e7eri\u011fi:Bits u\u00e7,bel kancas\u0131,\u00e7ift ak\u00fc,\u015farj cihaz\u0131<\/span><\/p>\n<p><\/span><\/p>\n","protected":false},"featured_media":26210,"comment_status":"open","ping_status":"closed","template":"","meta":{"_acf_changed":false},"product_brand":[1485],"product_cat":[1565],"product_tag":[],"class_list":{"0":"post-26211","1":"product","2":"type-product","3":"status-publish","4":"has-post-thumbnail","6":"product_brand-makita","7":"product_cat-yok-yok","9":"first","10":"instock","11":"taxable","12":"shipping-taxable","13":"purchasable","14":"product-type-simple","15":"add-to-wishlist-after_add_to_cart"},"acf":[],"_links":{"self":[{"href":"https:\/\/www.makitamarket.com.tr\/site\/wp-json\/wp\/v2\/product\/26211","targetHints":{"allow":["GET"]}}],"collection":[{"href":"https:\/\/www.makitamarket.com.tr\/site\/wp-json\/wp\/v2\/product"}],"about":[{"href":"https:\/\/www.makitamarket.com.tr\/site\/wp-json\/wp\/v2\/types\/product"}],"replies":[{"embeddable":true,"href":"https:\/\/www.makitamarket.com.tr\/site\/wp-json\/wp\/v2\/comments?post=26211"}],"wp:featuredmedia":[{"embeddable":true,"href":"https:\/\/www.makitamarket.com.tr\/site\/wp-json\/wp\/v2\/media\/26210"}],"wp:attachment":[{"href":"https:\/\/www.makitamarket.com.tr\/site\/wp-json\/wp\/v2\/media?parent=26211"}],"wp:term":[{"taxonomy":"product_brand","embeddable":true,"href":"https:\/\/www.makitamarket.com.tr\/site\/wp-json\/wp\/v2\/product_brand?post=26211"},{"taxonomy":"product_cat","embeddable":true,"href":"https:\/\/www.makitamarket.com.tr\/site\/wp-json\/wp\/v2\/product_cat?post=26211"},{"taxonomy":"product_tag","embeddable":true,"href":"https:\/\/www.makitamarket.com.tr\/site\/wp-json\/wp\/v2\/product_tag?post=26211"}],"curies":[{"name":"wp","href":"https:\/\/api.w.org\/{rel}","templated":true}]}}