{"id":26226,"date":"2026-03-01T02:33:16","date_gmt":"2026-02-28T23:33:16","guid":{"rendered":"https:\/\/www.makitamarket.com.tr\/site\/urun\/factor-fcpc200-paslanmaz-zemin-cilalama-ve-yikama-makinasi-175-devir\/"},"modified":"2026-03-08T07:39:25","modified_gmt":"2026-03-08T04:39:25","slug":"factor-fcpc200-paslanmaz-zemin-cilalama-ve-yikama-makinasi-175-devir","status":"publish","type":"product","link":"https:\/\/www.makitamarket.com.tr\/site\/urun\/factor-fcpc200-paslanmaz-zemin-cilalama-ve-yikama-makinasi-175-devir\/","title":{"rendered":"Factor FCPC200 Paslanmaz Zemin Cilalama ve Y\u0131kama Makinas\u0131 175 devir"},"content":{"rendered":"<p>Paslanmaz Zemin Cilalama ve Y\u0131kama Makinas\u0131 175 devir<\/p>\n<table><\/table>\n","protected":false},"excerpt":{"rendered":"<p>Paslanmaz Zemin Cilalama ve Y\u0131kama Makinas\u0131 175 devir<\/p>\n","protected":false},"featured_media":0,"comment_status":"open","ping_status":"closed","template":"","meta":{"_acf_changed":false},"product_brand":[1494],"product_cat":[1565],"product_tag":[],"class_list":{"0":"post-26226","1":"product","2":"type-product","3":"status-publish","5":"product_brand-factor","6":"product_cat-yok-yok","8":"first","9":"instock","10":"taxable","11":"shipping-taxable","12":"purchasable","13":"product-type-simple","14":"add-to-wishlist-after_add_to_cart"},"acf":[],"_links":{"self":[{"href":"https:\/\/www.makitamarket.com.tr\/site\/wp-json\/wp\/v2\/product\/26226","targetHints":{"allow":["GET"]}}],"collection":[{"href":"https:\/\/www.makitamarket.com.tr\/site\/wp-json\/wp\/v2\/product"}],"about":[{"href":"https:\/\/www.makitamarket.com.tr\/site\/wp-json\/wp\/v2\/types\/product"}],"replies":[{"embeddable":true,"href":"https:\/\/www.makitamarket.com.tr\/site\/wp-json\/wp\/v2\/comments?post=26226"}],"wp:attachment":[{"href":"https:\/\/www.makitamarket.com.tr\/site\/wp-json\/wp\/v2\/media?parent=26226"}],"wp:term":[{"taxonomy":"product_brand","embeddable":true,"href":"https:\/\/www.makitamarket.com.tr\/site\/wp-json\/wp\/v2\/product_brand?post=26226"},{"taxonomy":"product_cat","embeddable":true,"href":"https:\/\/www.makitamarket.com.tr\/site\/wp-json\/wp\/v2\/product_cat?post=26226"},{"taxonomy":"product_tag","embeddable":true,"href":"https:\/\/www.makitamarket.com.tr\/site\/wp-json\/wp\/v2\/product_tag?post=26226"}],"curies":[{"name":"wp","href":"https:\/\/api.w.org\/{rel}","templated":true}]}}