{"id":26227,"date":"2026-03-01T02:33:18","date_gmt":"2026-02-28T23:33:18","guid":{"rendered":"https:\/\/www.makitamarket.com.tr\/site\/urun\/factor-fcpr30u-dikey-elektrikli-supurge-1200w-4-5l\/"},"modified":"2026-04-06T18:18:45","modified_gmt":"2026-04-06T15:18:45","slug":"factor-fcpr30u-dikey-elektrikli-supurge-1200w-4-5l","status":"publish","type":"product","link":"https:\/\/www.makitamarket.com.tr\/site\/urun\/factor-fcpr30u-dikey-elektrikli-supurge-1200w-4-5l\/","title":{"rendered":"Factor FCPR30U Dikey Elektrikli S\u00fcp\u00fcrge 1200W &#8211; 4.5L"},"content":{"rendered":"<p>Dikey Elektrikli S\u00fcp\u00fcrge 1200W &#8211; 4.5L<\/p>\n<table>\n<tr>\n<td>Devir<\/td>\n<td>300 rpm<\/td>\n<\/tr>\n<tr>\n<td>Vakum Motor G\u00fcc\u00fc<\/td>\n<td>1200 W<\/td>\n<\/tr>\n<tr>\n<td>Ses seviyesi<\/td>\n<td>80 dB(A)<\/td>\n<\/tr>\n<tr>\n<td>A\u011f\u0131rl\u0131k<\/td>\n<td>9.2 kg \/ 10.7 kg<\/td>\n<\/tr>\n<tr>\n<td>Voltaj<\/td>\n<td>220 V \u2013 50 Hz<\/td>\n<\/tr>\n<tr>\n<td>F\u0131r\u00e7a Motor G\u00fcc\u00fc<\/td>\n<td>200 W<\/td>\n<\/tr>\n<tr>\n<td>Vakum G\u00fcc\u00fc<\/td>\n<td>190 mbar<\/td>\n<\/tr>\n<tr>\n<td>Hava ak\u0131\u015f\u0131<\/td>\n<td>48 L\/s<\/td>\n<\/tr>\n<tr>\n<td>Kablo Uzunlu\u011fu<\/td>\n<td>8 m<\/td>\n<\/tr>\n<\/table>\n","protected":false},"excerpt":{"rendered":"<p>Dikey Elektrikli S\u00fcp\u00fcrge 1200W &#8211; 4.5L<\/p>\n","protected":false},"featured_media":0,"comment_status":"open","ping_status":"closed","template":"","meta":{"_acf_changed":false},"product_brand":[1494],"product_cat":[1565],"product_tag":[],"class_list":{"0":"post-26227","1":"product","2":"type-product","3":"status-publish","5":"product_brand-factor","6":"product_cat-yok-yok","8":"first","9":"outofstock","10":"taxable","11":"shipping-taxable","12":"purchasable","13":"product-type-simple","14":"add-to-wishlist-after_add_to_cart"},"acf":[],"_links":{"self":[{"href":"https:\/\/www.makitamarket.com.tr\/site\/wp-json\/wp\/v2\/product\/26227","targetHints":{"allow":["GET"]}}],"collection":[{"href":"https:\/\/www.makitamarket.com.tr\/site\/wp-json\/wp\/v2\/product"}],"about":[{"href":"https:\/\/www.makitamarket.com.tr\/site\/wp-json\/wp\/v2\/types\/product"}],"replies":[{"embeddable":true,"href":"https:\/\/www.makitamarket.com.tr\/site\/wp-json\/wp\/v2\/comments?post=26227"}],"wp:attachment":[{"href":"https:\/\/www.makitamarket.com.tr\/site\/wp-json\/wp\/v2\/media?parent=26227"}],"wp:term":[{"taxonomy":"product_brand","embeddable":true,"href":"https:\/\/www.makitamarket.com.tr\/site\/wp-json\/wp\/v2\/product_brand?post=26227"},{"taxonomy":"product_cat","embeddable":true,"href":"https:\/\/www.makitamarket.com.tr\/site\/wp-json\/wp\/v2\/product_cat?post=26227"},{"taxonomy":"product_tag","embeddable":true,"href":"https:\/\/www.makitamarket.com.tr\/site\/wp-json\/wp\/v2\/product_tag?post=26227"}],"curies":[{"name":"wp","href":"https:\/\/api.w.org\/{rel}","templated":true}]}}