{"id":26243,"date":"2026-03-08T07:34:32","date_gmt":"2026-03-08T04:34:32","guid":{"rendered":"https:\/\/www.makitamarket.com.tr\/site\/urun\/factor-fcczk13ht-kompaktor-makinasi-50x52-cm-su-tankli-honda\/"},"modified":"2026-04-13T23:41:40","modified_gmt":"2026-04-13T20:41:40","slug":"factor-fcczk13ht-kompaktor-makinasi-50x52-cm-su-tankli-honda","status":"publish","type":"product","link":"https:\/\/www.makitamarket.com.tr\/site\/urun\/factor-fcczk13ht-kompaktor-makinasi-50x52-cm-su-tankli-honda\/","title":{"rendered":"Factor FCCZK13HT KOMPAKT\u00d6R MAK\u0130NASI 50X52 CM SU TANKLI HONDA"},"content":{"rendered":"<p>KOMPAKT\u00d6R MAK\u0130NASI 50X52 CM SU TANKLI HONDA<\/p>\n<table>\n<tr>\n<td>Santrifuj Kuvveti<\/td>\n<td>13.2 kN<\/td>\n<\/tr>\n<tr>\n<td>Net A\u011f\u0131rl\u0131k<\/td>\n<td>88 kg<\/td>\n<\/tr>\n<tr>\n<td>Paket \u00d6l\u00e7\u00fcleri<\/td>\n<td>765 x 525 x 690 mm<\/td>\n<\/tr>\n<tr>\n<td>Tablo \u00f6l\u00e7\u00fcs\u00fc<\/td>\n<td>500 x 520 mm<\/td>\n<\/tr>\n<tr>\n<td>Gezinme H\u0131z\u0131<\/td>\n<td>40 cm\/s<\/td>\n<\/tr>\n<tr>\n<td>Verimlilik<\/td>\n<td>660 m\u00b2\/saat &#8211; hours<\/td>\n<\/tr>\n<tr>\n<td>Frekans vpm<\/td>\n<td>5500 \/dk &#8211; min<\/td>\n<\/tr>\n<tr>\n<td>Motor tipi<\/td>\n<td>Honda GX160 (5.5 HP)<\/td>\n<\/tr>\n<tr>\n<td>S\u0131k\u0131\u015ft\u0131rma Derinli\u011fi<\/td>\n<td>30 cm<\/td>\n<\/tr>\n<\/table>\n","protected":false},"excerpt":{"rendered":"<p>KOMPAKT\u00d6R MAK\u0130NASI 50X52 CM SU TANKLI HONDA<\/p>\n","protected":false},"featured_media":0,"comment_status":"open","ping_status":"closed","template":"","meta":{"_acf_changed":false},"product_brand":[1494],"product_cat":[1565],"product_tag":[],"class_list":{"0":"post-26243","1":"product","2":"type-product","3":"status-publish","5":"product_brand-factor","6":"product_cat-yok-yok","8":"first","9":"outofstock","10":"taxable","11":"shipping-taxable","12":"purchasable","13":"product-type-simple","14":"add-to-wishlist-after_add_to_cart"},"acf":[],"_links":{"self":[{"href":"https:\/\/www.makitamarket.com.tr\/site\/wp-json\/wp\/v2\/product\/26243","targetHints":{"allow":["GET"]}}],"collection":[{"href":"https:\/\/www.makitamarket.com.tr\/site\/wp-json\/wp\/v2\/product"}],"about":[{"href":"https:\/\/www.makitamarket.com.tr\/site\/wp-json\/wp\/v2\/types\/product"}],"replies":[{"embeddable":true,"href":"https:\/\/www.makitamarket.com.tr\/site\/wp-json\/wp\/v2\/comments?post=26243"}],"wp:attachment":[{"href":"https:\/\/www.makitamarket.com.tr\/site\/wp-json\/wp\/v2\/media?parent=26243"}],"wp:term":[{"taxonomy":"product_brand","embeddable":true,"href":"https:\/\/www.makitamarket.com.tr\/site\/wp-json\/wp\/v2\/product_brand?post=26243"},{"taxonomy":"product_cat","embeddable":true,"href":"https:\/\/www.makitamarket.com.tr\/site\/wp-json\/wp\/v2\/product_cat?post=26243"},{"taxonomy":"product_tag","embeddable":true,"href":"https:\/\/www.makitamarket.com.tr\/site\/wp-json\/wp\/v2\/product_tag?post=26243"}],"curies":[{"name":"wp","href":"https:\/\/api.w.org\/{rel}","templated":true}]}}