{"id":26244,"date":"2026-03-08T07:34:32","date_gmt":"2026-03-08T04:34:32","guid":{"rendered":"https:\/\/www.makitamarket.com.tr\/site\/urun\/factor-fcczk15h-kompaktor-makinasi-54x45-cm-honda\/"},"modified":"2026-04-06T18:13:52","modified_gmt":"2026-04-06T15:13:52","slug":"factor-fcczk15h-kompaktor-makinasi-54x45-cm-honda","status":"publish","type":"product","link":"https:\/\/www.makitamarket.com.tr\/site\/urun\/factor-fcczk15h-kompaktor-makinasi-54x45-cm-honda\/","title":{"rendered":"Factor FCCZK15H KOMPAKT\u00d6R MAK\u0130NASI 54X45 CM HONDA"},"content":{"rendered":"<p>KOMPAKT\u00d6R MAK\u0130NASI 54X45 CM HONDA<\/p>\n<table>\n<tr>\n<td>Gezinme H\u0131z\u0131<\/td>\n<td>40 cm\/s<\/td>\n<\/tr>\n<tr>\n<td>Tablo \u00f6l\u00e7\u00fcs\u00fc<\/td>\n<td>540 x 450 mm<\/td>\n<\/tr>\n<tr>\n<td>Santrifuj Kuvveti<\/td>\n<td>15 kN<\/td>\n<\/tr>\n<tr>\n<td>Verimlilik<\/td>\n<td>602 m\u00b2\/saat &#8211; hours<\/td>\n<\/tr>\n<tr>\n<td>Paket \u00d6l\u00e7\u00fcleri<\/td>\n<td>720 x 490 x 770 mm<\/td>\n<\/tr>\n<tr>\n<td>Frekans vpm<\/td>\n<td>4200 \/dk &#8211; min<\/td>\n<\/tr>\n<tr>\n<td>Net A\u011f\u0131rl\u0131k<\/td>\n<td>90.8 kg<\/td>\n<\/tr>\n<tr>\n<td>Motor tipi<\/td>\n<td>Honda GX160 (5.5 HP)<\/td>\n<\/tr>\n<tr>\n<td>S\u0131k\u0131\u015ft\u0131rma Derinli\u011fi<\/td>\n<td>30 cm<\/td>\n<\/tr>\n<\/table>\n","protected":false},"excerpt":{"rendered":"<p>KOMPAKT\u00d6R MAK\u0130NASI 54X45 CM HONDA<\/p>\n","protected":false},"featured_media":0,"comment_status":"open","ping_status":"closed","template":"","meta":{"_acf_changed":false},"product_brand":[1494],"product_cat":[1565],"product_tag":[],"class_list":{"0":"post-26244","1":"product","2":"type-product","3":"status-publish","5":"product_brand-factor","6":"product_cat-yok-yok","8":"first","9":"outofstock","10":"taxable","11":"shipping-taxable","12":"purchasable","13":"product-type-simple","14":"add-to-wishlist-after_add_to_cart"},"acf":[],"_links":{"self":[{"href":"https:\/\/www.makitamarket.com.tr\/site\/wp-json\/wp\/v2\/product\/26244","targetHints":{"allow":["GET"]}}],"collection":[{"href":"https:\/\/www.makitamarket.com.tr\/site\/wp-json\/wp\/v2\/product"}],"about":[{"href":"https:\/\/www.makitamarket.com.tr\/site\/wp-json\/wp\/v2\/types\/product"}],"replies":[{"embeddable":true,"href":"https:\/\/www.makitamarket.com.tr\/site\/wp-json\/wp\/v2\/comments?post=26244"}],"wp:attachment":[{"href":"https:\/\/www.makitamarket.com.tr\/site\/wp-json\/wp\/v2\/media?parent=26244"}],"wp:term":[{"taxonomy":"product_brand","embeddable":true,"href":"https:\/\/www.makitamarket.com.tr\/site\/wp-json\/wp\/v2\/product_brand?post=26244"},{"taxonomy":"product_cat","embeddable":true,"href":"https:\/\/www.makitamarket.com.tr\/site\/wp-json\/wp\/v2\/product_cat?post=26244"},{"taxonomy":"product_tag","embeddable":true,"href":"https:\/\/www.makitamarket.com.tr\/site\/wp-json\/wp\/v2\/product_tag?post=26244"}],"curies":[{"name":"wp","href":"https:\/\/api.w.org\/{rel}","templated":true}]}}