{"id":26249,"date":"2026-03-08T07:34:35","date_gmt":"2026-03-08T04:34:35","guid":{"rendered":"https:\/\/www.makitamarket.com.tr\/site\/urun\/factor-fcczt10l-benzinli-tokmak-lc168-65hp\/"},"modified":"2026-04-06T18:14:41","modified_gmt":"2026-04-06T15:14:41","slug":"factor-fcczt10l-benzinli-tokmak-lc168-65hp","status":"publish","type":"product","link":"https:\/\/www.makitamarket.com.tr\/site\/urun\/factor-fcczt10l-benzinli-tokmak-lc168-65hp\/","title":{"rendered":"Factor FCCZT10L BENZ\u0130NL\u0130 TOKMAK LC168 6,5HP"},"content":{"rendered":"<p>BENZ\u0130NL\u0130 TOKMAK LC168 6,5HP<\/p>\n<table>\n<tr>\n<td>Alt Tabla<\/td>\n<td>345 x 285 mm<\/td>\n<\/tr>\n<tr>\n<td>Maks. \u00c7al\u0131\u015fma A\u011f\u0131rl\u0131\u011f\u0131<\/td>\n<td>78 kg<\/td>\n<\/tr>\n<tr>\n<td>Darbe Uzunlu\u011fu<\/td>\n<td>65 mm<\/td>\n<\/tr>\n<tr>\n<td>Motor G\u00fcc\u00fc<\/td>\n<td>5.5 HP<\/td>\n<\/tr>\n<tr>\n<td>Vurma Kuvveti<\/td>\n<td>10 kN<\/td>\n<\/tr>\n<tr>\n<td>Paket A\u011f\u0131rl\u0131\u011f\u0131<\/td>\n<td>88 kg<\/td>\n<\/tr>\n<tr>\n<td>Paket Boyutu (UxGxY)<\/td>\n<td>790 x 490 x 1160 mm<\/td>\n<\/tr>\n<tr>\n<td>Y\u00fcr\u00fcme H\u0131z\u0131 (\u0130leri-Geri)<\/td>\n<td>9\u201312 m\/min<\/td>\n<\/tr>\n<tr>\n<td>Motor Modeli<\/td>\n<td>Loncin 168-2H<\/td>\n<\/tr>\n<tr>\n<td>Vuru\u015f say\u0131s\u0131<\/td>\n<td>450\u2013660 r\/min<\/td>\n<\/tr>\n<\/table>\n","protected":false},"excerpt":{"rendered":"<p>BENZ\u0130NL\u0130 TOKMAK LC168 6,5HP<\/p>\n","protected":false},"featured_media":0,"comment_status":"open","ping_status":"closed","template":"","meta":{"_acf_changed":false},"product_brand":[1494],"product_cat":[1565],"product_tag":[],"class_list":{"0":"post-26249","1":"product","2":"type-product","3":"status-publish","5":"product_brand-factor","6":"product_cat-yok-yok","8":"first","9":"instock","10":"taxable","11":"shipping-taxable","12":"purchasable","13":"product-type-simple","14":"add-to-wishlist-after_add_to_cart"},"acf":[],"_links":{"self":[{"href":"https:\/\/www.makitamarket.com.tr\/site\/wp-json\/wp\/v2\/product\/26249","targetHints":{"allow":["GET"]}}],"collection":[{"href":"https:\/\/www.makitamarket.com.tr\/site\/wp-json\/wp\/v2\/product"}],"about":[{"href":"https:\/\/www.makitamarket.com.tr\/site\/wp-json\/wp\/v2\/types\/product"}],"replies":[{"embeddable":true,"href":"https:\/\/www.makitamarket.com.tr\/site\/wp-json\/wp\/v2\/comments?post=26249"}],"wp:attachment":[{"href":"https:\/\/www.makitamarket.com.tr\/site\/wp-json\/wp\/v2\/media?parent=26249"}],"wp:term":[{"taxonomy":"product_brand","embeddable":true,"href":"https:\/\/www.makitamarket.com.tr\/site\/wp-json\/wp\/v2\/product_brand?post=26249"},{"taxonomy":"product_cat","embeddable":true,"href":"https:\/\/www.makitamarket.com.tr\/site\/wp-json\/wp\/v2\/product_cat?post=26249"},{"taxonomy":"product_tag","embeddable":true,"href":"https:\/\/www.makitamarket.com.tr\/site\/wp-json\/wp\/v2\/product_tag?post=26249"}],"curies":[{"name":"wp","href":"https:\/\/api.w.org\/{rel}","templated":true}]}}