{"id":26253,"date":"2026-03-08T07:37:22","date_gmt":"2026-03-08T04:37:22","guid":{"rendered":"https:\/\/www.makitamarket.com.tr\/site\/urun\/factor-fckgl5000ce-5-kva-benzinli-ipli-marsli-jenerator\/"},"modified":"2026-04-06T18:16:41","modified_gmt":"2026-04-06T15:16:41","slug":"factor-fckgl5000ce-5-kva-benzinli-ipli-marsli-jenerator","status":"publish","type":"product","link":"https:\/\/www.makitamarket.com.tr\/site\/urun\/factor-fckgl5000ce-5-kva-benzinli-ipli-marsli-jenerator\/","title":{"rendered":"Factor FCKGL5000CE 5 KVA BENZ\u0130NL\u0130 \u0130PL\u0130- MAR\u015eLI JENERAT\u00d6R"},"content":{"rendered":"<table>\n<tr>\n<td>Boyutlar<\/td>\n<td>640x490x595 mm<\/td>\n<\/tr>\n<tr>\n<td>Ya\u011f Kapasitesi<\/td>\n<td>0,6 L<\/td>\n<\/tr>\n<tr>\n<td>Ses seviyesi<\/td>\n<td>70 dba-7m<\/td>\n<\/tr>\n<tr>\n<td>Yak\u0131t Deposu Kapasitesi<\/td>\n<td>17 L<\/td>\n<\/tr>\n<tr>\n<td>Motor Modeli<\/td>\n<td>225<\/td>\n<\/tr>\n<tr>\n<td>Motor G\u00fcc\u00fc<\/td>\n<td>7,5 hp<\/td>\n<\/tr>\n<tr>\n<td>Motor tipi<\/td>\n<td>1 silindir \/ hava so\u011futmal\u0131<\/td>\n<\/tr>\n<tr>\n<td>Silindir Hacmi<\/td>\n<td>223 cc<\/td>\n<\/tr>\n<tr>\n<td>\u00c7al\u0131\u015ft\u0131rma \u015eekli<\/td>\n<td>ipli \/ mar\u015fl\u0131<\/td>\n<\/tr>\n<tr>\n<td>A\u011f\u0131rl\u0131k<\/td>\n<td>48 kg<\/td>\n<\/tr>\n<tr>\n<td>G\u00fc\u00e7 Fakt\u00f6r\u00fc<\/td>\n<td>1 \/ 0,8 cos \u03a6<\/td>\n<\/tr>\n<tr>\n<td>Faz Say\u0131s\u0131<\/td>\n<td>1 monofaze<\/td>\n<\/tr>\n<tr>\n<td>S\u00fcrekli \u00c7\u0131k\u0131\u015f Ak\u0131m\u0131 (A)<\/td>\n<td>15,2 a<\/td>\n<\/tr>\n<tr>\n<td>\u00c7\u0131k\u0131\u015f Voltaj\u0131  (V)<\/td>\n<td>230<\/td>\n<\/tr>\n<tr>\n<td>G\u00f6sterge Ekran\u0131<\/td>\n<td>analog<\/td>\n<\/tr>\n<tr>\n<td>Ya\u011f Tipi<\/td>\n<td>15w40<\/td>\n<\/tr>\n<tr>\n<td>Ak\u00fc<\/td>\n<td>var<\/td>\n<\/tr>\n<tr>\n<td>Yak\u0131t Tipi<\/td>\n<td>kur\u015funsuz benzin<\/td>\n<\/tr>\n<tr>\n<td>S\u00fcrekli G\u00fc\u00e7 kW \/ kVA<\/td>\n<td>3,5 \/ 4,38 kw \/ kva<\/td>\n<\/tr>\n<tr>\n<td>Yak\u0131t T\u00fcketimi<\/td>\n<td>1,3 lt\/saat<\/td>\n<\/tr>\n<tr>\n<td>Frekans<\/td>\n<td>50 hz<\/td>\n<\/tr>\n<tr>\n<td>Maksimum G\u00fc\u00e7 kW \/ kVA<\/td>\n<td>3,8 \/ 3,5 kw \/ kva<\/td>\n<\/tr>\n<tr>\n<td>Sar\u0131m<\/td>\n<td>bak\u0131r sarg\u0131l\u0131<\/td>\n<\/tr>\n<\/table>\n","protected":false},"excerpt":{"rendered":"<p>Boyutlar 640x490x595 mm Ya\u011f Kapasitesi 0,6 L Ses seviyesi 70 dba-7m Yak\u0131t Deposu Kapasitesi 17 L Motor Modeli 225 Motor G\u00fcc\u00fc 7,5 hp Motor tipi 1 silindir \/ hava so\u011futmal\u0131<\/p>\n","protected":false},"featured_media":0,"comment_status":"open","ping_status":"closed","template":"","meta":{"_acf_changed":false},"product_brand":[1494],"product_cat":[1565],"product_tag":[],"class_list":{"0":"post-26253","1":"product","2":"type-product","3":"status-publish","5":"product_brand-factor","6":"product_cat-yok-yok","8":"first","9":"outofstock","10":"taxable","11":"shipping-taxable","12":"purchasable","13":"product-type-simple","14":"add-to-wishlist-after_add_to_cart"},"acf":[],"_links":{"self":[{"href":"https:\/\/www.makitamarket.com.tr\/site\/wp-json\/wp\/v2\/product\/26253","targetHints":{"allow":["GET"]}}],"collection":[{"href":"https:\/\/www.makitamarket.com.tr\/site\/wp-json\/wp\/v2\/product"}],"about":[{"href":"https:\/\/www.makitamarket.com.tr\/site\/wp-json\/wp\/v2\/types\/product"}],"replies":[{"embeddable":true,"href":"https:\/\/www.makitamarket.com.tr\/site\/wp-json\/wp\/v2\/comments?post=26253"}],"wp:attachment":[{"href":"https:\/\/www.makitamarket.com.tr\/site\/wp-json\/wp\/v2\/media?parent=26253"}],"wp:term":[{"taxonomy":"product_brand","embeddable":true,"href":"https:\/\/www.makitamarket.com.tr\/site\/wp-json\/wp\/v2\/product_brand?post=26253"},{"taxonomy":"product_cat","embeddable":true,"href":"https:\/\/www.makitamarket.com.tr\/site\/wp-json\/wp\/v2\/product_cat?post=26253"},{"taxonomy":"product_tag","embeddable":true,"href":"https:\/\/www.makitamarket.com.tr\/site\/wp-json\/wp\/v2\/product_tag?post=26253"}],"curies":[{"name":"wp","href":"https:\/\/api.w.org\/{rel}","templated":true}]}}