{"id":26278,"date":"2026-03-23T05:24:59","date_gmt":"2026-03-23T02:24:59","guid":{"rendered":"https:\/\/www.makitamarket.com.tr\/site\/urun\/makita-b-10447-dekupaj-testere-bicagi-metal-b-33\/"},"modified":"2026-04-06T16:55:07","modified_gmt":"2026-04-06T13:55:07","slug":"makita-b-10447-dekupaj-testere-bicagi-metal-b-33","status":"publish","type":"product","link":"https:\/\/www.makitamarket.com.tr\/site\/urun\/makita-b-10447-dekupaj-testere-bicagi-metal-b-33\/","title":{"rendered":"Makita B-10447 DEKUPAJ TESTERE BI\u00c7A\u011eI &#8211; METAL B &#8211; 33"},"content":{"rendered":"<p>\n\tOrta kal\u0131nl\u0131kta metal plaka, boru ve profil malzemelerin kesimi i\u00e7in kullan\u0131l\u0131r.<\/p>\n<p>\n\tAl\u00fcminyum ve plastik kesiminde de kullan\u0131l\u0131r.<\/p>\n<table>\n<tr>\n<td>Uzunda \u00c7al\u0131\u015fma<\/td>\n<td>107<\/td>\n<\/tr>\n<tr>\n<td>Plastik Kesim<\/td>\n<td>65\u00d8<\/td>\n<\/tr>\n<tr>\n<td>Al\u00fcminyum Kesim<\/td>\n<td>65\u00d8<\/td>\n<\/tr>\n<tr>\n<td>Yumu\u015fak \u00c7elik Kesim<\/td>\n<td>2 &#8211; 3<\/td>\n<\/tr>\n<tr>\n<td>\u0130nch Ba\u015f\u0131 Di\u015f<\/td>\n<td>14<\/td>\n<\/tr>\n<tr>\n<td>B\u0131\u00e7ak Materyali<\/td>\n<td>HSS<\/td>\n<\/tr>\n<\/table>\n","protected":false},"excerpt":{"rendered":"<p>\n\tOrta kal\u0131nl\u0131kta metal plaka, boru ve profil malzemelerin kesimi i\u00e7in kullan\u0131l\u0131r.<\/p>\n<p>\n\tAl\u00fcminyum ve plastik kesiminde de kullan\u0131l\u0131r.<\/p>\n","protected":false},"featured_media":26277,"comment_status":"open","ping_status":"closed","template":"","meta":{"_acf_changed":false},"product_brand":[1485],"product_cat":[1204],"product_tag":[],"class_list":{"0":"post-26278","1":"product","2":"type-product","3":"status-publish","4":"has-post-thumbnail","6":"product_brand-makita","7":"product_cat-b-tipi-kama-tipi-bicaklar","9":"first","10":"outofstock","11":"taxable","12":"shipping-taxable","13":"purchasable","14":"product-type-simple","15":"add-to-wishlist-after_add_to_cart"},"acf":[],"_links":{"self":[{"href":"https:\/\/www.makitamarket.com.tr\/site\/wp-json\/wp\/v2\/product\/26278","targetHints":{"allow":["GET"]}}],"collection":[{"href":"https:\/\/www.makitamarket.com.tr\/site\/wp-json\/wp\/v2\/product"}],"about":[{"href":"https:\/\/www.makitamarket.com.tr\/site\/wp-json\/wp\/v2\/types\/product"}],"replies":[{"embeddable":true,"href":"https:\/\/www.makitamarket.com.tr\/site\/wp-json\/wp\/v2\/comments?post=26278"}],"wp:featuredmedia":[{"embeddable":true,"href":"https:\/\/www.makitamarket.com.tr\/site\/wp-json\/wp\/v2\/media\/26277"}],"wp:attachment":[{"href":"https:\/\/www.makitamarket.com.tr\/site\/wp-json\/wp\/v2\/media?parent=26278"}],"wp:term":[{"taxonomy":"product_brand","embeddable":true,"href":"https:\/\/www.makitamarket.com.tr\/site\/wp-json\/wp\/v2\/product_brand?post=26278"},{"taxonomy":"product_cat","embeddable":true,"href":"https:\/\/www.makitamarket.com.tr\/site\/wp-json\/wp\/v2\/product_cat?post=26278"},{"taxonomy":"product_tag","embeddable":true,"href":"https:\/\/www.makitamarket.com.tr\/site\/wp-json\/wp\/v2\/product_tag?post=26278"}],"curies":[{"name":"wp","href":"https:\/\/api.w.org\/{rel}","templated":true}]}}