{"id":26284,"date":"2026-03-23T06:43:02","date_gmt":"2026-03-23T03:43:02","guid":{"rendered":"https:\/\/www.makitamarket.com.tr\/site\/urun\/makita-dhp490sfj-makita-dhp490sfj-akulu-darbeli-matkap-18v\/"},"modified":"2026-04-06T18:31:55","modified_gmt":"2026-04-06T15:31:55","slug":"makita-dhp490sfj-makita-dhp490sfj-akulu-darbeli-matkap-18v","status":"publish","type":"product","link":"https:\/\/www.makitamarket.com.tr\/site\/urun\/makita-dhp490sfj-makita-dhp490sfj-akulu-darbeli-matkap-18v\/","title":{"rendered":"Makita DHP490SFJ MAKITA DHP490SFJ AK\u00dcL\u00dc DARBEL\u0130 MATKAP 18V"},"content":{"rendered":"<p><strong class=\"red-title\" style=\"font-size: 16px;\">A\u00e7\u0131klama:<\/strong> <span><\/p>\n<p><\/p>\n<p><\/span><strong class=\"red-title\" style=\"font-size: 16px;\">Kullan\u0131m Amac\u0131:<\/strong> <span><\/p>\n<p><\/p>\n<p><\/span><strong class=\"red-title\" style=\"font-size: 16px;\">\u00d6zellikler:<\/strong> <span><\/p>\n<p><\/p>\n<p><\/span><strong class=\"red-title\" style=\"font-size: 16px;\">Paket \u0130\u00e7eri\u011fi:<\/strong> <span><\/p>\n<p><\/p>\n<p><\/span><\/p>\n<table><\/table>\n","protected":false},"excerpt":{"rendered":"<p><strong class=\"red-title\" style=\"font-size: 16px;\">A\u00e7\u0131klama:<\/strong> <span><\/p>\n<p><\/p>\n<p><\/span><strong class=\"red-title\" style=\"font-size: 16px;\">Kullan\u0131m Amac\u0131:<\/strong> <span><\/p>\n<p><\/p>\n<p><\/span><strong class=\"red-title\" style=\"font-size: 16px;\">\u00d6zellikler:<\/strong> <span><\/p>\n<p><\/p>\n<p><\/span><strong class=\"red-title\" style=\"font-size: 16px;\">Paket \u0130\u00e7eri\u011fi:<\/strong> <span><\/p>\n<p><\/p>\n<p><\/span><\/p>\n","protected":false},"featured_media":0,"comment_status":"open","ping_status":"closed","template":"","meta":{"_acf_changed":false},"product_brand":[1485],"product_cat":[1565],"product_tag":[],"class_list":{"0":"post-26284","1":"product","2":"type-product","3":"status-publish","5":"product_brand-makita","6":"product_cat-yok-yok","8":"first","9":"instock","10":"taxable","11":"shipping-taxable","12":"purchasable","13":"product-type-simple","14":"add-to-wishlist-after_add_to_cart"},"acf":[],"_links":{"self":[{"href":"https:\/\/www.makitamarket.com.tr\/site\/wp-json\/wp\/v2\/product\/26284","targetHints":{"allow":["GET"]}}],"collection":[{"href":"https:\/\/www.makitamarket.com.tr\/site\/wp-json\/wp\/v2\/product"}],"about":[{"href":"https:\/\/www.makitamarket.com.tr\/site\/wp-json\/wp\/v2\/types\/product"}],"replies":[{"embeddable":true,"href":"https:\/\/www.makitamarket.com.tr\/site\/wp-json\/wp\/v2\/comments?post=26284"}],"wp:attachment":[{"href":"https:\/\/www.makitamarket.com.tr\/site\/wp-json\/wp\/v2\/media?parent=26284"}],"wp:term":[{"taxonomy":"product_brand","embeddable":true,"href":"https:\/\/www.makitamarket.com.tr\/site\/wp-json\/wp\/v2\/product_brand?post=26284"},{"taxonomy":"product_cat","embeddable":true,"href":"https:\/\/www.makitamarket.com.tr\/site\/wp-json\/wp\/v2\/product_cat?post=26284"},{"taxonomy":"product_tag","embeddable":true,"href":"https:\/\/www.makitamarket.com.tr\/site\/wp-json\/wp\/v2\/product_tag?post=26284"}],"curies":[{"name":"wp","href":"https:\/\/api.w.org\/{rel}","templated":true}]}}