{"id":26300,"date":"2026-03-30T11:49:38","date_gmt":"2026-03-30T08:49:38","guid":{"rendered":"https:\/\/www.makitamarket.com.tr\/site\/urun\/uni-t-lm100a-lazer-metre\/"},"modified":"2026-04-06T18:37:53","modified_gmt":"2026-04-06T15:37:53","slug":"uni-t-lm100a-lazer-metre","status":"publish","type":"product","link":"https:\/\/www.makitamarket.com.tr\/site\/urun\/uni-t-lm100a-lazer-metre\/","title":{"rendered":"Uni-t LM100A LAZER METRE"},"content":{"rendered":"<table>\n<tr>\n<td>Hacim<\/td>\n<td>\u221a<\/td>\n<\/tr>\n<tr>\n<td>Hassasiyet<\/td>\n<td>\u00b12mm+5 x 10 D<\/td>\n<\/tr>\n<tr>\n<td>G\u00fc\u00e7<\/td>\n<td>1.5V Pil (LR03) x 2<\/td>\n<\/tr>\n<tr>\n<td>\u00d6l\u00e7\u00fcm Birimleri<\/td>\n<td>m\/ft\/in<\/td>\n<\/tr>\n<tr>\n<td>\u00c7al\u0131\u015fma S\u0131cakl\u0131\u011f\u0131<\/td>\n<td>\u00b0C ~ 40\u00b0C<\/td>\n<\/tr>\n<tr>\n<td>Min. G\u00f6r\u00fcnt\u00fcleme<\/td>\n<td>0.001m<\/td>\n<\/tr>\n<tr>\n<td>Pisagor<\/td>\n<td>\u221a<\/td>\n<\/tr>\n<tr>\n<td>Otomatik Kapama<\/td>\n<td>\u00c7al\u0131\u015fmadan 3 Dk.<\/td>\n<\/tr>\n<tr>\n<td>Maks.\/Min.\/Alan<\/td>\n<td>\u221a<\/td>\n<\/tr>\n<tr>\n<td>Ekleme\/\u00c7\u0131kartma<\/td>\n<td>\u221a<\/td>\n<\/tr>\n<tr>\n<td>Otomatik Lazer Kapama<\/td>\n<td>\u00c7al\u0131\u015fmadan 30 Sn.<\/td>\n<\/tr>\n<tr>\n<td>S\u00fcrekli \u00d6l\u00e7\u00fcm<\/td>\n<td>\u221a<\/td>\n<\/tr>\n<tr>\n<td>Kendi Kendine Kalibre<\/td>\n<td>\u221a<\/td>\n<\/tr>\n<tr>\n<td>Ekran tipi<\/td>\n<td>LCD<\/td>\n<\/tr>\n<tr>\n<td>\u00d6l\u00e7\u00fcm Mesafesi<\/td>\n<td>100m<\/td>\n<\/tr>\n<tr>\n<td>Tek \u00d6l\u00e7\u00fcm<\/td>\n<td>\u221a<\/td>\n<\/tr>\n<tr>\n<td>Veri Depolama<\/td>\n<td>99<\/td>\n<\/tr>\n<\/table>\n","protected":false},"excerpt":{"rendered":"<p>Hacim \u221a Hassasiyet \u00b12mm+5 x 10 D G\u00fc\u00e7 1.5V Pil (LR03) x 2 \u00d6l\u00e7\u00fcm Birimleri m\/ft\/in \u00c7al\u0131\u015fma S\u0131cakl\u0131\u011f\u0131 \u00b0C ~ 40\u00b0C Min. G\u00f6r\u00fcnt\u00fcleme 0.001m Pisagor \u221a Otomatik Kapama \u00c7al\u0131\u015fmadan 3<\/p>\n","protected":false},"featured_media":0,"comment_status":"open","ping_status":"closed","template":"","meta":{"_acf_changed":false},"product_brand":[1531],"product_cat":[1565],"product_tag":[],"class_list":{"0":"post-26300","1":"product","2":"type-product","3":"status-publish","5":"product_brand-uni-t","6":"product_cat-yok-yok","8":"first","9":"outofstock","10":"taxable","11":"shipping-taxable","12":"purchasable","13":"product-type-simple","14":"add-to-wishlist-after_add_to_cart"},"acf":[],"_links":{"self":[{"href":"https:\/\/www.makitamarket.com.tr\/site\/wp-json\/wp\/v2\/product\/26300","targetHints":{"allow":["GET"]}}],"collection":[{"href":"https:\/\/www.makitamarket.com.tr\/site\/wp-json\/wp\/v2\/product"}],"about":[{"href":"https:\/\/www.makitamarket.com.tr\/site\/wp-json\/wp\/v2\/types\/product"}],"replies":[{"embeddable":true,"href":"https:\/\/www.makitamarket.com.tr\/site\/wp-json\/wp\/v2\/comments?post=26300"}],"wp:attachment":[{"href":"https:\/\/www.makitamarket.com.tr\/site\/wp-json\/wp\/v2\/media?parent=26300"}],"wp:term":[{"taxonomy":"product_brand","embeddable":true,"href":"https:\/\/www.makitamarket.com.tr\/site\/wp-json\/wp\/v2\/product_brand?post=26300"},{"taxonomy":"product_cat","embeddable":true,"href":"https:\/\/www.makitamarket.com.tr\/site\/wp-json\/wp\/v2\/product_cat?post=26300"},{"taxonomy":"product_tag","embeddable":true,"href":"https:\/\/www.makitamarket.com.tr\/site\/wp-json\/wp\/v2\/product_tag?post=26300"}],"curies":[{"name":"wp","href":"https:\/\/api.w.org\/{rel}","templated":true}]}}