{"id":26301,"date":"2026-03-30T11:50:20","date_gmt":"2026-03-30T08:50:20","guid":{"rendered":"https:\/\/www.makitamarket.com.tr\/site\/urun\/uni-t-ut136c-dijital-multimetre\/"},"modified":"2026-03-30T11:50:20","modified_gmt":"2026-03-30T08:50:20","slug":"uni-t-ut136c-dijital-multimetre","status":"publish","type":"product","link":"https:\/\/www.makitamarket.com.tr\/site\/urun\/uni-t-ut136c-dijital-multimetre\/","title":{"rendered":"Uni-t UT136C+ Dijital Multimetre"},"content":{"rendered":"<p>\u2022 3mm kal\u0131nl\u0131\u011f\u0131nda koruma kab\u0131 sayesinde d\u00fc\u015fme ve 2 metreye kadar suya dayan\u0131kl\u0131l\u0131k<\/p>\n<p>\u2022 4 saniyede yenilenebilen geni\u015f LCD ekran<\/p>\n<p>\u2022 Tam aral\u0131k korumas\u0131: 1kV voltaj \u00e7arpmas\u0131na kar\u015f\u0131 a\u015f\u0131r\u0131 y\u00fck alarm\u0131 ile korumal\u0131d\u0131r<\/p>\n<p>\u2022 H\u0131zl\u0131 yan\u0131t oran\u0131<\/p>\n<p>\u2022 D\u00fc\u015f\u00fck batarya t\u00fcketimi<\/p>\n<table>\n<tr>\n<td>Otomatik Menzil<\/td>\n<td>\u221a<\/td>\n<\/tr>\n<tr>\n<td>DC Ak\u0131m<\/td>\n<td>400mV\/4V\/40V\/400V\/1000V \u00b1(0.5%+2<\/td>\n<\/tr>\n<tr>\n<td>AC Voltaj<\/td>\n<td>400mV\/4V\/40V\/400V\/1000V \u00b1(0.7%+3)<\/td>\n<\/tr>\n<tr>\n<td>S\u0131cakl\u0131k<\/td>\n<td>-40\u02daC~1000\u02daC \u00b14\u02daC<\/td>\n<\/tr>\n<tr>\n<td>Diren\u00e7 (\u2126)<\/td>\n<td>400\u03a9\/4k\u03a9\/40k\u03a9\/400k\u03a9\/ 4M\u03a9\/40M\u03a9 \u00b1(0.8%+2)<\/td>\n<\/tr>\n<tr>\n<td>G\u00fcvenlik derecesi<\/td>\n<td>CAT II 1000V<\/td>\n<\/tr>\n<tr>\n<td>Kapasitans<\/td>\n<td>4nF\/40nF\/400nF\/4\u03bcF\/40\u03bcF \/400\u03bcF\/4mF\/40mF \u00b110%<\/td>\n<\/tr>\n<tr>\n<td>Prob tutucu<\/td>\n<td>\u221a<\/td>\n<\/tr>\n<tr>\n<td>Otomatik Kapanma<\/td>\n<td>\u221a<\/td>\n<\/tr>\n<tr>\n<td>Frekans<\/td>\n<td>400Hz~40MHz \u00b1(0.1%+4)<\/td>\n<\/tr>\n<tr>\n<td>AC Ak\u0131m<\/td>\n<td>400uA\/4000uA\/40mA\/ 400mA\/4A\/10A \u00b1(1.5%+5)<\/td>\n<\/tr>\n<tr>\n<td>DC Ak\u0131m<\/td>\n<td>400uA\/4000uA\/40mA\/ 400mA\/4A\/10A \u00b1(1.0%+3)<\/td>\n<\/tr>\n<tr>\n<td>A\u015f\u0131r\u0131 y\u00fck alarm\u0131<\/td>\n<td>\u221a<\/td>\n<\/tr>\n<tr>\n<td>Ekran I\u015f\u0131\u011f\u0131<\/td>\n<td>\u221a<\/td>\n<\/tr>\n<tr>\n<td>Diyot<\/td>\n<td>\u221a<\/td>\n<\/tr>\n<tr>\n<td>Koruma Kal\u0131nl\u0131\u011f\u0131<\/td>\n<td>3.0mm<\/td>\n<\/tr>\n<\/table>\n","protected":false},"excerpt":{"rendered":"<p>\u2022 3mm kal\u0131nl\u0131\u011f\u0131nda koruma kab\u0131 sayesinde d\u00fc\u015fme ve 2 metreye kadar suya dayan\u0131kl\u0131l\u0131k<\/p>\n<p>\u2022 4 saniyede yenilenebilen geni\u015f LCD ekran<\/p>\n<p>\u2022 Tam aral\u0131k korumas\u0131: 1kV voltaj \u00e7arpmas\u0131na kar\u015f\u0131 a\u015f\u0131r\u0131 y\u00fck alarm\u0131 ile korumal\u0131d\u0131r<\/p>\n<p>\u2022 H\u0131zl\u0131 yan\u0131t oran\u0131<\/p>\n<p>\u2022 D\u00fc\u015f\u00fck batarya t\u00fcketimi<\/p>\n","protected":false},"featured_media":0,"comment_status":"open","ping_status":"closed","template":"","meta":{"_acf_changed":false},"product_brand":[],"product_cat":[1565],"product_tag":[],"class_list":{"0":"post-26301","1":"product","2":"type-product","3":"status-publish","5":"product_cat-yok-yok","7":"first","8":"outofstock","9":"taxable","10":"shipping-taxable","11":"purchasable","12":"product-type-simple","13":"add-to-wishlist-after_add_to_cart"},"acf":[],"_links":{"self":[{"href":"https:\/\/www.makitamarket.com.tr\/site\/wp-json\/wp\/v2\/product\/26301","targetHints":{"allow":["GET"]}}],"collection":[{"href":"https:\/\/www.makitamarket.com.tr\/site\/wp-json\/wp\/v2\/product"}],"about":[{"href":"https:\/\/www.makitamarket.com.tr\/site\/wp-json\/wp\/v2\/types\/product"}],"replies":[{"embeddable":true,"href":"https:\/\/www.makitamarket.com.tr\/site\/wp-json\/wp\/v2\/comments?post=26301"}],"wp:attachment":[{"href":"https:\/\/www.makitamarket.com.tr\/site\/wp-json\/wp\/v2\/media?parent=26301"}],"wp:term":[{"taxonomy":"product_brand","embeddable":true,"href":"https:\/\/www.makitamarket.com.tr\/site\/wp-json\/wp\/v2\/product_brand?post=26301"},{"taxonomy":"product_cat","embeddable":true,"href":"https:\/\/www.makitamarket.com.tr\/site\/wp-json\/wp\/v2\/product_cat?post=26301"},{"taxonomy":"product_tag","embeddable":true,"href":"https:\/\/www.makitamarket.com.tr\/site\/wp-json\/wp\/v2\/product_tag?post=26301"}],"curies":[{"name":"wp","href":"https:\/\/api.w.org\/{rel}","templated":true}]}}