{"id":26302,"date":"2026-03-30T11:50:21","date_gmt":"2026-03-30T08:50:21","guid":{"rendered":"https:\/\/www.makitamarket.com.tr\/site\/urun\/uni-t-ut201-dijital-true-rms-pens-ampermetre\/"},"modified":"2026-03-30T11:50:21","modified_gmt":"2026-03-30T08:50:21","slug":"uni-t-ut201-dijital-true-rms-pens-ampermetre","status":"publish","type":"product","link":"https:\/\/www.makitamarket.com.tr\/site\/urun\/uni-t-ut201-dijital-true-rms-pens-ampermetre\/","title":{"rendered":"Uni-t UT201+ Dijital True RMS Pens Ampermetre"},"content":{"rendered":"<table>\n<tr>\n<td>AC Voltaj Frekans Yan\u0131t\u0131<\/td>\n<td>10 Hz ~ 10kHz<\/td>\n<\/tr>\n<tr>\n<td>G\u00f6r\u00fcnt\u00fcleme alan\u0131<\/td>\n<td>37mm x 25mm<\/td>\n<\/tr>\n<tr>\n<td>AC Ak\u0131m Frekans Yan\u0131t\u0131<\/td>\n<td>50Hz 100Hz<\/td>\n<\/tr>\n<tr>\n<td>Boyutlar<\/td>\n<td>215mm x 63mm x 36mm<\/td>\n<\/tr>\n<tr>\n<td>Diren\u00e7 (\u2126)<\/td>\n<td>40Mohm &#8211; 60Mohm<\/td>\n<\/tr>\n<tr>\n<td>Net A\u011f\u0131rl\u0131k<\/td>\n<td>248g<\/td>\n<\/tr>\n<tr>\n<td>\u00c7ene A\u00e7\u0131l\u0131m\u0131<\/td>\n<td>28mm<\/td>\n<\/tr>\n<tr>\n<td>Ekran tipi<\/td>\n<td>4000<\/td>\n<\/tr>\n<tr>\n<td>Veri tutma<\/td>\n<td>var<\/td>\n<\/tr>\n<tr>\n<td>\u00dcr\u00fcn Rengi<\/td>\n<td>K\u0131rm\u0131z\u0131 ve gri<\/td>\n<\/tr>\n<tr>\n<td>DC Voltaj (V)<\/td>\n<td>600V<\/td>\n<\/tr>\n<tr>\n<td>AC Voltaj (V)<\/td>\n<td>600V<\/td>\n<\/tr>\n<tr>\n<td>Otomatik Kapanma<\/td>\n<td>var<\/td>\n<\/tr>\n<tr>\n<td>Diyot<\/td>\n<td>var<\/td>\n<\/tr>\n<tr>\n<td>True RMS<\/td>\n<td>var <\/td>\n<\/tr>\n<tr>\n<td>AC Ak\u0131m (A)<\/td>\n<td>400A<\/td>\n<\/tr>\n<tr>\n<td>G\u00fc\u00e7<\/td>\n<td>1,5 V pil (R03) x 2<\/td>\n<\/tr>\n<\/table>\n","protected":false},"excerpt":{"rendered":"<p>AC Voltaj Frekans Yan\u0131t\u0131 10 Hz ~ 10kHz G\u00f6r\u00fcnt\u00fcleme alan\u0131 37mm x 25mm AC Ak\u0131m Frekans Yan\u0131t\u0131 50Hz 100Hz Boyutlar 215mm x 63mm x 36mm Diren\u00e7 (\u2126) 40Mohm &#8211; 60Mohm<\/p>\n","protected":false},"featured_media":0,"comment_status":"open","ping_status":"closed","template":"","meta":{"_acf_changed":false},"product_brand":[],"product_cat":[1565],"product_tag":[],"class_list":{"0":"post-26302","1":"product","2":"type-product","3":"status-publish","5":"product_cat-yok-yok","7":"first","8":"outofstock","9":"taxable","10":"shipping-taxable","11":"purchasable","12":"product-type-simple","13":"add-to-wishlist-after_add_to_cart"},"acf":[],"_links":{"self":[{"href":"https:\/\/www.makitamarket.com.tr\/site\/wp-json\/wp\/v2\/product\/26302","targetHints":{"allow":["GET"]}}],"collection":[{"href":"https:\/\/www.makitamarket.com.tr\/site\/wp-json\/wp\/v2\/product"}],"about":[{"href":"https:\/\/www.makitamarket.com.tr\/site\/wp-json\/wp\/v2\/types\/product"}],"replies":[{"embeddable":true,"href":"https:\/\/www.makitamarket.com.tr\/site\/wp-json\/wp\/v2\/comments?post=26302"}],"wp:attachment":[{"href":"https:\/\/www.makitamarket.com.tr\/site\/wp-json\/wp\/v2\/media?parent=26302"}],"wp:term":[{"taxonomy":"product_brand","embeddable":true,"href":"https:\/\/www.makitamarket.com.tr\/site\/wp-json\/wp\/v2\/product_brand?post=26302"},{"taxonomy":"product_cat","embeddable":true,"href":"https:\/\/www.makitamarket.com.tr\/site\/wp-json\/wp\/v2\/product_cat?post=26302"},{"taxonomy":"product_tag","embeddable":true,"href":"https:\/\/www.makitamarket.com.tr\/site\/wp-json\/wp\/v2\/product_tag?post=26302"}],"curies":[{"name":"wp","href":"https:\/\/api.w.org\/{rel}","templated":true}]}}