{"id":26303,"date":"2026-03-30T11:50:21","date_gmt":"2026-03-30T08:50:21","guid":{"rendered":"https:\/\/www.makitamarket.com.tr\/site\/urun\/uni-t-ut300a-kizilotesi-infrared-termometre\/"},"modified":"2026-03-30T11:50:21","modified_gmt":"2026-03-30T08:50:21","slug":"uni-t-ut300a-kizilotesi-infrared-termometre","status":"publish","type":"product","link":"https:\/\/www.makitamarket.com.tr\/site\/urun\/uni-t-ut300a-kizilotesi-infrared-termometre\/","title":{"rendered":"Uni-t UT300A+ K\u0131z\u0131l\u00f6tesi (Infrared) Termometre"},"content":{"rendered":"<table>\n<tr>\n<td>\u00c7al\u0131\u015fma S\u0131cakl\u0131\u011f\u0131<\/td>\n<td>0\u00b0C~50\u00b0C (32\u00b0F~122\u00b0F)<\/td>\n<\/tr>\n<tr>\n<td>A\u011f\u0131rl\u0131k<\/td>\n<td>146g <\/td>\n<\/tr>\n<tr>\n<td>Tekrarlanabilirlik<\/td>\n<td>1\u00b0C veya %1,0 (2\u00b0F veya %1,0)<\/td>\n<\/tr>\n<tr>\n<td>Tepki S\u00fcresi<\/td>\n<td>500ms (okuman\u0131n %95&#8217;i)<\/td>\n<\/tr>\n<tr>\n<td>D:S Oran\u0131<\/td>\n<td>10:1<\/td>\n<\/tr>\n<tr>\n<td>Spektral yan\u0131t<\/td>\n<td>5.5um~14um<\/td>\n<\/tr>\n<tr>\n<td>S\u0131cakl\u0131k Aral\u0131\u011f\u0131<\/td>\n<td>-20\u00b0C~400\u00b0C (-4\u00b0F~752\u00b0F)<\/td>\n<\/tr>\n<tr>\n<td>D\u00fc\u015fme Testi<\/td>\n<td>1m<\/td>\n<\/tr>\n<tr>\n<td>Lazer G\u00fcc\u00fc<\/td>\n<td>1 mW<\/td>\n<\/tr>\n<tr>\n<td>D\u00fc\u015f\u00fck Pil Uyar\u0131s\u0131<\/td>\n<td>\u221a<\/td>\n<\/tr>\n<tr>\n<td>\u00c7al\u0131\u015fma Nemi<\/td>\n<td>%90 ba\u011f\u0131l nem (yo\u011fu\u015fmas\u0131z)<\/td>\n<\/tr>\n<tr>\n<td>Depolama S\u0131cakl\u0131\u011f\u0131<\/td>\n<td>-20\u00b0C~60\u00b0C (-4\u00b0F~140\u00b0F)<\/td>\n<\/tr>\n<tr>\n<td>Boyutlar<\/td>\n<td>135 x 94 x 36,5 mm<\/td>\n<\/tr>\n<tr>\n<td>Veri tutma<\/td>\n<td>\u221a<\/td>\n<\/tr>\n<tr>\n<td>Lazer Tipi<\/td>\n<td>\u221a<\/td>\n<\/tr>\n<tr>\n<td>Otomatik Kapanma<\/td>\n<td>8&#8217;ler<\/td>\n<\/tr>\n<tr>\n<td>Emissivite<\/td>\n<td>0.95<\/td>\n<\/tr>\n<\/table>\n","protected":false},"excerpt":{"rendered":"<p>\u00c7al\u0131\u015fma S\u0131cakl\u0131\u011f\u0131 0\u00b0C~50\u00b0C (32\u00b0F~122\u00b0F) A\u011f\u0131rl\u0131k 146g Tekrarlanabilirlik 1\u00b0C veya %1,0 (2\u00b0F veya %1,0) Tepki S\u00fcresi 500ms (okuman\u0131n %95&#8217;i) D:S Oran\u0131 10:1 Spektral yan\u0131t 5.5um~14um S\u0131cakl\u0131k Aral\u0131\u011f\u0131 -20\u00b0C~400\u00b0C (-4\u00b0F~752\u00b0F) D\u00fc\u015fme Testi<\/p>\n","protected":false},"featured_media":0,"comment_status":"open","ping_status":"closed","template":"","meta":{"_acf_changed":false},"product_brand":[],"product_cat":[1565],"product_tag":[],"class_list":{"0":"post-26303","1":"product","2":"type-product","3":"status-publish","5":"product_cat-yok-yok","7":"first","8":"instock","9":"taxable","10":"shipping-taxable","11":"purchasable","12":"product-type-simple","13":"add-to-wishlist-after_add_to_cart"},"acf":[],"_links":{"self":[{"href":"https:\/\/www.makitamarket.com.tr\/site\/wp-json\/wp\/v2\/product\/26303","targetHints":{"allow":["GET"]}}],"collection":[{"href":"https:\/\/www.makitamarket.com.tr\/site\/wp-json\/wp\/v2\/product"}],"about":[{"href":"https:\/\/www.makitamarket.com.tr\/site\/wp-json\/wp\/v2\/types\/product"}],"replies":[{"embeddable":true,"href":"https:\/\/www.makitamarket.com.tr\/site\/wp-json\/wp\/v2\/comments?post=26303"}],"wp:attachment":[{"href":"https:\/\/www.makitamarket.com.tr\/site\/wp-json\/wp\/v2\/media?parent=26303"}],"wp:term":[{"taxonomy":"product_brand","embeddable":true,"href":"https:\/\/www.makitamarket.com.tr\/site\/wp-json\/wp\/v2\/product_brand?post=26303"},{"taxonomy":"product_cat","embeddable":true,"href":"https:\/\/www.makitamarket.com.tr\/site\/wp-json\/wp\/v2\/product_cat?post=26303"},{"taxonomy":"product_tag","embeddable":true,"href":"https:\/\/www.makitamarket.com.tr\/site\/wp-json\/wp\/v2\/product_tag?post=26303"}],"curies":[{"name":"wp","href":"https:\/\/api.w.org\/{rel}","templated":true}]}}